{"id":54377,"date":"2020-04-03T08:11:45","date_gmt":"2020-04-03T08:11:45","guid":{"rendered":"https:\/\/owncloud.com\/get-started\/"},"modified":"2024-02-23T07:39:28","modified_gmt":"2024-02-23T07:39:28","slug":"loslegen","status":"publish","type":"page","link":"https:\/\/owncloud.com\/de\/loslegen\/","title":{"rendered":"Loslegen"},"content":{"rendered":"<p>[et_pb_section fb_built=&#8220;1&#8243; _builder_version=&#8220;4.16&#8243; background_color=&#8220;#041e42&#8243; background_image=&#8220;https:\/\/owncloud.com\/wp-content\/uploads\/2020\/07\/BlogHeader.svg&#8220; background_position=&#8220;bottom_left&#8220; custom_padding=&#8220;||210px||false|false&#8220; bottom_divider_style=&#8220;slant&#8220; bottom_divider_color=&#8220;#ffffff&#8220; bottom_divider_flip=&#8220;horizontal&#8220; global_colors_info=&#8220;{}&#8220;][et_pb_row _builder_version=&#8220;4.16&#8243; max_width=&#8220;600px&#8220; custom_margin=&#8220;||||false|false&#8220; custom_padding=&#8220;0px||0px||false|false&#8220; global_colors_info=&#8220;{}&#8220;][et_pb_column type=&#8220;4_4&#8243; _builder_version=&#8220;4.16&#8243; global_colors_info=&#8220;{}&#8220;][et_pb_text _builder_version=&#8220;4.16&#8243; header_text_align=&#8220;center&#8220; text_orientation=&#8220;center&#8220; background_layout=&#8220;dark&#8220; global_colors_info=&#8220;{}&#8220;]<\/p>\n<h1>Ihr Einstieg in ownCloud<\/h1>\n<p>[\/et_pb_text][\/et_pb_column][\/et_pb_row][\/et_pb_section][et_pb_section fb_built=&#8220;1&#8243; _builder_version=&#8220;4.23.4&#8243; background_color=&#8220;RGBA(78,133,200,0.05)&#8220; background_image=&#8220;https:\/\/owncloud.com\/wp-content\/uploads\/2020\/07\/BlogHeader.svg&#8220; locked=&#8220;off&#8220; global_colors_info=&#8220;{}&#8220;][et_pb_row column_structure=&#8220;1_5,3_5,1_5&#8243; _builder_version=&#8220;4.16&#8243; global_colors_info=&#8220;{}&#8220;][et_pb_column type=&#8220;1_5&#8243; _builder_version=&#8220;4.16&#8243; global_colors_info=&#8220;{}&#8220;][\/et_pb_column][et_pb_column type=&#8220;3_5&#8243; _builder_version=&#8220;4.16&#8243; global_colors_info=&#8220;{}&#8220;][et_pb_text _builder_version=&#8220;4.23.4&#8243; _module_preset=&#8220;default&#8220; global_colors_info=&#8220;{}&#8220;]<\/p>\n<p style=\"text-align: center;\">Wir freuen uns \u00fcber Ihr Interesse. Schreiben Sie uns eine Nachricht und wir melden uns umgehend bei Ihnen.\u00a0<\/p>\n<p>[\/et_pb_text][\/et_pb_column][et_pb_column type=&#8220;1_5&#8243; _builder_version=&#8220;4.16&#8243; global_colors_info=&#8220;{}&#8220;][\/et_pb_column][\/et_pb_row][et_pb_row _builder_version=&#8220;4.24.2&#8243; _module_preset=&#8220;default&#8220; hover_enabled=&#8220;0&#8243; global_colors_info=&#8220;{}&#8220; sticky_enabled=&#8220;0&#8243;][et_pb_column type=&#8220;4_4&#8243; _builder_version=&#8220;4.16&#8243; _module_preset=&#8220;default&#8220; global_colors_info=&#8220;{}&#8220;][et_pb_accordion module_class=&#8220;accordion-closed&#8220; _builder_version=&#8220;4.24.2&#8243; _module_preset=&#8220;default&#8220; max_width=&#8220;800px&#8220; module_alignment=&#8220;center&#8220; hover_enabled=&#8220;0&#8243; global_colors_info=&#8220;{}&#8220; sticky_enabled=&#8220;0&#8243;][et_pb_accordion_item title=&#8220;Ich m\u00f6chte eine Demo&#8220; open=&#8220;on&#8220; _builder_version=&#8220;4.24.2&#8243; _module_preset=&#8220;default&#8220; hover_enabled=&#8220;0&#8243; global_colors_info=&#8220;{}&#8220; sticky_enabled=&#8220;0&#8243;]<\/p>\n<p>\n<script charset=\"utf-8\" type=\"text\/javascript\" src=\"\/\/js.hsforms.net\/forms\/embed\/v2.js\"><\/script><br \/>\n<script>\n  hbspt.forms.create({\n    region: \"na1\",\n    portalId: \"4067630\",\n    formId: \"1acf0680-32bf-4c1c-9f6c-13c70c206017\"\n  });\n<\/script>\n<\/p>\n<p>[\/et_pb_accordion_item][et_pb_accordion_item title=&#8220;Ich habe eine Kontaktanfrage&#8220; _builder_version=&#8220;4.24.2&#8243; _module_preset=&#8220;default&#8220; hover_enabled=&#8220;0&#8243; global_colors_info=&#8220;{}&#8220; content__hover_enabled=&#8220;off|desktop&#8220; content__hover=&#8220;<\/p>\n<p>%91mkto_form id=%222247%22 ui=%22light%22%93<\/p>\n<p>&#8220; open=&#8220;off&#8220; sticky_enabled=&#8220;0&#8243;]<script charset=\"utf-8\" type=\"text\/javascript\" src=\"\/\/js.hsforms.net\/forms\/embed\/v2.js\"><\/script><br \/>\n<script>\n  hbspt.forms.create({\n    region: \"na1\",\n    portalId: \"4067630\",\n    formId: \"a81cf511-d28e-41d9-b7f5-8ade6d62d93d\"\n  });\n<\/script>[\/et_pb_accordion_item][\/et_pb_accordion][\/et_pb_column][\/et_pb_row][\/et_pb_section][et_pb_section fb_built=&#8220;1&#8243; _builder_version=&#8220;4.16&#8243; background_color=&#8220;rgba(78,133,200,0.05)&#8220; border_width_top=&#8220;1px&#8220; border_color_top=&#8220;rgba(78,133,200,0.1)&#8220; box_shadow_style=&#8220;preset6&#8243; box_shadow_color=&#8220;rgba(78,133,200,0.16)&#8220; global_colors_info=&#8220;{}&#8220;][et_pb_row column_structure=&#8220;1_3,1_3,1_3&#8243; use_custom_gutter=&#8220;on&#8220; gutter_width=&#8220;2&#8243; make_equal=&#8220;on&#8220; _builder_version=&#8220;4.16&#8243; min_height=&#8220;240px&#8220; global_colors_info=&#8220;{}&#8220;][et_pb_column type=&#8220;1_3&#8243; _builder_version=&#8220;4.16&#8243; background_color=&#8220;#ffffff&#8220; custom_padding=&#8220;30px|30px|30px|30px|false|false&#8220; link_option_url=&#8220;https:\/\/doc.owncloud.com&#8220; link_option_url_new_window=&#8220;on&#8220; custom_css_main_element=&#8220;align-items: center;||display: flex;||justify-content: center;||flex-direction: column;||min-height: 150px\t&#8220; border_radii=&#8220;on|5px|5px|5px|5px&#8220; border_width_all=&#8220;1px&#8220; border_color_all=&#8220;#ecebee&#8220; box_shadow_style=&#8220;preset1&#8243; box_shadow_color=&#8220;rgba(78,133,200,0.1)&#8220; global_colors_info=&#8220;{}&#8220; background__hover_enabled=&#8220;on|desktop&#8220; background_color__hover=&#8220;rgba(0,0,0,0)&#8220; background_enable_color__hover=&#8220;on&#8220; custom_css_main_element__hover_enabled=&#8220;off|hover&#8220; custom_css_main_element__hover=&#8220;lor: white !important;||}&#8220; transform_styles__hover_enabled=&#8220;on|hover&#8220; transform_scale__hover_enabled=&#8220;on|hover&#8220; transform_translate__hover_enabled=&#8220;on|desktop&#8220; transform_rotate__hover_enabled=&#8220;on|desktop&#8220; transform_skew__hover_enabled=&#8220;on|desktop&#8220; transform_origin__hover_enabled=&#8220;on|desktop&#8220; transform_scale__hover=&#8220;110%|110%&#8220;][et_pb_blurb use_icon=&#8220;on&#8220; font_icon=&#8220;&#x69;||divi||400&#8243; image_icon_width=&#8220;28px&#8220; _builder_version=&#8220;4.16&#8243; custom_margin=&#8220;||0px||false|false&#8220; custom_padding=&#8220;||||false|false&#8220; custom_css_blurb_image=&#8220;margin-bottom: 12px;&#8220; icon_font_size=&#8220;28px&#8220; global_colors_info=&#8220;{}&#8220;][\/et_pb_blurb][et_pb_text _builder_version=&#8220;4.16&#8243; text_font=&#8220;||||||||&#8220; text_text_color=&#8220;rgba(4,30,66,0.7)&#8220; header_5_font=&#8220;|600|||||||&#8220; header_5_text_color=&#8220;#041e42&#8243; header_5_font_size=&#8220;18px&#8220; text_orientation=&#8220;center&#8220; custom_margin=&#8220;||0px||false|false&#8220; global_colors_info=&#8220;{}&#8220;]<\/p>\n<h5>Dokumentation<\/h5>\n<p>[\/et_pb_text][et_pb_text _builder_version=&#8220;4.16&#8243; text_font=&#8220;||||||||&#8220; text_text_color=&#8220;rgba(4,30,66,0.7)&#8220; text_font_size=&#8220;16px&#8220; text_line_height=&#8220;1.3em&#8220; header_5_font=&#8220;|600|||||||&#8220; header_5_text_color=&#8220;#4e85c8&#8243; header_5_font_size=&#8220;18px&#8220; text_orientation=&#8220;center&#8220; global_colors_info=&#8220;{}&#8220;]<\/p>\n<p class=\"p1\">Steigen Sie ein und erfahren Sie, wie Sie Ihren eigenen Cloud-Server einrichten k\u00f6nnen. Greifen Sie auf unsere Handb\u00fccher f\u00fcr Admins und Benutzer zur\u00fcck, falls Sie Unterst\u00fctzung brauchen.<\/p>\n<p>[\/et_pb_text][et_pb_text _builder_version=&#8220;4.16&#8243; text_orientation=&#8220;center&#8220; global_colors_info=&#8220;{}&#8220;]<strong><a title=\"Go to ownCloud admin documentation\" href=\"https:\/\/doc.owncloud.com\" target=\"_blank\" rel=\"noopener noreferrer\">Dokumentation anzeigen<i class=\"fas fa-xs fa-chevron-right\" style=\"padding-left: 5px;\"><\/i><\/a><\/strong>[\/et_pb_text][\/et_pb_column][et_pb_column type=&#8220;1_3&#8243; _builder_version=&#8220;4.16&#8243; background_color=&#8220;#ffffff&#8220; custom_padding=&#8220;30px|30px|30px|30px|false|false&#8220; link_option_url=&#8220;https:\/\/owncloud.com\/de\/desktop-app\/&#8220; custom_css_main_element=&#8220;align-items: center;||display: flex;||justify-content: center;||flex-direction: column;||min-height: 150px\t&#8220; border_radii=&#8220;on|5px|5px|5px|5px&#8220; border_width_all=&#8220;1px&#8220; border_color_all=&#8220;#ecebee&#8220; box_shadow_style=&#8220;preset1&#8243; box_shadow_color=&#8220;rgba(78,133,200,0.1)&#8220; global_colors_info=&#8220;{}&#8220; background__hover_enabled=&#8220;on|desktop&#8220; background_color__hover=&#8220;rgba(0,0,0,0)&#8220; background_enable_color__hover=&#8220;on&#8220; custom_css_main_element__hover_enabled=&#8220;off|hover&#8220; custom_css_main_element__hover=&#8220;lor: white !important;||}&#8220; transform_styles__hover_enabled=&#8220;on|hover&#8220; transform_scale__hover_enabled=&#8220;on|hover&#8220; transform_translate__hover_enabled=&#8220;on|desktop&#8220; transform_rotate__hover_enabled=&#8220;on|desktop&#8220; transform_skew__hover_enabled=&#8220;on|desktop&#8220; transform_origin__hover_enabled=&#8220;on|desktop&#8220; transform_scale__hover=&#8220;110%|110%&#8220;][et_pb_text _builder_version=&#8220;4.16&#8243; text_text_color=&#8220;#4e85c8&#8243; text_font_size=&#8220;28px&#8220; global_colors_info=&#8220;{}&#8220;]<i class=\"fas fa-desktop\"><\/i>[\/et_pb_text][et_pb_text _builder_version=&#8220;4.16&#8243; text_font=&#8220;||||||||&#8220; text_text_color=&#8220;rgba(4,30,66,0.7)&#8220; header_5_font=&#8220;|600|||||||&#8220; header_5_text_color=&#8220;#041e42&#8243; header_5_font_size=&#8220;18px&#8220; text_orientation=&#8220;center&#8220; custom_margin=&#8220;||0px||false|false&#8220; global_colors_info=&#8220;{}&#8220;]<\/p>\n<h5>Desktop-App<\/h5>\n<p>[\/et_pb_text][et_pb_text _builder_version=&#8220;4.16&#8243; text_font=&#8220;||||||||&#8220; text_text_color=&#8220;rgba(4,30,66,0.7)&#8220; text_font_size=&#8220;16px&#8220; text_line_height=&#8220;1.3em&#8220; header_5_font=&#8220;|600|||||||&#8220; header_5_text_color=&#8220;#4e85c8&#8243; header_5_font_size=&#8220;18px&#8220; text_orientation=&#8220;center&#8220; global_colors_info=&#8220;{}&#8220;]Binden Sie ownCloud in Ihren unternehmenseigenen Dateimanager ein, um noch effizienter zu arbeiten &#8211; ganz egal ob Finder, Explorer oder andere\u00a0 L\u00f6sungen.[\/et_pb_text][et_pb_text _builder_version=&#8220;4.16&#8243; text_orientation=&#8220;center&#8220; global_colors_info=&#8220;{}&#8220;]<strong><a title=\"Download ownCloud mobile apps for iOS and Android\" href=\"https:\/\/owncloud.com\/de\/mobile-apps\/\">Mobile Apps herunterladen<i class=\"fas fa-xs fa-chevron-right\" style=\"padding-left: 5px;\"><\/i><\/a><\/strong>[\/et_pb_text][\/et_pb_column][et_pb_column type=&#8220;1_3&#8243; _builder_version=&#8220;4.16&#8243; background_color=&#8220;#ffffff&#8220; custom_padding=&#8220;30px|30px|30px|30px|false|false&#8220; link_option_url=&#8220;https:\/\/owncloud.com\/de\/mobile-apps\/&#8220; custom_css_main_element=&#8220;align-items: center;||display: flex;||justify-content: center;||flex-direction: column;||min-height: 150px\t&#8220; border_radii=&#8220;on|5px|5px|5px|5px&#8220; border_width_all=&#8220;1px&#8220; border_color_all=&#8220;#ecebee&#8220; box_shadow_style=&#8220;preset1&#8243; box_shadow_color=&#8220;rgba(78,133,200,0.1)&#8220; global_colors_info=&#8220;{}&#8220; background__hover_enabled=&#8220;on|desktop&#8220; background_color__hover=&#8220;rgba(0,0,0,0)&#8220; background_enable_color__hover=&#8220;on&#8220; custom_css_main_element__hover_enabled=&#8220;off|hover&#8220; custom_css_main_element__hover=&#8220;lor: white !important;||}&#8220; transform_styles__hover_enabled=&#8220;on|hover&#8220; transform_scale__hover_enabled=&#8220;on|hover&#8220; transform_translate__hover_enabled=&#8220;on|desktop&#8220; transform_rotate__hover_enabled=&#8220;on|desktop&#8220; transform_skew__hover_enabled=&#8220;on|desktop&#8220; transform_origin__hover_enabled=&#8220;on|desktop&#8220; transform_scale__hover=&#8220;110%|110%&#8220;][et_pb_text _builder_version=&#8220;4.16&#8243; text_text_color=&#8220;#4e85c8&#8243; text_font_size=&#8220;28px&#8220; global_colors_info=&#8220;{}&#8220;]<i class=\"fas fa-mobile-alt\"><\/i>[\/et_pb_text][et_pb_text _builder_version=&#8220;4.16&#8243; text_font=&#8220;||||||||&#8220; text_text_color=&#8220;rgba(4,30,66,0.7)&#8220; header_5_font=&#8220;|600|||||||&#8220; header_5_text_color=&#8220;#041e42&#8243; header_5_font_size=&#8220;18px&#8220; text_orientation=&#8220;center&#8220; custom_margin=&#8220;||0px||false|false&#8220; global_colors_info=&#8220;{}&#8220;]<\/p>\n<h5>Mobile Apps<\/h5>\n<p>[\/et_pb_text][et_pb_text _builder_version=&#8220;4.16&#8243; text_font=&#8220;||||||||&#8220; text_text_color=&#8220;rgba(4,30,66,0.7)&#8220; text_font_size=&#8220;16px&#8220; text_line_height=&#8220;1.3em&#8220; header_5_font=&#8220;|600|||||||&#8220; header_5_text_color=&#8220;#4e85c8&#8243; header_5_font_size=&#8220;18px&#8220; text_orientation=&#8220;center&#8220; global_colors_info=&#8220;{}&#8220;]Zugreifen, Teilen und Bearbeiten von Dateien und Ordnern von unterwegs, f\u00fcr gesteigerte Produktivit\u00e4t in Android oder iOS.[\/et_pb_text][et_pb_text _builder_version=&#8220;4.16&#8243; text_orientation=&#8220;center&#8220; global_colors_info=&#8220;{}&#8220;]<strong><a title=\"Download ownCloud mobile apps for iOS and Android\" href=\"https:\/\/owncloud.com\/de\/mobile-apps\/\">Mobile Apps herunterladen<\/a><\/strong>[\/et_pb_text][\/et_pb_column][\/et_pb_row][\/et_pb_section]<\/p>\n","protected":false},"excerpt":{"rendered":"<p>Starten Sie mit ownCloud, Ihrer sicheren Cloud-L\u00f6sung f\u00fcr die gemeinsame Nutzung von Dateien. Installieren Sie ownCloud auf Ihrem Server oder melden Sie sich f\u00fcr unseren Online-Service an. 14-t\u00e4gige kostenlose Testversion!<\/p>\n","protected":false},"author":15,"featured_media":42182,"parent":0,"menu_order":5,"comment_status":"closed","ping_status":"closed","template":"","meta":{"_acf_changed":false,"_et_pb_use_builder":"on","_et_pb_old_content":"","_et_gb_content_width":"","inline_featured_image":false,"footnotes":""},"categories":[],"class_list":["post-54377","page","type-page","status-publish","has-post-thumbnail","hentry"],"acf":[],"_links":{"self":[{"href":"https:\/\/owncloud.com\/de\/wp-json\/wp\/v2\/pages\/54377","targetHints":{"allow":["GET"]}}],"collection":[{"href":"https:\/\/owncloud.com\/de\/wp-json\/wp\/v2\/pages"}],"about":[{"href":"https:\/\/owncloud.com\/de\/wp-json\/wp\/v2\/types\/page"}],"author":[{"embeddable":true,"href":"https:\/\/owncloud.com\/de\/wp-json\/wp\/v2\/users\/15"}],"replies":[{"embeddable":true,"href":"https:\/\/owncloud.com\/de\/wp-json\/wp\/v2\/comments?post=54377"}],"version-history":[{"count":9,"href":"https:\/\/owncloud.com\/de\/wp-json\/wp\/v2\/pages\/54377\/revisions"}],"predecessor-version":[{"id":78622,"href":"https:\/\/owncloud.com\/de\/wp-json\/wp\/v2\/pages\/54377\/revisions\/78622"}],"wp:featuredmedia":[{"embeddable":true,"href":"https:\/\/owncloud.com\/de\/wp-json\/wp\/v2\/media\/42182"}],"wp:attachment":[{"href":"https:\/\/owncloud.com\/de\/wp-json\/wp\/v2\/media?parent=54377"}],"wp:term":[{"taxonomy":"category","embeddable":true,"href":"https:\/\/owncloud.com\/de\/wp-json\/wp\/v2\/categories?post=54377"}],"curies":[{"name":"wp","href":"https:\/\/api.w.org\/{rel}","templated":true}]}}