{"id":56029,"date":"2020-11-11T10:27:46","date_gmt":"2020-11-11T10:27:46","guid":{"rendered":"https:\/\/owncloud.com\/?page_id=56029"},"modified":"2024-05-15T09:37:02","modified_gmt":"2024-05-15T09:37:02","slug":"dokumente-leitfaeden","status":"publish","type":"page","link":"https:\/\/owncloud.com\/de\/dokumente-leitfaeden\/","title":{"rendered":"Dokumente &amp; Leitf\u00e4den"},"content":{"rendered":"<p>[et_pb_section fb_built=&#8220;1&#8243; next_background_color=&#8220;#ffffff&#8220; _builder_version=&#8220;4.16&#8243; background_color=&#8220;rgba(78,133,200,0.05)&#8220; background_image=&#8220;https:\/\/owncloud.com\/wp-content\/uploads\/2020\/06\/HeaderBackground.svg&#8220; custom_padding=&#8220;||100px||false|false&#8220; bottom_divider_style=&#8220;slant&#8220; bottom_divider_flip=&#8220;horizontal&#8220; global_colors_info=&#8220;{}&#8220;][et_pb_row column_structure=&#8220;1_5,3_5,1_5&#8243; use_custom_gutter=&#8220;on&#8220; make_equal=&#8220;on&#8220; _builder_version=&#8220;4.16&#8243; custom_padding=&#8220;||||false|false&#8220; global_colors_info=&#8220;{}&#8220;][et_pb_column type=&#8220;1_5&#8243; _builder_version=&#8220;4.16&#8243; global_colors_info=&#8220;{}&#8220;][\/et_pb_column][et_pb_column type=&#8220;3_5&#8243; _builder_version=&#8220;4.16&#8243; global_colors_info=&#8220;{}&#8220;][et_pb_text _builder_version=&#8220;4.16&#8243; header_text_align=&#8220;center&#8220; header_text_color=&#8220;#041e42&#8243; header_font_size=&#8220;60px&#8220; text_orientation=&#8220;center&#8220; custom_margin=&#8220;||10px||false|false&#8220; global_colors_info=&#8220;{}&#8220;]<\/p>\n<h1>Dokumente &amp; Leitf\u00e4den<\/h1>\n<p>[\/et_pb_text][et_pb_text _builder_version=&#8220;4.16&#8243; text_text_color=&#8220;#4e85c8&#8243; text_font_size=&#8220;22px&#8220; text_line_height=&#8220;1.4em&#8220; header_text_color=&#8220;#4e85c8&#8243; header_3_text_color=&#8220;#4e85c8&#8243; header_4_text_color=&#8220;#4e85c8&#8243; text_orientation=&#8220;center&#8220; custom_margin=&#8220;||10px||false|false&#8220; global_colors_info=&#8220;{}&#8220;]<\/p>\n<p>Wir bieten verschiedene Support-, Ressourcen- und Dokumentationskan\u00e4le an. ownCloud lebt von der Unterst\u00fctzung der Gemeinschaft und gegenseitiger Hilfe. Wir freuen uns sehr auf den Austausch von Ideen!<\/p>\n<p>[\/et_pb_text][\/et_pb_column][et_pb_column type=&#8220;1_5&#8243; _builder_version=&#8220;4.16&#8243; global_colors_info=&#8220;{}&#8220;][\/et_pb_column][\/et_pb_row][\/et_pb_section][et_pb_section fb_built=&#8220;1&#8243; _builder_version=&#8220;4.16&#8243; global_colors_info=&#8220;{}&#8220;][et_pb_row column_structure=&#8220;1_5,3_5,1_5&#8243; _builder_version=&#8220;4.16&#8243; global_colors_info=&#8220;{}&#8220;][et_pb_column type=&#8220;1_5&#8243; _builder_version=&#8220;4.16&#8243; global_colors_info=&#8220;{}&#8220;][\/et_pb_column][et_pb_column type=&#8220;3_5&#8243; _builder_version=&#8220;4.16&#8243; global_colors_info=&#8220;{}&#8220;][et_pb_text _builder_version=&#8220;4.16&#8243; global_colors_info=&#8220;{}&#8220;]<\/p>\n<h2 style=\"text-align: center;\">Aber zun\u00e4chst<\/h2>\n<p>[\/et_pb_text][\/et_pb_column][et_pb_column type=&#8220;1_5&#8243; _builder_version=&#8220;4.16&#8243; global_colors_info=&#8220;{}&#8220;][\/et_pb_column][\/et_pb_row][et_pb_row column_structure=&#8220;1_4,1_4,1_4,1_4&#8243; _builder_version=&#8220;4.16&#8243; global_colors_info=&#8220;{}&#8220;][et_pb_column type=&#8220;1_4&#8243; _builder_version=&#8220;4.16&#8243; global_colors_info=&#8220;{}&#8220;][et_pb_blurb use_icon=&#8220;on&#8220; font_icon=&#8220;&#xe004;||divi||400&#8243; image_icon_width=&#8220;42px&#8220; _builder_version=&#8220;4.16&#8243; module_alignment=&#8220;center&#8220; min_height=&#8220;0px&#8220; custom_margin=&#8220;||0px||false|false&#8220; custom_padding=&#8220;||0px|||&#8220; custom_css_blurb_image=&#8220;margin-bottom: 12px;&#8220; icon_font_size=&#8220;42px&#8220; global_colors_info=&#8220;{}&#8220;][\/et_pb_blurb][et_pb_text _builder_version=&#8220;4.16&#8243; min_height=&#8220;31px&#8220; global_colors_info=&#8220;{}&#8220;]<\/p>\n<h3 style=\"text-align: center;\">Download &amp; Installation<\/h3>\n<p style=\"text-align: center;\">Laden Sie ownCloud herunter und installieren Sie es in wenigen einfachen Schritten auf Ihrem Rechner.<\/p>\n<p>[\/et_pb_text][et_pb_button button_url=&#8220;https:\/\/owncloud.com\/de\/download-server\/&#8220; button_text=&#8220;Zu den Installationspaketen&#8220; button_alignment=&#8220;center&#8220; _builder_version=&#8220;4.16&#8243; button_text_color=&#8220;#4e85c8&#8243; button_bg_color=&#8220;rgba(0,0,0,0)&#8220; button_border_color=&#8220;#4e85c8&#8243; custom_margin=&#8220;|0px|10px|0px|false|false&#8220; global_colors_info=&#8220;{}&#8220; custom_padding__hover_enabled=&#8220;off|hover&#8220; button_border_color__hover=&#8220;#4e85c8&#8243; button_bg_color__hover=&#8220;rgba(255,255,255,0.8)&#8220; button_text_color__hover_enabled=&#8220;on|desktop&#8220; button_text_color__hover=&#8220;#4e85c8&#8243; button_border_color__hover_enabled=&#8220;on|hover&#8220;][\/et_pb_button][\/et_pb_column][et_pb_column type=&#8220;1_4&#8243; _builder_version=&#8220;4.16&#8243; global_colors_info=&#8220;{}&#8220;][et_pb_blurb use_icon=&#8220;on&#8220; font_icon=&#8220;&#x69;||divi||400&#8243; image_icon_width=&#8220;42px&#8220; _builder_version=&#8220;4.16&#8243; module_alignment=&#8220;center&#8220; min_height=&#8220;0px&#8220; custom_margin=&#8220;||0px||false|false&#8220; custom_padding=&#8220;||0px|||&#8220; custom_css_blurb_image=&#8220;margin-bottom: 12px;&#8220; icon_font_size=&#8220;42px&#8220; global_colors_info=&#8220;{}&#8220;][\/et_pb_blurb][et_pb_text _builder_version=&#8220;4.16&#8243; global_colors_info=&#8220;{}&#8220;]<\/p>\n<h3 style=\"text-align: center;\">Handbuch<\/h3>\n<p style=\"text-align: center;\">Installationsanweisungen, Benutzerhandb\u00fccher und alles, was Sie \u00fcber ownCloud wissen m\u00fcssen. F\u00fcr Benutzer, Admins und Entwickler<\/p>\n<p>[\/et_pb_text][et_pb_button button_url=&#8220;https:\/\/doc.owncloud.com\/&#8220; url_new_window=&#8220;on&#8220; button_text=&#8220;ownCloud Dokumentationen&#8220; button_alignment=&#8220;center&#8220; _builder_version=&#8220;4.16&#8243; button_text_color=&#8220;#4e85c8&#8243; button_bg_color=&#8220;rgba(0,0,0,0)&#8220; button_border_color=&#8220;#4e85c8&#8243; custom_margin=&#8220;|0px||0px|false|false&#8220; global_colors_info=&#8220;{}&#8220; custom_padding__hover_enabled=&#8220;off|hover&#8220; button_border_color__hover=&#8220;#4e85c8&#8243; button_bg_color__hover=&#8220;rgba(255,255,255,0.8)&#8220; button_text_color__hover_enabled=&#8220;on|desktop&#8220; button_text_color__hover=&#8220;#4e85c8&#8243; button_border_color__hover_enabled=&#8220;on|hover&#8220;][\/et_pb_button][\/et_pb_column][et_pb_column type=&#8220;1_4&#8243; _builder_version=&#8220;4.16&#8243; global_colors_info=&#8220;{}&#8220;][et_pb_blurb use_icon=&#8220;on&#8220; font_icon=&#8220;&#xe60c;||divi||400&#8243; image_icon_width=&#8220;42px&#8220; _builder_version=&#8220;4.16&#8243; module_alignment=&#8220;center&#8220; min_height=&#8220;0px&#8220; custom_margin=&#8220;||0px||false|false&#8220; custom_padding=&#8220;||0px|||&#8220; custom_css_blurb_image=&#8220;margin-bottom: 12px;&#8220; icon_font_size=&#8220;42px&#8220; global_colors_info=&#8220;{}&#8220;][\/et_pb_blurb][et_pb_text _builder_version=&#8220;4.16&#8243; global_colors_info=&#8220;{}&#8220;]<\/p>\n<h3 style=\"text-align: center;\">Forum<\/h3>\n<p style=\"text-align: center;\">ownClouds wichtigster Helpdesk. Nehmen Sie Kontakt mit unserer Community auf und arbeiten Sie gemeinsam an L\u00f6sungen.<\/p>\n<p>[\/et_pb_text][et_pb_button button_url=&#8220;https:\/\/central.owncloud.org&#8220; button_text=&#8220;ownCloud Zentrale&#8220; button_alignment=&#8220;center&#8220; _builder_version=&#8220;4.16&#8243; button_text_color=&#8220;#4e85c8&#8243; button_bg_color=&#8220;rgba(0,0,0,0)&#8220; button_border_color=&#8220;#4e85c8&#8243; custom_margin=&#8220;|0px||0px|false|false&#8220; global_colors_info=&#8220;{}&#8220; custom_padding__hover_enabled=&#8220;off|hover&#8220; button_border_color__hover=&#8220;#4e85c8&#8243; button_bg_color__hover=&#8220;rgba(255,255,255,0.8)&#8220; button_text_color__hover_enabled=&#8220;on|desktop&#8220; button_text_color__hover=&#8220;#4e85c8&#8243; button_border_color__hover_enabled=&#8220;on|hover&#8220;][\/et_pb_button][\/et_pb_column][et_pb_column type=&#8220;1_4&#8243; _builder_version=&#8220;4.18.0&#8243; _module_preset=&#8220;default&#8220; global_colors_info=&#8220;{}&#8220;][et_pb_blurb use_icon=&#8220;on&#8220; font_icon=&#8220;&#x69;||divi||400&#8243; image_icon_width=&#8220;42px&#8220; _builder_version=&#8220;4.16&#8243; module_alignment=&#8220;center&#8220; min_height=&#8220;0px&#8220; custom_margin=&#8220;||0px||false|false&#8220; custom_padding=&#8220;||0px|||&#8220; custom_css_blurb_image=&#8220;margin-bottom: 12px;&#8220; icon_font_size=&#8220;42px&#8220; global_colors_info=&#8220;{}&#8220;][\/et_pb_blurb][et_pb_text _builder_version=&#8220;4.18.0&#8243; min_height=&#8220;0px&#8220; global_colors_info=&#8220;{}&#8220;]<\/p>\n<h3 style=\"text-align: center;\">Upgrade Handbuch<\/h3>\n<p style=\"text-align: center;\"><span>Laden Sie die Anweisungen zum Upgrade Ihrer ownCloud herunter.<\/span><\/p>\n<p>[\/et_pb_text][et_pb_button button_url=&#8220;https:\/\/oc.owncloud.com\/rs\/038-KRL-592\/images\/Upgrade%20Manual.pdf&#8220; url_new_window=&#8220;on&#8220; button_text=&#8220;Handbuch herunterladen&#8220; button_alignment=&#8220;center&#8220; _builder_version=&#8220;4.18.0&#8243; button_text_color=&#8220;#4e85c8&#8243; button_bg_color=&#8220;rgba(0,0,0,0)&#8220; button_border_color=&#8220;#4e85c8&#8243; custom_margin=&#8220;|0px||0px|false|false&#8220; global_colors_info=&#8220;{}&#8220; custom_padding__hover_enabled=&#8220;off|hover&#8220; button_border_color__hover=&#8220;#4e85c8&#8243; button_bg_color__hover=&#8220;rgba(255,255,255,0.8)&#8220; button_text_color__hover_enabled=&#8220;on|desktop&#8220; button_text_color__hover=&#8220;#4e85c8&#8243; button_border_color__hover_enabled=&#8220;on|hover&#8220;][\/et_pb_button][\/et_pb_column][\/et_pb_row][\/et_pb_section][et_pb_section fb_built=&#8220;1&#8243; _builder_version=&#8220;4.16&#8243; background_color=&#8220;rgba(78,133,200,0.05)&#8220; global_colors_info=&#8220;{}&#8220;][et_pb_row column_structure=&#8220;1_4,1_2,1_4&#8243; _builder_version=&#8220;4.16&#8243; global_colors_info=&#8220;{}&#8220;][et_pb_column type=&#8220;1_4&#8243; _builder_version=&#8220;4.16&#8243; global_colors_info=&#8220;{}&#8220;][\/et_pb_column][et_pb_column type=&#8220;1_2&#8243; _builder_version=&#8220;4.16&#8243; global_colors_info=&#8220;{}&#8220;][et_pb_text _builder_version=&#8220;4.16&#8243; global_colors_info=&#8220;{}&#8220;]<\/p>\n<h2 style=\"text-align: center;\">Hilfe<\/h2>\n<p>[\/et_pb_text][\/et_pb_column][et_pb_column type=&#8220;1_4&#8243; _builder_version=&#8220;4.16&#8243; global_colors_info=&#8220;{}&#8220;][\/et_pb_column][\/et_pb_row][et_pb_row column_structure=&#8220;1_3,1_3,1_3&#8243; _builder_version=&#8220;4.16&#8243; global_colors_info=&#8220;{}&#8220;][et_pb_column type=&#8220;1_3&#8243; _builder_version=&#8220;4.16&#8243; global_colors_info=&#8220;{}&#8220;][et_pb_text _builder_version=&#8220;4.16&#8243; background_color=&#8220;#ffffff&#8220; custom_padding=&#8220;25px|25px|25px|25px|false|false&#8220; border_radii=&#8220;on|5px|5px|5px|5px&#8220; box_shadow_style=&#8220;preset3&#8243; box_shadow_color=&#8220;rgba(78,133,200,0.25)&#8220; global_colors_info=&#8220;{}&#8220;]<\/p>\n<h3 style=\"text-align: center;\">Chatroom<\/h3>\n<p style=\"text-align: center;\">Ein Instant Messaging-Kanal f\u00fcr und mit der ownCloud-Community und den Kernentwicklern, der thematisch in die Tiefe geht. Hier k\u00f6nnen Sie beitreten und zu den Themen beitragen, wenn Sie Lust haben!<\/p>\n<p style=\"text-align: center;\"><strong><a title=\"ownCloud Chatroom\" href=\"https:\/\/talk.owncloud.com\" target=\"_blank\" rel=\"noopener noreferrer\">ownCloud Talk<\/a><\/strong><\/p>\n<p>[\/et_pb_text][\/et_pb_column][et_pb_column type=&#8220;1_3&#8243; _builder_version=&#8220;4.16&#8243; global_colors_info=&#8220;{}&#8220;][et_pb_text _builder_version=&#8220;4.16&#8243; background_color=&#8220;#ffffff&#8220; custom_padding=&#8220;25px|25px|25px|25px|true|true&#8220; border_radii=&#8220;on|5px|5px|5px|5px&#8220; box_shadow_style=&#8220;preset3&#8243; box_shadow_color=&#8220;rgba(78,133,200,0.25)&#8220; global_colors_info=&#8220;{}&#8220;]<\/p>\n<h3 style=\"text-align: center;\">Kundensupport<\/h3>\n<p style=\"text-align: center;\">Die Experten, die hinter der ownCloud-Technologie stecken, helfen Ihnen als Enterprise-Kunde bei Ihren gro\u00df angelegten Arbeitsumgebungen mit vielen Benutzern und noch viel mehr Dateien.<\/p>\n<p style=\"text-align: center;\"><strong><a title=\"ownCloud Kundensupport\" href=\"https:\/\/owncloud.com\/support\/\">Erhalten Sie Unterst\u00fctzung<\/a><\/strong><\/p>\n<p>[\/et_pb_text][\/et_pb_column][et_pb_column type=&#8220;1_3&#8243; _builder_version=&#8220;4.16&#8243; global_colors_info=&#8220;{}&#8220;][et_pb_text _builder_version=&#8220;4.16&#8243; background_color=&#8220;#ffffff&#8220; custom_padding=&#8220;20px|10px|20px|10px|false|false&#8220; border_radii=&#8220;on|5px|5px|5px|5px&#8220; box_shadow_style=&#8220;preset3&#8243; box_shadow_color=&#8220;rgba(78,133,200,0.25)&#8220; global_colors_info=&#8220;{}&#8220;]<\/p>\n<h3 style=\"text-align: center;\">GitHub<\/h3>\n<p style=\"text-align: center;\">Die Entwicklung der ownCloud findet hier statt. Machen Sie mit oder lassen Sie uns wissen, wenn Sie einen Bug entdeckt haben.<\/p>\n<p style=\"text-align: center;\"><strong><a title=\"ownCloud auf GitHub\" href=\"https:\/\/github.com\/owncloud\" target=\"_blank\" rel=\"noopener noreferrer\">ownCloud auf GitHub<\/a><\/strong><\/p>\n<p>[\/et_pb_text][\/et_pb_column][\/et_pb_row][\/et_pb_section][et_pb_section fb_built=&#8220;1&#8243; _builder_version=&#8220;4.16&#8243; background_color=&#8220;#041e42&#8243; background_enable_image=&#8220;off&#8220; parallax=&#8220;on&#8220; custom_padding=&#8220;||41px|||&#8220; saved_tabs=&#8220;all&#8220; global_colors_info=&#8220;{}&#8220;][et_pb_row column_structure=&#8220;1_5,3_5,1_5&#8243; _builder_version=&#8220;4.16&#8243; global_colors_info=&#8220;{}&#8220;][et_pb_column type=&#8220;1_5&#8243; _builder_version=&#8220;4.16&#8243; global_colors_info=&#8220;{}&#8220;][\/et_pb_column][et_pb_column type=&#8220;3_5&#8243; _builder_version=&#8220;4.16&#8243; global_colors_info=&#8220;{}&#8220;][et_pb_text _builder_version=&#8220;4.16&#8243; header_2_font=&#8220;|700|||||||&#8220; header_2_text_align=&#8220;center&#8220; header_2_font_size=&#8220;48px&#8220; background_layout=&#8220;dark&#8220; global_colors_info=&#8220;{}&#8220;]<\/p>\n<h2>Sie haben gro\u00dfe Pl\u00e4ne?<\/h2>\n<p>[\/et_pb_text][et_pb_text module_class=&#8220;checklist&#8220; _builder_version=&#8220;4.16&#8243; text_font=&#8220;||||||||&#8220; text_font_size=&#8220;20px&#8220; background_layout=&#8220;dark&#8220; max_width=&#8220;600px&#8220; module_alignment=&#8220;center&#8220; custom_css_main_element=&#8220;display: flex;||justify-content: center;&#8220; global_colors_info=&#8220;{}&#8220;]<\/p>\n<p style=\"text-align: center;\">Mit unseren Unternehmensl\u00f6sungen k\u00f6nnen Teams von 25 oder mehr Personen sicher und digital zusammenarbeiten. 8\/5 Support inbegriffen.<\/p>\n<p>[\/et_pb_text][\/et_pb_column][et_pb_column type=&#8220;1_5&#8243; _builder_version=&#8220;4.16&#8243; global_colors_info=&#8220;{}&#8220;][\/et_pb_column][\/et_pb_row][et_pb_row column_structure=&#8220;1_5,3_5,1_5&#8243; _builder_version=&#8220;4.16&#8243; custom_padding=&#8220;0px||||false|false&#8220; global_colors_info=&#8220;{}&#8220;][et_pb_column type=&#8220;1_5&#8243; _builder_version=&#8220;4.16&#8243; global_colors_info=&#8220;{}&#8220;][\/et_pb_column][et_pb_column type=&#8220;3_5&#8243; _builder_version=&#8220;4.16&#8243; custom_css_main_element=&#8220;display: flex;||justify-content: center;&#8220; global_colors_info=&#8220;{}&#8220;][et_pb_button button_url=&#8220;@ET-DC@eyJkeW5hbWljIjp0cnVlLCJjb250ZW50IjoicG9zdF9saW5rX3VybF9wYWdlIiwic2V0dGluZ3MiOnsicG9zdF9pZCI6IjYxIn19@&#8220; button_text=&#8220;Vertrieb kontaktieren&#8220; _builder_version=&#8220;4.16&#8243; _dynamic_attributes=&#8220;button_url&#8220; button_bg_color_last_edited=&#8220;off|desktop&#8220; custom_css_main_element=&#8220;box-shadow: 0 4px 6px rgba(50,50,93,.11), 0 1px 3px rgba(0,0,0,.08);&#8220; global_colors_info=&#8220;{}&#8220; button_border_color__hover=&#8220;&#8220; button_border_color__hover_enabled=&#8220;on|hover&#8220; button_border_width__hover=&#8220;&#8220; button_border_width__hover_enabled=&#8220;on|hover&#8220; custom_padding__hover_enabled=&#8220;off|hover&#8220;][\/et_pb_button][\/et_pb_column][et_pb_column type=&#8220;1_5&#8243; _builder_version=&#8220;4.16&#8243; global_colors_info=&#8220;{}&#8220;][\/et_pb_column][\/et_pb_row][\/et_pb_section][et_pb_section fb_built=&#8220;1&#8243; _builder_version=&#8220;4.16&#8243; global_colors_info=&#8220;{}&#8220;][et_pb_row column_structure=&#8220;1_4,1_2,1_4&#8243; _builder_version=&#8220;4.16&#8243; global_colors_info=&#8220;{}&#8220;][et_pb_column type=&#8220;1_4&#8243; _builder_version=&#8220;4.16&#8243; global_colors_info=&#8220;{}&#8220;][\/et_pb_column][et_pb_column type=&#8220;1_2&#8243; _builder_version=&#8220;4.16&#8243; global_colors_info=&#8220;{}&#8220;][et_pb_text _builder_version=&#8220;4.16&#8243; global_colors_info=&#8220;{}&#8220;]<\/p>\n<h2 style=\"text-align: center;\">Ratgeber<\/h2>\n<p>[\/et_pb_text][\/et_pb_column][et_pb_column type=&#8220;1_4&#8243; _builder_version=&#8220;4.16&#8243; global_colors_info=&#8220;{}&#8220;][\/et_pb_column][\/et_pb_row][et_pb_row column_structure=&#8220;1_2,1_2&#8243; _builder_version=&#8220;4.16&#8243; global_colors_info=&#8220;{}&#8220;][et_pb_column type=&#8220;1_2&#8243; _builder_version=&#8220;4.16&#8243; global_colors_info=&#8220;{}&#8220;][et_pb_text _builder_version=&#8220;4.16&#8243; background_color=&#8220;rgba(78,133,200,0.05)&#8220; custom_margin=&#8220;||0px|0px|false|false&#8220; custom_padding=&#8220;25px|25px|25px|25px|false|false&#8220; border_radii=&#8220;on|5px|5px|5px|5px&#8220; box_shadow_style=&#8220;preset3&#8243; box_shadow_color=&#8220;rgba(78,133,200,0.24)&#8220; global_colors_info=&#8220;{}&#8220;]<\/p>\n<h3 style=\"text-align: left;\">Training<\/h3>\n<p>Die dreit\u00e4gige Schulung f\u00fcr ownCloud-Administratoren bietet professionelle Unterst\u00fctzung bei der Installation und Verwaltung Ihrer ownCloud.<\/p>\n<p><strong><a title=\"ownCloud administrators training\" href=\"https:\/\/owncloud.com\/administrators-training\/\">Hier anmelden<\/a><\/strong><\/p>\n<p>[\/et_pb_text][et_pb_text _builder_version=&#8220;4.16&#8243; background_color=&#8220;rgba(78,133,200,0.05)&#8220; custom_margin=&#8220;50px||0px|0px|false|false&#8220; custom_padding=&#8220;25px|25px|25px|25px|false|false&#8220; border_radii=&#8220;on|5px|5px|5px|5px&#8220; box_shadow_style=&#8220;preset3&#8243; box_shadow_color=&#8220;rgba(78,133,200,0.24)&#8220; global_colors_info=&#8220;{}&#8220;]<\/p>\n<h3 style=\"text-align: left;\">Was gibt es neues?<\/h3>\n<p>Erfahren Sie mehr \u00fcber coole neue Funktionen, Updates und Bugfixes.<\/p>\n<p><strong><a title=\"ownCloud Changelog\" href=\"https:\/\/owncloud.com\/changelog\/\">Changelog<\/a><\/strong><\/p>\n<p>[\/et_pb_text][et_pb_text _builder_version=&#8220;4.16&#8243; background_color=&#8220;rgba(78,133,200,0.05)&#8220; custom_margin=&#8220;50px||0px|0px|false|false&#8220; custom_padding=&#8220;25px|25px|25px|25px|false|false&#8220; border_radii=&#8220;on|5px|5px|5px|5px&#8220; box_shadow_style=&#8220;preset3&#8243; box_shadow_color=&#8220;rgba(78,133,200,0.24)&#8220; global_colors_info=&#8220;{}&#8220;]<\/p>\n<h3 style=\"text-align: left;\">Sicherheit<\/h3>\n<p>Werfen Sie einen Blick auf alle ownCloud-Sicherheitsrichtlinien und -informationen.<\/p>\n<p><strong><a title=\"ownCloud  Security Advisories\" href=\"https:\/\/owncloud.com\/security\/\">Sicherheit<\/a><\/strong><\/p>\n<p>[\/et_pb_text][et_pb_text _builder_version=&#8220;4.25.1&#8243; background_color=&#8220;rgba(78,133,200,0.05)&#8220; custom_margin=&#8220;50px||0px|0px|false|false&#8220; custom_padding=&#8220;25px|25px|25px|25px|false|false&#8220; hover_enabled=&#8220;0&#8243; border_radii=&#8220;on|5px|5px|5px|5px&#8220; box_shadow_style=&#8220;preset3&#8243; box_shadow_color=&#8220;rgba(78,133,200,0.24)&#8220; global_colors_info=&#8220;{}&#8220; sticky_enabled=&#8220;0&#8243;]<\/p>\n<h3 style=\"text-align: left;\"><span>Media Kit<\/span><\/h3>\n<p><span>ownCloud, ein Kiteworks Unternehmen, ist eine Open-Source-L\u00f6sung f\u00fcr File-Sharing und Content-Collaboration.<\/span><\/p>\n<p><strong><a href=\"https:\/\/owncloud.com\/wp-content\/uploads\/2024\/05\/Brand-Manual_ownCloud.pdf\" title=\"Brand Style Guide\" target=\"_blank\" rel=\"noopener\">Brand Style Guide<\/a><\/strong><\/p>\n<p><strong><a href=\"https:\/\/owncloud.com\/wp-content\/uploads\/2024\/05\/ownCloud_Logo_Kiteworks_LogoSquare.zip\" title=\"Logos\">Logos<\/a><\/strong>[\/et_pb_text][\/et_pb_column][et_pb_column type=&#8220;1_2&#8243; _builder_version=&#8220;4.16&#8243; global_colors_info=&#8220;{}&#8220;][et_pb_text _builder_version=&#8220;4.16&#8243; background_color=&#8220;rgba(78,133,200,0.05)&#8220; custom_margin=&#8220;||50px|0px|false|false&#8220; custom_padding=&#8220;25px|25px|25px|25px|false|false&#8220; border_radii=&#8220;on|5px|5px|5px|5px&#8220; box_shadow_style=&#8220;preset3&#8243; box_shadow_color=&#8220;rgba(78,133,200,0.24)&#8220; global_colors_info=&#8220;{}&#8220;]<\/p>\n<h3 style=\"text-align: left;\">Ihr Einstieg<\/h3>\n<p>Eine Serie, die Sie p\u00fcnktlich zu Ihrer eigenen ownCloud auf den neuesten Stand bringen soll<\/p>\n<p><strong><a title=\"ownCloud Einstiegsserie\" href=\"https:\/\/owncloud.com\/getting-started\/\">Los gehts<\/a><\/strong><\/p>\n<p>[\/et_pb_text][et_pb_text _builder_version=&#8220;4.16&#8243; background_color=&#8220;rgba(78,133,200,0.05)&#8220; custom_margin=&#8220;||0px|0px|false|false&#8220; custom_padding=&#8220;25px|25px|25px|25px|false|false&#8220; border_radii=&#8220;on|5px|5px|5px|5px&#8220; box_shadow_style=&#8220;preset3&#8243; box_shadow_color=&#8220;rgba(78,133,200,0.24)&#8220; global_colors_info=&#8220;{}&#8220;]<\/p>\n<h3 style=\"text-align: left;\">FAQs<\/h3>\n<p>Alle Antworten auf einen Blick. Hier finden Sie h\u00e4ufig gestellte Fragen und ihre Antworten.<\/p>\n<p><strong><a title=\"ownCloud H\u00e4ufig gestellte Fragen\" href=\"https:\/\/owncloud.com\/faq\/\">H\u00e4ufig gestellte Fragen<\/a><\/strong><\/p>\n<p>[\/et_pb_text][et_pb_text _builder_version=&#8220;4.16&#8243; background_color=&#8220;rgba(78,133,200,0.05)&#8220; custom_margin=&#8220;50px||0px|0px|false|false&#8220; custom_padding=&#8220;25px|25px|25px|25px|false|false&#8220; hover_enabled=&#8220;0&#8243; border_radii=&#8220;on|5px|5px|5px|5px&#8220; box_shadow_style=&#8220;preset3&#8243; box_shadow_color=&#8220;rgba(78,133,200,0.24)&#8220; global_colors_info=&#8220;{}&#8220; sticky_enabled=&#8220;0&#8243;]<\/p>\n<h3 style=\"text-align: left;\">Handbuch<\/h3>\n<p>Gelangen Sie in unserem Handbuch direkt an die richtige Stelle<\/p>\n<p><a title=\"ownCloud Administrators&#039; manual\" href=\"https:\/\/doc.owncloud.com\/server\/admin_manual\/\" target=\"_blank\" rel=\"noopener noreferrer\"><b>F\u00fcr Systemadministratoren\u00a0<\/b><\/a><\/p>\n<p><a title=\"ownCloud guide for users\" href=\"https:\/\/doc.owncloud.com\/server\/user_manual\/\" target=\"_blank\" rel=\"noopener noreferrer\"><b>F\u00fcr Benutzer<\/b><\/a><\/p>\n<p><a title=\"ownCloud developers&#039; manual\" href=\"https:\/\/doc.owncloud.com\/server\/developer_manual\/\" target=\"_blank\" rel=\"noopener noreferrer\"><b>F\u00fcr Entwickler<\/b><\/a><\/p>\n<p>[\/et_pb_text][\/et_pb_column][\/et_pb_row][\/et_pb_section]<\/p>\n","protected":false},"excerpt":{"rendered":"<p>Erfahren Sie mehr \u00fcber unsere Dokumentation und verschiedene Supportkan\u00e4le. Verwenden Sie unsere Dokumentationen und Handb\u00fccher. Nehmen Sie Kontakt mit unserer Entwickler-&#8218;Community und unserem Kundensupport auf.<\/p>\n","protected":false},"author":15,"featured_media":42182,"parent":0,"menu_order":4,"comment_status":"closed","ping_status":"closed","template":"","meta":{"_acf_changed":false,"_et_pb_use_builder":"on","_et_pb_old_content":"","_et_gb_content_width":"","inline_featured_image":false,"footnotes":""},"categories":[],"class_list":["post-56029","page","type-page","status-publish","has-post-thumbnail","hentry"],"acf":[],"_links":{"self":[{"href":"https:\/\/owncloud.com\/de\/wp-json\/wp\/v2\/pages\/56029","targetHints":{"allow":["GET"]}}],"collection":[{"href":"https:\/\/owncloud.com\/de\/wp-json\/wp\/v2\/pages"}],"about":[{"href":"https:\/\/owncloud.com\/de\/wp-json\/wp\/v2\/types\/page"}],"author":[{"embeddable":true,"href":"https:\/\/owncloud.com\/de\/wp-json\/wp\/v2\/users\/15"}],"replies":[{"embeddable":true,"href":"https:\/\/owncloud.com\/de\/wp-json\/wp\/v2\/comments?post=56029"}],"version-history":[{"count":5,"href":"https:\/\/owncloud.com\/de\/wp-json\/wp\/v2\/pages\/56029\/revisions"}],"predecessor-version":[{"id":78719,"href":"https:\/\/owncloud.com\/de\/wp-json\/wp\/v2\/pages\/56029\/revisions\/78719"}],"wp:featuredmedia":[{"embeddable":true,"href":"https:\/\/owncloud.com\/de\/wp-json\/wp\/v2\/media\/42182"}],"wp:attachment":[{"href":"https:\/\/owncloud.com\/de\/wp-json\/wp\/v2\/media?parent=56029"}],"wp:term":[{"taxonomy":"category","embeddable":true,"href":"https:\/\/owncloud.com\/de\/wp-json\/wp\/v2\/categories?post=56029"}],"curies":[{"name":"wp","href":"https:\/\/api.w.org\/{rel}","templated":true}]}}