{"id":56058,"date":"2020-11-12T13:01:25","date_gmt":"2020-11-12T13:01:25","guid":{"rendered":"https:\/\/owncloud.com\/?page_id=56058"},"modified":"2024-01-17T14:05:43","modified_gmt":"2024-01-17T14:05:43","slug":"dsgvo","status":"publish","type":"page","link":"https:\/\/owncloud.com\/de\/dsgvo\/","title":{"rendered":"DSGVO"},"content":{"rendered":"<p>[et_pb_section fb_built=&#8220;1&#8243; next_background_color=&#8220;#ffffff&#8220; _builder_version=&#8220;4.16&#8243; background_color=&#8220;#041e42&#8243; background_image=&#8220;https:\/\/owncloud.com\/wp-content\/uploads\/2020\/07\/BlogHeader.svg&#8220; background_position=&#8220;bottom_left&#8220; custom_padding=&#8220;||119px||false|false&#8220; bottom_divider_style=&#8220;slant&#8220; bottom_divider_flip=&#8220;horizontal&#8220; locked=&#8220;off&#8220; global_colors_info=&#8220;{}&#8220;][et_pb_row use_custom_gutter=&#8220;on&#8220; make_equal=&#8220;on&#8220; _builder_version=&#8220;4.16&#8243; custom_padding=&#8220;0px||0px||false|false&#8220; custom_css_main_element=&#8220;align-items: center;&#8220; global_colors_info=&#8220;{}&#8220;][et_pb_column type=&#8220;4_4&#8243; _builder_version=&#8220;4.16&#8243; global_colors_info=&#8220;{}&#8220;][et_pb_text _builder_version=&#8220;4.16&#8243; _module_preset=&#8220;b2e791bc-9b0e-4834-a227-7827e627bc4a&#8220; header_text_align=&#8220;center&#8220; max_width=&#8220;80%&#8220; module_alignment=&#8220;center&#8220; global_colors_info=&#8220;{}&#8220;]<\/p>\n<h4>Erf\u00fcllt Ihre Datenplattform die geltenden DSGVO-Anforderungen?<\/h4>\n<p>[\/et_pb_text][et_pb_text _builder_version=&#8220;4.16&#8243; header_text_color=&#8220;#4e85c8&#8243; header_2_font=&#8220;||||||||&#8220; header_2_text_align=&#8220;center&#8220; header_2_text_color=&#8220;#4E85C8&#8243; header_2_font_size=&#8220;22px&#8220; header_2_line_height=&#8220;1.3em&#8220; header_3_text_color=&#8220;#4e85c8&#8243; header_4_text_color=&#8220;#4e85c8&#8243; text_orientation=&#8220;center&#8220; custom_margin=&#8220;||10px||false|false&#8220; global_colors_info=&#8220;{}&#8220;]<\/p>\n<h1 class=\"entry-title\" style=\"text-align: center;\">Allgemeine EU-Datenschutzgrundverordnung<\/h1>\n<p>[\/et_pb_text][\/et_pb_column][\/et_pb_row][\/et_pb_section][et_pb_section fb_built=&#8220;1&#8243; module_id=&#8220;Angebot&#8220; _builder_version=&#8220;4.16&#8243; background_color=&#8220;#041e42&#8243; border_width_top=&#8220;1px&#8220; border_color_top=&#8220;#ecebee&#8220; border_color_bottom=&#8220;#ecebee&#8220; global_colors_info=&#8220;{}&#8220;][et_pb_row column_structure=&#8220;3_5,2_5&#8243; _builder_version=&#8220;4.16&#8243; _module_preset=&#8220;default&#8220; global_colors_info=&#8220;{}&#8220;][et_pb_column type=&#8220;3_5&#8243; _builder_version=&#8220;4.16&#8243; _module_preset=&#8220;default&#8220; global_colors_info=&#8220;{}&#8220;][et_pb_text _builder_version=&#8220;4.16&#8243; _module_preset=&#8220;default&#8220; header_2_font=&#8220;Source Sans Pro|700|||||||&#8220; header_2_text_color=&#8220;#ffffff&#8220; global_colors_info=&#8220;{}&#8220;]<\/p>\n<h2>Warum ist die EU-Datenschutzgrundverordnung (DSGVO) so wichtig?<\/h2>\n<p>[\/et_pb_text][et_pb_text _builder_version=&#8220;4.16&#8243; _module_preset=&#8220;default&#8220; text_text_color=&#8220;#ffffff&#8220; global_colors_info=&#8220;{}&#8220;]<\/p>\n<p>Die DSGVO ist eine EU-Verordnung, die die Verarbeitung personenbezogener Daten durch Unternehmen und Beh\u00f6rden regelt. Die Verordnung ist seit dem 25. Mai 2016 in Kraft und muss bis zum 25. Mai 2018 umgesetzt werden. Falls Unternehmen sich nicht daran halten, drohen Bu\u00dfgelder von \u00a0bis zu 20 Millionen Euro oder 4% des weltweiten Jahresumsatzes\u00a0.<\/p>\n<p>Die DSGVO betrifft alle Unternehmen, die personenbezogene Daten verarbeiten. Dazu geh\u00f6ren z.B. Namen, Kundendaten, Telefonnummern, E-Mail-Adressen oder andere Daten, mit denen Personen identifiziert werden k\u00f6nnen.<\/p>\n<p><strong>Gestalten Sie den Austausch von Dateien mit ownCloud sicher &#8211; und vollst\u00e4ndig DSGVO-konform.<\/strong><\/p>\n<p>ownCloud bietet Ihnen im Vergleich zu herk\u00f6mmlichen \u00f6ffentlichen Cloud-Angeboten eine sichere Alternative f\u00fcr Ihr Filesharing. Dank der Installation vor Ort und einer Vielzahl von Verwaltungs- und Sicherheitsfunktionen erhalten Sie nicht nur die volle Kontrolle \u00fcber Ihre Daten, sondern auch eine tats\u00e4chlich private Cloud f\u00fcr Ihr Unternehmen, die vollst\u00e4ndig mit der EU-Datenschutzgrundverordnung (DGSVO) \u00fcbereinstimmt.<\/p>\n<p>[\/et_pb_text][\/et_pb_column][et_pb_column type=&#8220;2_5&#8243; _builder_version=&#8220;4.16&#8243; _module_preset=&#8220;default&#8220; global_colors_info=&#8220;{}&#8220;][et_pb_image src=&#8220;https:\/\/owncloud.com\/wp-content\/uploads\/2020\/08\/eu-flag_shield.svg&#8220; alt=&#8220;DSGVO EU-Flagge mit Schild&#8220; title_text=&#8220;eu-flag_shield&#8220; align=&#8220;center&#8220; _builder_version=&#8220;4.16&#8243; _module_preset=&#8220;default&#8220; width=&#8220;70%&#8220; max_width=&#8220;70%&#8220; global_colors_info=&#8220;{}&#8220;][\/et_pb_image][\/et_pb_column][\/et_pb_row][\/et_pb_section][et_pb_section fb_built=&#8220;1&#8243; _builder_version=&#8220;4.16&#8243; background_color=&#8220;rgba(78,133,200,0.05)&#8220; border_width_bottom=&#8220;1px&#8220; border_color_bottom=&#8220;#ecebee&#8220; global_colors_info=&#8220;{}&#8220;][et_pb_row _builder_version=&#8220;4.16&#8243; scroll_blur_enable=&#8220;on&#8220; scroll_blur=&#8220;0|20|40|100|10|0|0&#8243; global_colors_info=&#8220;{}&#8220;][et_pb_column type=&#8220;4_4&#8243; _builder_version=&#8220;4.16&#8243; global_colors_info=&#8220;{}&#8220;][et_pb_text _builder_version=&#8220;4.16&#8243; text_text_color=&#8220;#55606c&#8220; text_font_size=&#8220;18px&#8220; text_line_height=&#8220;1.6em&#8220; header_2_font=&#8220;|600|||||||&#8220; header_2_text_color=&#8220;#041e42&#8243; header_2_font_size=&#8220;40px&#8220; text_orientation=&#8220;center&#8220; max_width=&#8220;70%&#8220; module_alignment=&#8220;center&#8220; global_colors_info=&#8220;{}&#8220;]<\/p>\n<h3><strong>ownCloud erf\u00fcllt die DSGVO-Anforderungen:<\/strong><\/h3>\n<p>[\/et_pb_text][\/et_pb_column][\/et_pb_row][et_pb_row column_structure=&#8220;1_2,1_2&#8243; _builder_version=&#8220;4.16&#8243; _module_preset=&#8220;default&#8220; global_colors_info=&#8220;{}&#8220;][et_pb_column type=&#8220;1_2&#8243; _builder_version=&#8220;4.16&#8243; _module_preset=&#8220;default&#8220; global_colors_info=&#8220;{}&#8220;][et_pb_blurb title=&#8220;Verf\u00fcgbarkeit &#038; Zugang&#8220; _builder_version=&#8220;4.16&#8243; _module_preset=&#8220;default&#8220; header_font=&#8220;|700|||||||&#8220; background_color=&#8220;#ffffff&#8220; custom_padding=&#8220;30px|30px|30px|30px|true|true&#8220; border_radii=&#8220;on|3px|3px|3px|3px&#8220; border_width_all=&#8220;1px&#8220; box_shadow_style=&#8220;preset2&#8243; global_colors_info=&#8220;{}&#8220;]<\/p>\n<p>Datenverf\u00fcgbarkeit und -zugang sind jederzeit gew\u00e4hrleistet:<\/p>\n<p>ownCloud kann mit integriertem Ransomware-Schutz; Versionierung mit granularer Wiederherstellungsfunktionalit\u00e4t; hoher Verf\u00fcgbarkeit aufwarten.<\/p>\n<p>[\/et_pb_blurb][et_pb_blurb title=&#8220;Transparenz &#038; Verfahren&#8220; _builder_version=&#8220;4.16&#8243; _module_preset=&#8220;default&#8220; header_font=&#8220;|700|||||||&#8220; background_color=&#8220;#ffffff&#8220; custom_padding=&#8220;30px|30px|30px|30px|true|true&#8220; border_radii=&#8220;on|3px|3px|3px|3px&#8220; border_width_all=&#8220;1px&#8220; box_shadow_style=&#8220;preset2&#8243; global_colors_info=&#8220;{}&#8220;]<\/p>\n<p>Transparente &amp; nachvollziehbare Datenverarbeitung und Verfahren zur Bewertung der Wirksamkeit von Schutzma\u00dfnahmen.<\/p>\n<p>ownCloud verf\u00fcgt \u00fcber ein Auditierungs-\/Logging-Modul und transparentes Berechtigungsmanagement.<\/p>\n<p>[\/et_pb_blurb][\/et_pb_column][et_pb_column type=&#8220;1_2&#8243; _builder_version=&#8220;4.16&#8243; _module_preset=&#8220;default&#8220; global_colors_info=&#8220;{}&#8220;][et_pb_blurb title=&#8220;Integrit\u00e4t &#038; Widerstandsf\u00e4higkeit der Systeme&#8220; _builder_version=&#8220;4.16&#8243; _module_preset=&#8220;default&#8220; header_font=&#8220;|700|||||||&#8220; body_link_font=&#8220;|700|||||||&#8220; background_color=&#8220;#ffffff&#8220; custom_padding=&#8220;30px|30px|30px|30px|true|true&#8220; border_radii=&#8220;on|3px|3px|3px|3px&#8220; border_width_all=&#8220;1px&#8220; box_shadow_style=&#8220;preset2&#8243; global_colors_info=&#8220;{}&#8220;]<\/p>\n<p>Datei\u00e4nderungen k\u00f6nnen selbst bei hoher Last erkannt und gepr\u00fcft werden.<\/p>\n<p>ownCloud bietet Mehr-Faktor-Authentifizierung;<br \/>Berechtigungsverwaltung; Datei-Firewall; Audit-Protokoll; Dateiintegrit\u00e4tspr\u00fcfung; Authentifizierung; Dokumentenklassifizierung und Richtlinien<\/p>\n<p>&nbsp;<\/p>\n<p>[\/et_pb_blurb][et_pb_blurb title=&#8220;Verschl\u00fcsselung personenbezogener Daten&#8220; _builder_version=&#8220;4.16&#8243; _module_preset=&#8220;default&#8220; header_font=&#8220;|700|||||||&#8220; body_link_font=&#8220;|700|||||||&#8220; background_color=&#8220;#ffffff&#8220; custom_padding=&#8220;30px|30px|30px|30px|true|true&#8220; border_radii=&#8220;on|3px|3px|3px|3px&#8220; border_width_all=&#8220;1px&#8220; box_shadow_style=&#8220;preset2&#8243; global_colors_info=&#8220;{}&#8220;]<\/p>\n<p>Personenbezogene Daten sollten verschl\u00fcsselt werden, um angemessenen Schutz zu gew\u00e4hrleisten.\u00a0<\/p>\n<p>ownCloud bietet Client-seitige Ende-zu-Ende-Verschl\u00fcsselung; Server-seitige Verschl\u00fcsselung mit HSM-Support.<\/p>\n<p>[\/et_pb_blurb][\/et_pb_column][\/et_pb_row][\/et_pb_section][et_pb_section fb_built=&#8220;1&#8243; admin_label=&#8220;section&#8220; _builder_version=&#8220;4.16&#8243; background_color=&#8220;#FFFFFF&#8220; custom_margin_tablet=&#8220;&#8220; custom_margin_phone=&#8220;&#8220; custom_margin_last_edited=&#8220;on|phone&#8220; custom_padding=&#8220;100px||100px||false|false&#8220; saved_tabs=&#8220;all&#8220; global_colors_info=&#8220;{}&#8220;][et_pb_row _builder_version=&#8220;4.16&#8243; _module_preset=&#8220;default&#8220; collapsed=&#8220;off&#8220; global_colors_info=&#8220;{}&#8220;][et_pb_column type=&#8220;4_4&#8243; _builder_version=&#8220;4.16&#8243; _module_preset=&#8220;default&#8220; global_colors_info=&#8220;{}&#8220;][et_pb_text _builder_version=&#8220;4.16&#8243; _module_preset=&#8220;default&#8220; header_2_font=&#8220;|600|||||||&#8220; header_2_text_color=&#8220;#94969E&#8220; header_2_font_size=&#8220;28px&#8220; header_3_text_color=&#8220;#94969e&#8220; global_colors_info=&#8220;{}&#8220;]<\/p>\n<h2 style=\"text-align: center;\">Mehr als 200 Millionen Nutzer weltweit<\/h2>\n<p>[\/et_pb_text][\/et_pb_column][\/et_pb_row][et_pb_row make_equal=&#8220;on&#8220; _builder_version=&#8220;4.16&#8243; custom_padding=&#8220;0px||||false|false&#8220; locked=&#8220;off&#8220; collapsed=&#8220;on&#8220; global_colors_info=&#8220;{}&#8220;][et_pb_column type=&#8220;4_4&#8243; module_class=&#8220;customer-logos&#8220; _builder_version=&#8220;4.16&#8243; global_colors_info=&#8220;{}&#8220;][et_pb_image src=&#8220;https:\/\/owncloud.com\/wp-content\/uploads\/2020\/09\/logo-cern.svg&#8220; alt=&#8220;ownCloud-Kunde CERN&#8220; title_text=&#8220;logo-cern&#8220; _builder_version=&#8220;4.16&#8243; global_colors_info=&#8220;{}&#8220;][\/et_pb_image][et_pb_image src=&#8220;https:\/\/owncloud.com\/wp-content\/uploads\/2020\/06\/ethz_logo_black-1.svg&#8220; alt=&#8220;ownCloud-Kunde ETH Z\u00fcrich&#8220; title_text=&#8220;ownCloud-Kunde ETH Z\u00fcrich&#8220; align=&#8220;center&#8220; _builder_version=&#8220;4.16&#8243; global_colors_info=&#8220;{}&#8220;][\/et_pb_image][et_pb_image src=&#8220;https:\/\/owncloud.com\/wp-content\/uploads\/2020\/08\/EuropeanInverstmentBank.svg&#8220; alt=&#8220;ownCloud-Kunde Daimler&#8220; title_text=&#8220;ownCloud-Kunde Europ\u00e4ische Investment-Bank&#8220; align=&#8220;center&#8220; _builder_version=&#8220;4.16&#8243; global_colors_info=&#8220;{}&#8220;][\/et_pb_image][et_pb_image src=&#8220;https:\/\/owncloud.com\/wp-content\/uploads\/2020\/06\/european_commision.svg&#8220; alt=&#8220;ownCloud-Kunde Europ\u00e4ische Kommission&#8220; title_text=&#8220;ownCloud-Kunde Europ\u00e4ische Kommission&#8220; align=&#8220;center&#8220; _builder_version=&#8220;4.16&#8243; global_colors_info=&#8220;{}&#8220;][\/et_pb_image][et_pb_image src=&#8220;https:\/\/owncloud.com\/wp-content\/uploads\/2020\/08\/ZF.svg&#8220; alt=&#8220;ownCloud-Kunde DB Mobility Networks Logistics&#8220; title_text=&#8220;ZF&#8220; _builder_version=&#8220;4.16&#8243; global_colors_info=&#8220;{}&#8220;][\/et_pb_image][et_pb_image src=&#8220;https:\/\/owncloud.com\/wp-content\/uploads\/2020\/08\/SwissLife.svg&#8220; alt=&#8220;ownCloud-Kunde Fujitsu&#8220; title_text=&#8220;SwissLife&#8220; align=&#8220;center&#8220; _builder_version=&#8220;4.16&#8243; global_colors_info=&#8220;{}&#8220;][\/et_pb_image][\/et_pb_column][\/et_pb_row][\/et_pb_section]<\/p>\n","protected":false},"excerpt":{"rendered":"<p>ownCloud ist die L\u00f6sung f\u00fcr das Bereitstellen und Arbeiten mit sensiblen Daten in Ihrer Organisation. Bequem und DSGVO-konform.<\/p>\n","protected":false},"author":4,"featured_media":50324,"parent":0,"menu_order":0,"comment_status":"closed","ping_status":"closed","template":"","meta":{"_acf_changed":false,"_et_pb_use_builder":"on","_et_pb_old_content":"","_et_gb_content_width":"","inline_featured_image":false,"footnotes":""},"categories":[],"class_list":["post-56058","page","type-page","status-publish","has-post-thumbnail","hentry"],"acf":[],"_links":{"self":[{"href":"https:\/\/owncloud.com\/de\/wp-json\/wp\/v2\/pages\/56058","targetHints":{"allow":["GET"]}}],"collection":[{"href":"https:\/\/owncloud.com\/de\/wp-json\/wp\/v2\/pages"}],"about":[{"href":"https:\/\/owncloud.com\/de\/wp-json\/wp\/v2\/types\/page"}],"author":[{"embeddable":true,"href":"https:\/\/owncloud.com\/de\/wp-json\/wp\/v2\/users\/4"}],"replies":[{"embeddable":true,"href":"https:\/\/owncloud.com\/de\/wp-json\/wp\/v2\/comments?post=56058"}],"version-history":[{"count":5,"href":"https:\/\/owncloud.com\/de\/wp-json\/wp\/v2\/pages\/56058\/revisions"}],"predecessor-version":[{"id":78285,"href":"https:\/\/owncloud.com\/de\/wp-json\/wp\/v2\/pages\/56058\/revisions\/78285"}],"wp:featuredmedia":[{"embeddable":true,"href":"https:\/\/owncloud.com\/de\/wp-json\/wp\/v2\/media\/50324"}],"wp:attachment":[{"href":"https:\/\/owncloud.com\/de\/wp-json\/wp\/v2\/media?parent=56058"}],"wp:term":[{"taxonomy":"category","embeddable":true,"href":"https:\/\/owncloud.com\/de\/wp-json\/wp\/v2\/categories?post=56058"}],"curies":[{"name":"wp","href":"https:\/\/api.w.org\/{rel}","templated":true}]}}