{"id":62240,"date":"2021-06-16T14:12:57","date_gmt":"2021-06-16T14:12:57","guid":{"rendered":"https:\/\/owncloud.com\/?page_id=62240"},"modified":"2024-01-18T16:24:35","modified_gmt":"2024-01-18T16:24:35","slug":"vermeiden-sie-e-mail-anhaenge","status":"publish","type":"page","link":"https:\/\/owncloud.com\/de\/produkt\/vermeiden-sie-e-mail-anhaenge\/","title":{"rendered":"Vermeiden Sie E-Mail-Anh\u00e4nge"},"content":{"rendered":"<p>[et_pb_section fb_built=&#8220;1&#8243; custom_padding_last_edited=&#8220;on|phone&#8220; next_background_color=&#8220;#ffffff&#8220; _builder_version=&#8220;4.16&#8243; background_color=&#8220;#041e42&#8243; background_image=&#8220;https:\/\/owncloud.com\/wp-content\/uploads\/2020\/07\/Front.svg&#8220; background_position=&#8220;bottom_center&#8220; custom_margin=&#8220;||||false|false&#8220; custom_padding=&#8220;30px||140px||false|false&#8220; custom_padding_tablet=&#8220;0px||100px||false|false&#8220; custom_padding_phone=&#8220;&#8220; bottom_divider_style=&#8220;slant&#8220; bottom_divider_height=&#8220;130px&#8220; bottom_divider_flip=&#8220;horizontal&#8220; scroll_blur=&#8220;0|16|37|100|10|0|0&#8243; global_colors_info=&#8220;{}&#8220;][et_pb_row _builder_version=&#8220;4.16&#8243; max_width=&#8220;800px&#8220; custom_margin=&#8220;||0px||false|false&#8220; custom_padding=&#8220;||0px||false|false&#8220; global_colors_info=&#8220;{}&#8220;][et_pb_column type=&#8220;4_4&#8243; _builder_version=&#8220;4.16&#8243; global_colors_info=&#8220;{}&#8220;][et_pb_text _builder_version=&#8220;4.16&#8243; header_text_align=&#8220;center&#8220; header_font_size=&#8220;56px&#8220; header_4_font=&#8220;|600||on|||||&#8220; header_4_text_color=&#8220;#e56f35&#8243; text_orientation=&#8220;center&#8220; background_layout=&#8220;dark&#8220; global_colors_info=&#8220;{}&#8220;]<\/p>\n<h1>Vermeiden Sie E-Mail-Anh\u00e4nge<\/h1>\n<p>[\/et_pb_text][et_pb_text _builder_version=&#8220;4.16&#8243; text_text_color=&#8220;#4e85c8&#8243; text_font_size=&#8220;22px&#8220; text_line_height=&#8220;1.3em&#8220; text_orientation=&#8220;center&#8220; background_layout=&#8220;dark&#8220; max_width=&#8220;442px&#8220; module_alignment=&#8220;center&#8220; custom_margin=&#8220;|||172px||&#8220; global_colors_info=&#8220;{}&#8220;]Senden Sie Links und vermeiden Sie E-Mail-Anh\u00e4nge. Das ist sicherer und entlastet den Mailserver.[\/et_pb_text][\/et_pb_column][\/et_pb_row][et_pb_row _builder_version=&#8220;4.16&#8243; background_color=&#8220;#ffffff&#8220; max_width=&#8220;800px&#8220; module_alignment=&#8220;center&#8220; custom_margin=&#8220;30px||-170px||false|false&#8220; border_radii=&#8220;on|15px|15px|15px|15px&#8220; global_colors_info=&#8220;{}&#8220;][et_pb_column type=&#8220;4_4&#8243; _builder_version=&#8220;4.16&#8243; global_colors_info=&#8220;{}&#8220;][et_pb_image src=&#8220;https:\/\/owncloud.com\/wp-content\/uploads\/2020\/07\/Unburder_the_mail_server_bright-3.png&#8220; alt=&#8220;Mit ownCloud sind E-Mail-Anh\u00e4nge Geschichte&#8220; title_text=&#8220;Mit ownCloud sind E-Mail-Anh\u00e4nge Geschichte&#8220; align=&#8220;center&#8220; _builder_version=&#8220;4.16&#8243; max_height=&#8220;50vh&#8220; border_color_all=&#8220;rgba(85,96,108,0.3)&#8220; global_colors_info=&#8220;{}&#8220;][\/et_pb_image][\/et_pb_column][\/et_pb_row][\/et_pb_section][et_pb_section fb_built=&#8220;1&#8243; custom_padding_last_edited=&#8220;on|tablet&#8220; _builder_version=&#8220;4.16&#8243; custom_padding=&#8220;50px||||false|false&#8220; custom_padding_tablet=&#8220;90px||||false|false&#8220; custom_padding_phone=&#8220;&#8220; global_colors_info=&#8220;{}&#8220;][et_pb_row column_structure=&#8220;1_5,3_5,1_5&#8243; _builder_version=&#8220;4.16&#8243; global_colors_info=&#8220;{}&#8220;][et_pb_column type=&#8220;1_5&#8243; _builder_version=&#8220;4.16&#8243; global_colors_info=&#8220;{}&#8220;][\/et_pb_column][et_pb_column type=&#8220;3_5&#8243; _builder_version=&#8220;4.16&#8243; global_colors_info=&#8220;{}&#8220;][et_pb_text _builder_version=&#8220;4.16&#8243; link_font=&#8220;|700|||||||&#8220; max_width=&#8220;800px&#8220; module_alignment=&#8220;center&#8220; global_colors_info=&#8220;{}&#8220;]Unternehmen versenden riesige Datenmengen in Form von Anh\u00e4ngen an E-Mails. Dieser Ansatz birgt jedoch einige Probleme. Mehrere Kopien von Dateien \u00fcberh\u00e4ufen mehrere Festplatten, mehrere Versionen von Dateien schaffen Verwirrung, lokale Kopien sind st\u00e4rker diebstahlgef\u00e4hrdet. Au\u00dferdem haben E-Mail-Systeme in der Regel ein Dateigr\u00f6\u00dfenlimit.<\/p>\n<p>Mit ownCloud mailen Mitarbeiter Links zu Dateien oder Ordnern von unbegrenzter Gr\u00f6\u00dfe, w\u00e4hrend diese Dateien und Ordner an einem Ort und hinter umfassenden Zugriffskontrollma\u00dfnahmen bleiben.<\/p>\n<p>Das ownCloud <a href=\"https:\/\/owncloud.com\/features\/outlook-plugin\/\">Outlook Plugin<\/a> f\u00fcr Windows macht den Prozess noch einfacher: Angeh\u00e4ngte Dateien werden automatisch in Links in ownCloud umgewandelt.[\/et_pb_text][\/et_pb_column][et_pb_column type=&#8220;1_5&#8243; _builder_version=&#8220;4.16&#8243; global_colors_info=&#8220;{}&#8220;][\/et_pb_column][\/et_pb_row][et_pb_row column_structure=&#8220;1_5,3_5,1_5&#8243; _builder_version=&#8220;4.16&#8243; custom_padding=&#8220;||0px||false|false&#8220; global_colors_info=&#8220;{}&#8220;][et_pb_column type=&#8220;1_5&#8243; _builder_version=&#8220;4.16&#8243; global_colors_info=&#8220;{}&#8220;][\/et_pb_column][et_pb_column type=&#8220;3_5&#8243; _builder_version=&#8220;4.16&#8243; global_colors_info=&#8220;{}&#8220;][et_pb_text module_class=&#8220;checklist&#8220; _builder_version=&#8220;4.16&#8243; text_text_color=&#8220;#4e85c8&#8243; text_font_size=&#8220;20px&#8220; custom_margin=&#8220;0px||0px||false|false&#8220; custom_padding=&#8220;0px||0px||false|false&#8220; animation_style=&#8220;slide&#8220; animation_direction=&#8220;left&#8220; global_colors_info=&#8220;{}&#8220;]<\/p>\n<ul>\n<li>Bewahren Sie Unternehmens- und Benutzerdaten sicher auf<\/li>\n<\/ul>\n<p>[\/et_pb_text][et_pb_text module_class=&#8220;checklist&#8220; _builder_version=&#8220;4.16&#8243; text_text_color=&#8220;#4e85c8&#8243; text_font_size=&#8220;20px&#8220; custom_margin=&#8220;0px||0px||false|false&#8220; custom_padding=&#8220;0px||0px||false|false&#8220; animation_style=&#8220;slide&#8220; animation_direction=&#8220;left&#8220; global_colors_info=&#8220;{}&#8220;]<\/p>\n<ul>\n<li>Verwenden Sie weniger Speicher<\/li>\n<\/ul>\n<p>[\/et_pb_text][et_pb_text module_class=&#8220;checklist&#8220; _builder_version=&#8220;4.16&#8243; text_text_color=&#8220;#4e85c8&#8243; text_font_size=&#8220;20px&#8220; custom_margin=&#8220;0px||0px||false|false&#8220; custom_padding=&#8220;0px||0px||false|false&#8220; animation_style=&#8220;slide&#8220; animation_direction=&#8220;left&#8220; global_colors_info=&#8220;{}&#8220;]<\/p>\n<ul>\n<li>Entlasten Sie den Mailserver<\/li>\n<\/ul>\n<p>[\/et_pb_text][et_pb_text module_class=&#8220;checklist&#8220; _builder_version=&#8220;4.16&#8243; text_text_color=&#8220;#4e85c8&#8243; text_font_size=&#8220;20px&#8220; custom_margin=&#8220;0px||0px||false|false&#8220; custom_padding=&#8220;0px||0px||false|false&#8220; animation_style=&#8220;slide&#8220; animation_direction=&#8220;left&#8220; global_colors_info=&#8220;{}&#8220;]<\/p>\n<ul>\n<li>Halten Sie Bedrohungen fern, indem Sie eine &#8222;No-Attachments&#8220;-Richtlinie implementieren<\/li>\n<\/ul>\n<p>[\/et_pb_text][\/et_pb_column][et_pb_column type=&#8220;1_5&#8243; _builder_version=&#8220;4.16&#8243; global_colors_info=&#8220;{}&#8220;][\/et_pb_column][\/et_pb_row][\/et_pb_section][et_pb_section fb_built=&#8220;1&#8243; _builder_version=&#8220;4.16&#8243; background_color=&#8220;rgba(78,133,200,0.05)&#8220; border_width_top=&#8220;1px&#8220; border_color_top=&#8220;rgba(78,133,200,0.1)&#8220; global_colors_info=&#8220;{}&#8220;][et_pb_row _builder_version=&#8220;4.16&#8243; custom_padding=&#8220;||10px||false|false&#8220; global_colors_info=&#8220;{}&#8220;][et_pb_column type=&#8220;4_4&#8243; _builder_version=&#8220;4.16&#8243; global_colors_info=&#8220;{}&#8220;][et_pb_text _builder_version=&#8220;4.16&#8243; header_3_text_align=&#8220;center&#8220; header_3_text_color=&#8220;#041e42&#8243; header_3_font_size=&#8220;36px&#8220; global_colors_info=&#8220;{}&#8220;]<\/p>\n<h3>ownCloud-Funktionen, die helfen, E-Mail-Anh\u00e4nge zu vermeiden:<\/h3>\n<p>[\/et_pb_text][\/et_pb_column][\/et_pb_row][et_pb_row column_structure=&#8220;1_4,1_4,1_4,1_4&#8243; use_custom_gutter=&#8220;on&#8220; gutter_width=&#8220;2&#8243; make_equal=&#8220;on&#8220; _builder_version=&#8220;4.16&#8243; min_height=&#8220;240px&#8220; custom_padding=&#8220;||0px||false|false&#8220; locked=&#8220;off&#8220; global_colors_info=&#8220;{}&#8220;][et_pb_column type=&#8220;1_4&#8243; _builder_version=&#8220;4.16&#8243; _module_preset=&#8220;default&#8220; global_colors_info=&#8220;{}&#8220;][et_pb_blurb title=&#8220;Public Link Sharing&#8220; image=&#8220;https:\/\/owncloud.com\/wp-content\/uploads\/2020\/07\/feature-icon-public-links.svg&#8220; alt=&#8220;ownCloud Outlook Plugin&#8220; _builder_version=&#8220;4.16&#8243; _module_preset=&#8220;c97d3565-e4e5-4f11-bc1d-096db9cb87d5&#8243; locked=&#8220;off&#8220; global_colors_info=&#8220;{}&#8220;]Freigabe von Dateien und Ordnern f\u00fcr externe Kontakte, gesch\u00fctzt durch Passw\u00f6rter und Ablaufdaten.<\/p>\n<p><strong><a href=\"https:\/\/owncloud.com\/features\/public-link-sharing\/\">Erfahren Sie mehr<\/a><\/strong>[\/et_pb_blurb][et_pb_blurb title=&#8220;Benutzerdefinierte Gruppen&#8220; image=&#8220;https:\/\/owncloud.com\/wp-content\/uploads\/2020\/07\/feature-icon-custom-groups.svg&#8220; alt=&#8220;ownCloud Kommentare&#8220; _builder_version=&#8220;4.16&#8243; _module_preset=&#8220;c97d3565-e4e5-4f11-bc1d-096db9cb87d5&#8243; locked=&#8220;off&#8220; global_colors_info=&#8220;{}&#8220;]Benutzer k\u00f6nnen zur Verringerung des Verwaltungsaufwands Gruppen erstellen, um Daten mit mehreren Personen gemeinsam zu nutzen.<\/p>\n<p><strong><a href=\"https:\/\/owncloud.com\/features\/custom-groups\/\">Erfahren Sie mehr<\/a><\/strong>[\/et_pb_blurb][\/et_pb_column][et_pb_column type=&#8220;1_4&#8243; _builder_version=&#8220;4.16&#8243; _module_preset=&#8220;default&#8220; global_colors_info=&#8220;{}&#8220;][et_pb_blurb title=&#8220;Outlook Plugin&#8220; image=&#8220;https:\/\/owncloud.com\/wp-content\/uploads\/2020\/07\/feature-icon-outlook-plugin.svg&#8220; alt=&#8220;ownCloud Outlook Plugin&#8220; _builder_version=&#8220;4.16&#8243; _module_preset=&#8220;c97d3565-e4e5-4f11-bc1d-096db9cb87d5&#8243; locked=&#8220;off&#8220; global_colors_info=&#8220;{}&#8220;]Wandeln Sie Outlook-Anh\u00e4nge automatisch in sichere Links um. Ohne Dateigr\u00f6\u00dfenbeschr\u00e4nkung.<\/p>\n<p><strong><a href=\"https:\/\/owncloud.com\/features\/outlook-plugin\/\">Erfahren Sie mehr<\/a><\/strong>[\/et_pb_blurb][et_pb_blurb title=&#8220;Gastnutzer&#8220; image=&#8220;https:\/\/owncloud.com\/wp-content\/uploads\/2020\/07\/feature-icon-guest-users.svg&#8220; alt=&#8220;ownCloud Gastnutzer&#8220; _builder_version=&#8220;4.16&#8243; _module_preset=&#8220;c97d3565-e4e5-4f11-bc1d-096db9cb87d5&#8243; locked=&#8220;off&#8220; global_colors_info=&#8220;{}&#8220;]Erm\u00f6glichen Sie ausgew\u00e4hlten externen Kontakten den Zugriff auf ausgew\u00e4hlte Dateien und Ordner per Login und optimieren Sie damit Ihre Koordination.<\/p>\n<p><strong><a href=\"https:\/\/owncloud.com\/features\/guest-users\/\">Erfahren Sie mehr<\/a><\/strong>[\/et_pb_blurb][\/et_pb_column][et_pb_column type=&#8220;1_4&#8243; _builder_version=&#8220;4.16&#8243; _module_preset=&#8220;default&#8220; global_colors_info=&#8220;{}&#8220;][et_pb_blurb title=&#8220;Gemeinsames Cloudsharing&#8220; image=&#8220;https:\/\/owncloud.com\/wp-content\/uploads\/2020\/07\/feature-icon-federated-cloud-sharing-1.svg&#8220; alt=&#8220;ownCloud Gemeinsame Clouds&#8220; _builder_version=&#8220;4.16&#8243; _module_preset=&#8220;c97d3565-e4e5-4f11-bc1d-096db9cb87d5&#8243; locked=&#8220;off&#8220; global_colors_info=&#8220;{}&#8220;]Tauschen Sie Dateien und Ordner mit Benutzern anderer ownClouds aus. Bereit f\u00fcr den l\u00e4nder\u00fcbergreifenden Einsatz.<\/p>\n<p><strong><a href=\"https:\/\/owncloud.com\/features\/federated-cloud-sharing\/\">Erfahren Sie mehr<\/a><\/strong>[\/et_pb_blurb][et_pb_blurb title=&#8220;Aktivit\u00e4ten-Stream&#8220; image=&#8220;https:\/\/owncloud.com\/wp-content\/uploads\/2020\/07\/feature-icon-activity-stream.svg&#8220; alt=&#8220;ownCloud Aktivit\u00e4ten-Stream&#8220; _builder_version=&#8220;4.16&#8243; _module_preset=&#8220;c97d3565-e4e5-4f11-bc1d-096db9cb87d5&#8243; locked=&#8220;off&#8220; global_colors_info=&#8220;{}&#8220;]Halten Sie mit Ihren Kollegen Schritt. Sehen Sie, wer in welcher Datei oder in welchem Ordner was bearbeitet hat.<\/p>\n<p><strong><a href=\"https:\/\/owncloud.com\/features\/activity-stream\/\">Erfahren Sie mehr<\/a><\/strong>[\/et_pb_blurb][\/et_pb_column][et_pb_column type=&#8220;1_4&#8243; _builder_version=&#8220;4.16&#8243; _module_preset=&#8220;default&#8220; global_colors_info=&#8220;{}&#8220;][et_pb_blurb title=&#8220;Unbegrenzte Dateigr\u00f6\u00dfe&#8220; image=&#8220;https:\/\/owncloud.com\/wp-content\/uploads\/2020\/07\/feature-icon-unlimited-file-size.svg&#8220; alt=&#8220;ownCloud Datei-Lebenszyklus Management&#8220; _builder_version=&#8220;4.16&#8243; _module_preset=&#8220;c97d3565-e4e5-4f11-bc1d-096db9cb87d5&#8243; locked=&#8220;off&#8220; global_colors_info=&#8220;{}&#8220;]ownCloud kann mit jeder Datei umgehen, die Sie dem Programm zuwerfen.<\/p>\n<p><strong><a href=\"https:\/\/owncloud.com\/features\/unlimited-file-size\/\">Erfahren Sie mehr<\/a><\/strong>[\/et_pb_blurb][\/et_pb_column][\/et_pb_row][\/et_pb_section][et_pb_section fb_built=&#8220;1&#8243; _builder_version=&#8220;4.16&#8243; background_color=&#8220;#041e42&#8243; background_image=&#8220;https:\/\/owncloud.com\/wp-content\/uploads\/2020\/06\/FormBackgroundDark.svg&#8220; parallax=&#8220;on&#8220; saved_tabs=&#8220;all&#8220; global_colors_info=&#8220;{}&#8220;][et_pb_row column_structure=&#8220;1_5,3_5,1_5&#8243; _builder_version=&#8220;4.16&#8243; global_colors_info=&#8220;{}&#8220;][et_pb_column type=&#8220;1_5&#8243; _builder_version=&#8220;4.16&#8243; global_colors_info=&#8220;{}&#8220;][\/et_pb_column][et_pb_column type=&#8220;3_5&#8243; _builder_version=&#8220;4.16&#8243; global_colors_info=&#8220;{}&#8220;][et_pb_text _builder_version=&#8220;4.16&#8243; header_2_font=&#8220;|700|||||||&#8220; header_2_text_align=&#8220;center&#8220; header_2_font_size=&#8220;54px&#8220; background_layout=&#8220;dark&#8220; global_colors_info=&#8220;{}&#8220;]<\/p>\n<h2>Sind Sie bereit f\u00fcr den Einstieg?<\/h2>\n<p>[\/et_pb_text][\/et_pb_column][et_pb_column type=&#8220;1_5&#8243; _builder_version=&#8220;4.16&#8243; global_colors_info=&#8220;{}&#8220;][\/et_pb_column][\/et_pb_row][et_pb_row column_structure=&#8220;1_5,3_5,1_5&#8243; _builder_version=&#8220;4.16&#8243; custom_padding=&#8220;0px||||false|false&#8220; global_colors_info=&#8220;{}&#8220;][et_pb_column type=&#8220;1_5&#8243; _builder_version=&#8220;4.16&#8243; global_colors_info=&#8220;{}&#8220;][\/et_pb_column][et_pb_column type=&#8220;3_5&#8243; _builder_version=&#8220;4.16&#8243; custom_css_main_element=&#8220;display: flex;||justify-content: center;&#8220; global_colors_info=&#8220;{}&#8220;][et_pb_button button_url=&#8220;https:\/\/owncloud.com\/schedule-demo\/&#8220; button_text=&#8220;Vereinbaren Sie eine Demonstration&#8220; _builder_version=&#8220;4.16&#8243; button_bg_color_last_edited=&#8220;off|desktop&#8220; custom_css_main_element=&#8220;box-shadow: 0 4px 6px rgba(50,50,93,.11), 0 1px 3px rgba(0,0,0,.08);&#8220; global_colors_info=&#8220;{}&#8220; button_border_color__hover=&#8220;&#8220; button_border_color__hover_enabled=&#8220;on|hover&#8220; button_border_width__hover=&#8220;&#8220; button_border_width__hover_enabled=&#8220;on|hover&#8220; custom_padding__hover_enabled=&#8220;off|hover&#8220;][\/et_pb_button][et_pb_button button_url=&#8220;@ET-DC@eyJkeW5hbWljIjp0cnVlLCJjb250ZW50IjoicG9zdF9saW5rX3VybF9wYWdlIiwic2V0dGluZ3MiOnsicG9zdF9pZCI6IjMyNDYifX0=@&#8220; button_text=&#8220;Wir machen Ihnen ein Angebot&#8220; _builder_version=&#8220;4.16&#8243; _dynamic_attributes=&#8220;button_url&#8220; button_bg_color=&#8220;rgba(0,0,0,0)&#8220; button_border_color=&#8220;#ffffff&#8220; global_colors_info=&#8220;{}&#8220; button_bg_color__hover=&#8220;#041e42&#8243; button_border_color__hover=&#8220;#ffffff&#8220; button_border_color__hover_enabled=&#8220;on|hover&#8220; button_border_width__hover=&#8220;&#8220; button_border_width__hover_enabled=&#8220;on|hover&#8220; custom_padding__hover_enabled=&#8220;off|hover&#8220;][\/et_pb_button][\/et_pb_column][et_pb_column type=&#8220;1_5&#8243; _builder_version=&#8220;4.16&#8243; global_colors_info=&#8220;{}&#8220;][\/et_pb_column][\/et_pb_row][\/et_pb_section][et_pb_section fb_built=&#8220;1&#8243; _builder_version=&#8220;4.16&#8243; background_color=&#8220;rgba(78,133,200,0.05)&#8220; border_width_top=&#8220;1px&#8220; border_color_top=&#8220;rgba(78,133,200,0.1)&#8220; locked=&#8220;off&#8220; global_colors_info=&#8220;{}&#8220;][et_pb_row column_structure=&#8220;1_3,1_3,1_3&#8243; use_custom_gutter=&#8220;on&#8220; gutter_width=&#8220;2&#8243; make_equal=&#8220;on&#8220; _builder_version=&#8220;4.16&#8243; min_height=&#8220;240px&#8220; locked=&#8220;off&#8220; global_colors_info=&#8220;{}&#8220;][et_pb_column type=&#8220;1_3&#8243; _builder_version=&#8220;4.16&#8243; background_color=&#8220;#ffffff&#8220; custom_padding=&#8220;30px|30px|30px|30px|false|false&#8220; link_option_url_new_window=&#8220;on&#8220; custom_css_main_element=&#8220;align-items: center;||display: flex;||justify-content: center;||flex-direction: column;||min-height: 150px\t&#8220; border_radii=&#8220;on|5px|5px|5px|5px&#8220; border_width_all=&#8220;1px&#8220; border_color_all=&#8220;#ecebee&#8220; box_shadow_style=&#8220;preset1&#8243; box_shadow_color=&#8220;rgba(78,133,200,0.1)&#8220; global_colors_info=&#8220;{}&#8220; background__hover_enabled=&#8220;on|desktop&#8220; background_color__hover=&#8220;rgba(0,0,0,0)&#8220; background_enable_color__hover=&#8220;on&#8220; custom_css_main_element__hover_enabled=&#8220;off|hover&#8220; custom_css_main_element__hover=&#8220;lor: white !important;||}&#8220; transform_styles__hover_enabled=&#8220;on|hover&#8220; transform_scale__hover_enabled=&#8220;on|hover&#8220; transform_translate__hover_enabled=&#8220;on|desktop&#8220; transform_rotate__hover_enabled=&#8220;on|desktop&#8220; transform_skew__hover_enabled=&#8220;on|desktop&#8220; transform_origin__hover_enabled=&#8220;on|desktop&#8220; transform_scale__hover=&#8220;110%|110%&#8220;][et_pb_text _builder_version=&#8220;4.16&#8243; text_text_color=&#8220;#4e85c8&#8243; text_font_size=&#8220;28px&#8220; global_colors_info=&#8220;{}&#8220;]&nbsp;[\/et_pb_text][et_pb_text _builder_version=&#8220;4.16&#8243; text_font=&#8220;||||||||&#8220; text_text_color=&#8220;rgba(4,30,66,0.7)&#8220; header_5_font=&#8220;|600|||||||&#8220; header_5_text_color=&#8220;#041e42&#8243; header_5_font_size=&#8220;18px&#8220; text_orientation=&#8220;center&#8220; custom_margin=&#8220;||0px||false|false&#8220; global_colors_info=&#8220;{}&#8220;]<\/p>\n<h5>Sicher aufbewahren<\/h5>\n<p>[\/et_pb_text][et_pb_text _builder_version=&#8220;4.16&#8243; text_font=&#8220;||||||||&#8220; text_text_color=&#8220;rgba(4,30,66,0.7)&#8220; text_font_size=&#8220;16px&#8220; text_line_height=&#8220;1.3em&#8220; header_5_font=&#8220;|600|||||||&#8220; header_5_text_color=&#8220;#4e85c8&#8243; header_5_font_size=&#8220;18px&#8220; text_orientation=&#8220;center&#8220; global_colors_info=&#8220;{}&#8220;]Machen Sie Dateien und Ordner f\u00fcr die legitime Nutzung durch autorisierte Benutzer zug\u00e4nglich und sch\u00fctzen Sie sie gleichzeitig vor allen anderen.[\/et_pb_text][et_pb_text _builder_version=&#8220;4.16&#8243; text_orientation=&#8220;center&#8220; global_colors_info=&#8220;{}&#8220;]<strong><a title=\"Secure enterprise file sharing with ownCloud\" href=\"https:\/\/owncloud.com\/de\/?page_id=62229\">Erweiterte Sicherheit<i class=\"fas fa-xs fa-chevron-right\" style=\"padding-left: 5px;\"><\/i><\/a><\/strong>[\/et_pb_text][\/et_pb_column][et_pb_column type=&#8220;1_3&#8243; _builder_version=&#8220;4.16&#8243; background_color=&#8220;#ffffff&#8220; custom_padding=&#8220;30px|30px|30px|30px|false|false&#8220; link_option_url_new_window=&#8220;on&#8220; custom_css_main_element=&#8220;align-items: center;||display: flex;||justify-content: center;||flex-direction: column;||min-height: 150px\t&#8220; border_radii=&#8220;on|5px|5px|5px|5px&#8220; border_width_all=&#8220;1px&#8220; border_color_all=&#8220;#ecebee&#8220; box_shadow_style=&#8220;preset1&#8243; box_shadow_color=&#8220;rgba(78,133,200,0.1)&#8220; global_colors_info=&#8220;{}&#8220; background__hover_enabled=&#8220;on|desktop&#8220; background_color__hover=&#8220;rgba(0,0,0,0)&#8220; background_enable_color__hover=&#8220;on&#8220; custom_css_main_element__hover_enabled=&#8220;off|hover&#8220; custom_css_main_element__hover=&#8220;lor: white !important;||}&#8220; transform_styles__hover_enabled=&#8220;on|hover&#8220; transform_scale__hover_enabled=&#8220;on|hover&#8220; transform_translate__hover_enabled=&#8220;on|desktop&#8220; transform_rotate__hover_enabled=&#8220;on|desktop&#8220; transform_skew__hover_enabled=&#8220;on|desktop&#8220; transform_origin__hover_enabled=&#8220;on|desktop&#8220; transform_scale__hover=&#8220;110%|110%&#8220;][et_pb_text _builder_version=&#8220;4.16&#8243; text_text_color=&#8220;#4e85c8&#8243; text_font_size=&#8220;28px&#8220; global_colors_info=&#8220;{}&#8220;]&nbsp;[\/et_pb_text][et_pb_text _builder_version=&#8220;4.16&#8243; text_font=&#8220;||||||||&#8220; text_text_color=&#8220;rgba(4,30,66,0.7)&#8220; header_5_font=&#8220;|600|||||||&#8220; header_5_text_color=&#8220;#041e42&#8243; header_5_font_size=&#8220;18px&#8220; text_orientation=&#8220;center&#8220; custom_margin=&#8220;||0px||false|false&#8220; global_colors_info=&#8220;{}&#8220;]<\/p>\n<h5>Datenschutz gew\u00e4hrleisten<\/h5>\n<p>[\/et_pb_text][et_pb_text _builder_version=&#8220;4.16&#8243; text_font=&#8220;||||||||&#8220; text_text_color=&#8220;rgba(4,30,66,0.7)&#8220; text_font_size=&#8220;16px&#8220; text_line_height=&#8220;1.3em&#8220; header_5_font=&#8220;|600|||||||&#8220; header_5_text_color=&#8220;#4e85c8&#8243; header_5_font_size=&#8220;18px&#8220; text_orientation=&#8220;center&#8220; global_colors_info=&#8220;{}&#8220;]Hochmoderne dezentrale Zusammenarbeit, die selbst die strengsten Vorschriften erf\u00fcllt.[\/et_pb_text][et_pb_text _builder_version=&#8220;4.16&#8243; text_orientation=&#8220;center&#8220; global_colors_info=&#8220;{}&#8220;]<strong><a title=\"Privacy compliant file platform with ownCloud\" href=\"https:\/\/owncloud.com\/product\/compliance\/\">Gew\u00e4hrleistung des Datenschutzes<i class=\"fas fa-xs fa-chevron-right\" style=\"padding-left: 5px;\"><\/i><\/a><\/strong>[\/et_pb_text][\/et_pb_column][et_pb_column type=&#8220;1_3&#8243; _builder_version=&#8220;4.16&#8243; background_color=&#8220;#ffffff&#8220; custom_padding=&#8220;30px|30px|30px|30px|false|false&#8220; link_option_url_new_window=&#8220;on&#8220; custom_css_main_element=&#8220;align-items: center;||display: flex;||justify-content: center;||flex-direction: column;||min-height: 150px\t&#8220; border_radii=&#8220;on|5px|5px|5px|5px&#8220; border_width_all=&#8220;1px&#8220; border_color_all=&#8220;#ecebee&#8220; box_shadow_style=&#8220;preset1&#8243; box_shadow_color=&#8220;rgba(78,133,200,0.1)&#8220; global_colors_info=&#8220;{}&#8220; background__hover_enabled=&#8220;on|desktop&#8220; background_color__hover=&#8220;rgba(0,0,0,0)&#8220; background_enable_color__hover=&#8220;on&#8220; custom_css_main_element__hover_enabled=&#8220;off|hover&#8220; custom_css_main_element__hover=&#8220;lor: white !important;||}&#8220; transform_styles__hover_enabled=&#8220;on|hover&#8220; transform_scale__hover_enabled=&#8220;on|hover&#8220; transform_translate__hover_enabled=&#8220;on|desktop&#8220; transform_rotate__hover_enabled=&#8220;on|desktop&#8220; transform_skew__hover_enabled=&#8220;on|desktop&#8220; transform_origin__hover_enabled=&#8220;on|desktop&#8220; transform_scale__hover=&#8220;110%|110%&#8220;][et_pb_text _builder_version=&#8220;4.16&#8243; text_text_color=&#8220;#4e85c8&#8243; text_font_size=&#8220;28px&#8220; global_colors_info=&#8220;{}&#8220;]&nbsp;[\/et_pb_text][et_pb_text _builder_version=&#8220;4.16&#8243; text_font=&#8220;||||||||&#8220; text_text_color=&#8220;rgba(4,30,66,0.7)&#8220; header_5_font=&#8220;|600|||||||&#8220; header_5_text_color=&#8220;#041e42&#8243; header_5_font_size=&#8220;18px&#8220; text_orientation=&#8220;center&#8220; custom_margin=&#8220;||0px||false|false&#8220; global_colors_info=&#8220;{}&#8220;]<\/p>\n<h5>Anpassungsf\u00e4hig an Ihre Anforderungen<\/h5>\n<p>[\/et_pb_text][et_pb_text _builder_version=&#8220;4.16&#8243; text_font=&#8220;||||||||&#8220; text_text_color=&#8220;rgba(4,30,66,0.7)&#8220; text_font_size=&#8220;16px&#8220; text_line_height=&#8220;1.3em&#8220; header_5_font=&#8220;|600|||||||&#8220; header_5_text_color=&#8220;#4e85c8&#8243; header_5_font_size=&#8220;18px&#8220; text_orientation=&#8220;center&#8220; global_colors_info=&#8220;{}&#8220;]Erweitern, individualisieren und passen Sie ownCloud an Ihre Bed\u00fcrfnisse an. Sie k\u00f6nnen es auch selbst gestalten.[\/et_pb_text][et_pb_text _builder_version=&#8220;4.16&#8243; text_orientation=&#8220;center&#8220; global_colors_info=&#8220;{}&#8220;]<strong><a title=\"Individual design for your file sharing platform\" href=\"https:\/\/owncloud.com\/product\/adaptability\/\">ownCloud anpassen<i class=\"fas fa-xs fa-chevron-right\" style=\"padding-left: 5px;\"><\/i><\/a><\/strong>[\/et_pb_text][\/et_pb_column][\/et_pb_row][\/et_pb_section]<\/p>\n","protected":false},"excerpt":{"rendered":"<p>Senden Sie Links und vermeiden Sie E-Mail-Anh\u00e4nge. Das ist sicherer und entlastet den Mailserver.<\/p>\n","protected":false},"author":7,"featured_media":78665,"parent":53839,"menu_order":0,"comment_status":"closed","ping_status":"closed","template":"","meta":{"_acf_changed":false,"_et_pb_use_builder":"on","_et_pb_old_content":"","_et_gb_content_width":"","inline_featured_image":false,"footnotes":""},"categories":[],"class_list":["post-62240","page","type-page","status-publish","has-post-thumbnail","hentry"],"acf":[],"_links":{"self":[{"href":"https:\/\/owncloud.com\/de\/wp-json\/wp\/v2\/pages\/62240","targetHints":{"allow":["GET"]}}],"collection":[{"href":"https:\/\/owncloud.com\/de\/wp-json\/wp\/v2\/pages"}],"about":[{"href":"https:\/\/owncloud.com\/de\/wp-json\/wp\/v2\/types\/page"}],"author":[{"embeddable":true,"href":"https:\/\/owncloud.com\/de\/wp-json\/wp\/v2\/users\/7"}],"replies":[{"embeddable":true,"href":"https:\/\/owncloud.com\/de\/wp-json\/wp\/v2\/comments?post=62240"}],"version-history":[{"count":5,"href":"https:\/\/owncloud.com\/de\/wp-json\/wp\/v2\/pages\/62240\/revisions"}],"predecessor-version":[{"id":78342,"href":"https:\/\/owncloud.com\/de\/wp-json\/wp\/v2\/pages\/62240\/revisions\/78342"}],"up":[{"embeddable":true,"href":"https:\/\/owncloud.com\/de\/wp-json\/wp\/v2\/pages\/53839"}],"wp:featuredmedia":[{"embeddable":true,"href":"https:\/\/owncloud.com\/de\/wp-json\/wp\/v2\/media\/78665"}],"wp:attachment":[{"href":"https:\/\/owncloud.com\/de\/wp-json\/wp\/v2\/media?parent=62240"}],"wp:term":[{"taxonomy":"category","embeddable":true,"href":"https:\/\/owncloud.com\/de\/wp-json\/wp\/v2\/categories?post=62240"}],"curies":[{"name":"wp","href":"https:\/\/api.w.org\/{rel}","templated":true}]}}