{"id":62277,"date":"2021-06-18T08:35:15","date_gmt":"2021-06-18T08:35:15","guid":{"rendered":"https:\/\/owncloud.com\/?page_id=62277"},"modified":"2024-02-23T07:50:22","modified_gmt":"2024-02-23T07:50:22","slug":"ingenieurwesen-und-fertigung","status":"publish","type":"page","link":"https:\/\/owncloud.com\/de\/owncloud-loesungen-fuer-branchen\/ingenieurwesen-und-fertigung\/","title":{"rendered":"Ingenieurwesen &#038; Fertigung"},"content":{"rendered":"<p>[et_pb_section fb_built=&#8220;1&#8243; next_background_color=&#8220;#FFFFFF&#8220; _builder_version=&#8220;4.16&#8243; background_color=&#8220;#041e42&#8243; background_image=&#8220;https:\/\/owncloud.com\/wp-content\/uploads\/2020\/07\/BlogHeader.svg&#8220; background_position=&#8220;bottom_left&#8220; custom_padding=&#8220;||100px||false|false&#8220; bottom_divider_style=&#8220;slant&#8220; bottom_divider_flip=&#8220;horizontal&#8220; locked=&#8220;off&#8220; global_colors_info=&#8220;{}&#8220;][et_pb_row column_structure=&#8220;1_2,1_2&#8243; use_custom_gutter=&#8220;on&#8220; make_equal=&#8220;on&#8220; _builder_version=&#8220;4.16&#8243; custom_padding=&#8220;0px||0px||false|false&#8220; custom_css_main_element=&#8220;align-items: center;&#8220; global_colors_info=&#8220;{}&#8220;][et_pb_column type=&#8220;1_2&#8243; _builder_version=&#8220;4.16&#8243; global_colors_info=&#8220;{}&#8220;][et_pb_text _builder_version=&#8220;4.16&#8243; _module_preset=&#8220;b2e791bc-9b0e-4834-a227-7827e627bc4a&#8220; text_orientation=&#8220;left&#8220; custom_margin=&#8220;||10px||false|false&#8220; global_colors_info=&#8220;{}&#8220;]<\/p>\n<h1 id=\"Ingenieurwesen&amp;Fertigung-WirhaltenDatenvonIngenieurb\u00fcrosundFertigungsunternehmengesetzeskonform\">Wir halten Daten von Ingenieurb\u00fcros und Fertigungsunternehmen gesetzeskonform<\/h1>\n<p>[\/et_pb_text][et_pb_text _builder_version=&#8220;4.16&#8243; header_text_color=&#8220;#4e85c8&#8243; header_3_text_color=&#8220;#4e85c8&#8243; header_4_text_color=&#8220;#4e85c8&#8243; custom_margin=&#8220;||10px||false|false&#8220; global_colors_info=&#8220;{}&#8220;]<\/p>\n<h4>Modernisieren Sie Ihre Arbeitsabl\u00e4ufe, erm\u00f6glichen Sie Datenkonformit\u00e4t und seien Sie f\u00fcr die Zukunft ger\u00fcstet.<\/h4>\n<p>[\/et_pb_text][et_pb_button button_url=&#8220;#quote&#8220; button_text=&#8220;Wir machen Ihnen ein Angebot&#8220; _builder_version=&#8220;4.16&#8243; _module_preset=&#8220;53c0ea7a-5c37-493e-b554-798404349bd3&#8243; global_colors_info=&#8220;{}&#8220;][\/et_pb_button][\/et_pb_column][et_pb_column type=&#8220;1_2&#8243; _builder_version=&#8220;4.16&#8243; global_colors_info=&#8220;{}&#8220;][et_pb_image src=&#8220;https:\/\/owncloud.com\/wp-content\/uploads\/2020\/08\/Engineering_and_Manufacturing-1.png&#8220; alt=&#8220;Wir halten Daten von Ingenieurb\u00fcros und Fertigungsunternehmen gesetzeskonform&#8220; title_text=&#8220;Ingenieurwesen_und_Fertigung&#8220; _builder_version=&#8220;4.16&#8243; custom_margin=&#8220;||50px||false|false&#8220; global_colors_info=&#8220;{}&#8220;][\/et_pb_image][\/et_pb_column][\/et_pb_row][\/et_pb_section][et_pb_section fb_built=&#8220;1&#8243; admin_label=&#8220;section&#8220; _builder_version=&#8220;4.16&#8243; background_color=&#8220;#FFFFFF&#8220; min_height=&#8220;347.6px&#8220; custom_margin_tablet=&#8220;&#8220; custom_margin_phone=&#8220;&#8220; custom_margin_last_edited=&#8220;on|phone&#8220; custom_padding=&#8220;100px||100px||false|false&#8220; saved_tabs=&#8220;all&#8220; global_colors_info=&#8220;{}&#8220;][et_pb_row make_equal=&#8220;on&#8220; _builder_version=&#8220;4.16&#8243; custom_padding=&#8220;0px||||false|false&#8220; locked=&#8220;off&#8220; collapsed=&#8220;on&#8220; global_colors_info=&#8220;{}&#8220;][et_pb_column type=&#8220;4_4&#8243; module_class=&#8220;customer-logos&#8220; _builder_version=&#8220;4.16&#8243; global_colors_info=&#8220;{}&#8220;][et_pb_image src=&#8220;https:\/\/owncloud.com\/wp-content\/uploads\/2020\/09\/logo-cern.svg&#8220; alt=&#8220;ownCloud-Kunde CERN&#8220; title_text=&#8220;logo-cern&#8220; _builder_version=&#8220;4.16&#8243; global_colors_info=&#8220;{}&#8220;][\/et_pb_image][et_pb_image src=&#8220;https:\/\/owncloud.com\/wp-content\/uploads\/2020\/06\/ethz_logo_black-1.svg&#8220; alt=&#8220;ownCloud-Kunde ETH Z\u00fcrich&#8220; title_text=&#8220;ownCloud-Kunde ETH Z\u00fcrich&#8220; align=&#8220;center&#8220; _builder_version=&#8220;4.16&#8243; global_colors_info=&#8220;{}&#8220;][\/et_pb_image][et_pb_image src=&#8220;https:\/\/owncloud.com\/wp-content\/uploads\/2020\/08\/EuropeanInverstmentBank.svg&#8220; alt=&#8220;ownCloud-Kunde Daimler&#8220; title_text=&#8220;ownCloud-Kunde Europ\u00e4ische Investment-Bank&#8220; align=&#8220;center&#8220; _builder_version=&#8220;4.16&#8243; global_colors_info=&#8220;{}&#8220;][\/et_pb_image][et_pb_image src=&#8220;https:\/\/owncloud.com\/wp-content\/uploads\/2020\/06\/european_commision.svg&#8220; alt=&#8220;ownCloud-Kunde Europ\u00e4ische Kommission&#8220; title_text=&#8220;ownCloud-Kunde Europ\u00e4ische Kommission&#8220; align=&#8220;center&#8220; _builder_version=&#8220;4.16&#8243; global_colors_info=&#8220;{}&#8220;][\/et_pb_image][et_pb_image src=&#8220;https:\/\/owncloud.com\/wp-content\/uploads\/2020\/08\/ZF.svg&#8220; alt=&#8220;ownCloud-Kunde DB Mobility Networks Logistics&#8220; title_text=&#8220;ZF&#8220; _builder_version=&#8220;4.16&#8243; global_colors_info=&#8220;{}&#8220;][\/et_pb_image][et_pb_image src=&#8220;https:\/\/owncloud.com\/wp-content\/uploads\/2020\/08\/SwissLife.svg&#8220; alt=&#8220;ownCloud-Kunde Fujitsu&#8220; title_text=&#8220;SwissLife&#8220; align=&#8220;center&#8220; _builder_version=&#8220;4.16&#8243; global_colors_info=&#8220;{}&#8220;][\/et_pb_image][\/et_pb_column][\/et_pb_row][\/et_pb_section][et_pb_section fb_built=&#8220;1&#8243; custom_padding_last_edited=&#8220;on|phone&#8220; _builder_version=&#8220;4.16&#8243; background_color=&#8220;rgba(78,133,200,0.05)&#8220; background_enable_image=&#8220;off&#8220; custom_padding=&#8220;||||false|false&#8220; custom_padding_tablet=&#8220;&#8220; custom_padding_phone=&#8220;&#8220; border_width_top=&#8220;1px&#8220; border_color_top=&#8220;#ecebee&#8220; global_colors_info=&#8220;{}&#8220;][et_pb_row _builder_version=&#8220;4.16&#8243; max_width=&#8220;600px&#8220; module_alignment=&#8220;center&#8220; global_colors_info=&#8220;{}&#8220;][et_pb_column type=&#8220;4_4&#8243; _builder_version=&#8220;4.16&#8243; global_colors_info=&#8220;{}&#8220;][et_pb_text _builder_version=&#8220;4.16&#8243; _module_preset=&#8220;default&#8220; global_colors_info=&#8220;{}&#8220;]<\/p>\n<h2>Digitale Transformation in Industrieunternehmen vorantreiben<\/h2>\n<p>[\/et_pb_text][et_pb_text _builder_version=&#8220;4.17.1&#8243; global_colors_info=&#8220;{}&#8220;]Industrie 4.0, neue Datenschutzgesetze, eine mobile Arbeitswelt und externe globale Partner erfordern eine neue Cloud-Sicherheitsstrategie.<\/p>\n<p>Der Maschinenbau und die Fertigungsindustrie geh\u00f6ren zu den traditionsreichsten Branchen der Welt und stehen gleichzeitig vor den gr\u00f6\u00dften IT-Ver\u00e4nderungen der heutigen Wirtschaft. Heterogene Benutzergruppen von Unternehmen, die in dieser Branche arbeiten, stellen neue Anforderungen, die den Status quo Ihrer aktuellen IT-Umgebung in Frage stellen.<\/p>\n<p>File-Sharing mit ownCloud bietet Ihnen die n\u00f6tige Flexibilit\u00e4t, Skalierbarkeit und Datensicherheit &#8211; Open-Source, vor Ort und unter Ihrer Kontrolle.[\/et_pb_text][\/et_pb_column][\/et_pb_row][et_pb_row disabled_on=&#8220;on|on|off&#8220; _builder_version=&#8220;4.16&#8243; _module_preset=&#8220;default&#8220; width=&#8220;100%&#8220; max_width=&#8220;100%&#8220; custom_padding=&#8220;0px||0px||false|false&#8220; global_colors_info=&#8220;{}&#8220;][et_pb_column type=&#8220;4_4&#8243; _builder_version=&#8220;4.16&#8243; _module_preset=&#8220;default&#8220; global_colors_info=&#8220;{}&#8220;][et_pb_image src=&#8220;https:\/\/owncloud.com\/wp-content\/uploads\/2020\/08\/Robot.svg&#8220; title_text=&#8220;Robot&#8220; disabled_on=&#8220;off|off|off&#8220; _builder_version=&#8220;4.16&#8243; _module_preset=&#8220;default&#8220; positioning=&#8220;absolute&#8220; vertical_offset=&#8220;-230px&#8220; horizontal_offset=&#8220;-158px&#8220; width=&#8220;100%&#8220; height=&#8220;250px&#8220; filter_opacity=&#8220;10%&#8220; scroll_fade_enable=&#8220;on&#8220; global_colors_info=&#8220;{}&#8220;][\/et_pb_image][\/et_pb_column][\/et_pb_row][\/et_pb_section][et_pb_section fb_built=&#8220;1&#8243; disabled_on=&#8220;on|on|off&#8220; _builder_version=&#8220;4.16&#8243; _module_preset=&#8220;default&#8220; background_color=&#8220;rgba(78,133,200,0.05)&#8220; background_enable_image=&#8220;off&#8220; custom_padding=&#8220;0px||||false|false&#8220; global_colors_info=&#8220;{}&#8220;][et_pb_row disabled_on=&#8220;on|on|off&#8220; _builder_version=&#8220;4.16&#8243; _module_preset=&#8220;default&#8220; background_image=&#8220;https:\/\/owncloud.com\/wp-content\/uploads\/2020\/08\/assembly_line-1.svg&#8220; background_size=&#8220;contain&#8220; background_repeat=&#8220;repeat-x&#8220; width=&#8220;100%&#8220; max_width=&#8220;100%&#8220; min_height=&#8220;40px&#8220; custom_margin=&#8220;||||false|false&#8220; custom_padding=&#8220;0px||||false|false&#8220; filter_opacity=&#8220;12%&#8220; global_colors_info=&#8220;{}&#8220;][et_pb_column type=&#8220;4_4&#8243; _builder_version=&#8220;4.16&#8243; _module_preset=&#8220;default&#8220; global_colors_info=&#8220;{}&#8220;][et_pb_image src=&#8220;https:\/\/owncloud.com\/wp-content\/uploads\/2020\/08\/packages.svg&#8220; title_text=&#8220;pakete&#8220; show_bottom_space=&#8220;off&#8220; _builder_version=&#8220;4.16&#8243; _module_preset=&#8220;default&#8220; positioning=&#8220;absolute&#8220; vertical_offset=&#8220;-80px&#8220; width=&#8220;100%&#8220; height=&#8220;60px&#8220; scroll_horizontal_motion_enable=&#8220;on&#8220; scroll_horizontal_motion=&#8220;0|50|50|100|9|6|3&#8243; scroll_fade_enable=&#8220;on&#8220; global_colors_info=&#8220;{}&#8220;][\/et_pb_image][\/et_pb_column][\/et_pb_row][\/et_pb_section][et_pb_section fb_built=&#8220;1&#8243; _builder_version=&#8220;4.16&#8243; background_color=&#8220;#041e42&#8243; background_image=&#8220;https:\/\/owncloud.com\/wp-content\/uploads\/2020\/07\/BlogHeader.svg&#8220; background_position=&#8220;bottom_left&#8220; border_width_bottom=&#8220;1px&#8220; border_color_bottom=&#8220;rgba(78,133,200,0.25)&#8220; global_colors_info=&#8220;{}&#8220;][et_pb_row column_structure=&#8220;1_2,1_2&#8243; make_equal=&#8220;on&#8220; _builder_version=&#8220;4.16&#8243; locked=&#8220;off&#8220; global_colors_info=&#8220;{}&#8220;][et_pb_column type=&#8220;1_2&#8243; _builder_version=&#8220;4.16&#8243; custom_css_main_element=&#8220;display: flex;&#8220; global_colors_info=&#8220;{}&#8220;][et_pb_blurb title=&#8220;Teilen&#8220; image=&#8220;https:\/\/owncloud.com\/wp-content\/uploads\/2020\/07\/feature-icon-share.svg&#8220; alt=&#8220;Teamverbund&#8220; _builder_version=&#8220;4.16&#8243; _module_preset=&#8220;_initial&#8220; body_text_align=&#8220;center&#8220; body_link_font=&#8220;|700|||||||&#8220; animation_style=&#8220;slide&#8220; animation_direction=&#8220;bottom&#8220; custom_css_main_element=&#8220;display: flex;&#8220; global_colors_info=&#8220;{}&#8220;]Mit ownCloud haben Benutzer eine einzige Oberfl\u00e4che, von der aus sie auf jedem Ger\u00e4t, jederzeit und von \u00fcberall auf Dateien zugreifen, sie synchronisieren und teilen k\u00f6nnen. Benutzer k\u00f6nnen schnell die Dateien finden und teilen, die sie ben\u00f6tigen, egal ob sie von anderen freigegeben oder selbst erstellt wurden.[\/et_pb_blurb][\/et_pb_column][et_pb_column type=&#8220;1_2&#8243; _builder_version=&#8220;4.16&#8243; global_colors_info=&#8220;{}&#8220;][et_pb_blurb title=&#8220;\u00dcberpr\u00fcfung&#8220; image=&#8220;https:\/\/owncloud.com\/wp-content\/uploads\/2020\/07\/feature-icon-audit.svg&#8220; alt=&#8220;Teamverbund&#8220; _builder_version=&#8220;4.16&#8243; _module_preset=&#8220;_initial&#8220; body_text_align=&#8220;center&#8220; body_link_font=&#8220;|700|||||||&#8220; animation_style=&#8220;slide&#8220; animation_direction=&#8220;bottom&#8220; animation_delay=&#8220;300ms&#8220; global_colors_info=&#8220;{}&#8220;]Admins k\u00f6nnen Aktivit\u00e4ten auf Kontoebene protokollieren, z. B. Logins, <a href=\"\/de\/produkte\/\">File-Sharing<\/a>-Aktivit\u00e4ten, Datei-Updates und mehr &#8211; so erhalten Admins die Informationen, die sie f\u00fcr Compliance-Berichte und Audits von ownCloud ben\u00f6tigen.[\/et_pb_blurb][\/et_pb_column][\/et_pb_row][et_pb_row column_structure=&#8220;1_2,1_2&#8243; make_equal=&#8220;on&#8220; _builder_version=&#8220;4.16&#8243; custom_padding=&#8220;1.75em||||false|false&#8220; locked=&#8220;off&#8220; global_colors_info=&#8220;{}&#8220;][et_pb_column type=&#8220;1_2&#8243; _builder_version=&#8220;4.16&#8243; custom_css_main_element=&#8220;display: flex;&#8220; global_colors_info=&#8220;{}&#8220;][et_pb_blurb title=&#8220;Gemeinsame Bearbeitung&#8220; image=&#8220;https:\/\/owncloud.com\/wp-content\/uploads\/2020\/07\/feature-icon-collaboration.svg&#8220; alt=&#8220;Teamverbund&#8220; _builder_version=&#8220;4.17.0&#8243; _module_preset=&#8220;_initial&#8220; body_text_align=&#8220;center&#8220; body_link_font=&#8220;|700|||||||&#8220; animation_style=&#8220;slide&#8220; animation_direction=&#8220;bottom&#8220; custom_css_main_element=&#8220;display: flex;&#8220; global_colors_info=&#8220;{}&#8220;]Admins k\u00f6nnen Aktivit\u00e4ten auf Kontoebene protokollieren, z. B. Logins, File-Sharing-Aktivit\u00e4ten, Datei-Updates und mehr &#8211; so erhalten Admins die Informationen, die sie f\u00fcr Compliance-Berichte und Audits von ownCloud ben\u00f6tigen.<\/p>\n<p><a class=\"arrow-link\" title=\"Collaborative Editing\" href=\"https:\/\/owncloud.com\/de\/digitale-zusammenarbeit\/\">Erfahren Sie mehr<\/a>[\/et_pb_blurb][\/et_pb_column][et_pb_column type=&#8220;1_2&#8243; _builder_version=&#8220;4.16&#8243; global_colors_info=&#8220;{}&#8220;][et_pb_blurb title=&#8220;Ende-zu-Ende-Verschl\u00fcsselung&#8220; image=&#8220;https:\/\/owncloud.com\/wp-content\/uploads\/2020\/07\/feature-icon-encryption.svg&#8220; alt=&#8220;Teamverbund&#8220; _builder_version=&#8220;4.17.1&#8243; _module_preset=&#8220;_initial&#8220; body_text_align=&#8220;center&#8220; body_link_font=&#8220;|700|||||||&#8220; animation_style=&#8220;slide&#8220; animation_direction=&#8220;bottom&#8220; animation_delay=&#8220;300ms&#8220; global_colors_info=&#8220;{}&#8220;]Die Integration von Collabora Online, ONLYOFFICE und Microsoft Office Online bietet gemeinschaftliche Bearbeitungsfunktionen f\u00fcr Textdokumente, Tabellenkalkulationen und Pr\u00e4sentationen innerhalb von ownCloud f\u00fcr eine verbesserte Produktivit\u00e4t. Benutzer k\u00f6nnen innerhalb des webbasierten ownCloud-Frontends auf ihre Dokumente zugreifen, neue Inhalte verfassen, ihre Arbeit teilen und gemeinsam mit anderen an demselben Dokument arbeiten.<\/p>\n<p><a class=\"arrow-link\" title=\"End-to-End Encryption\" href=\"https:\/\/owncloud.com\/news\/end-to-end-encryption\/\">Erfahren Sie mehr<\/a>[\/et_pb_blurb][\/et_pb_column][\/et_pb_row][et_pb_row column_structure=&#8220;1_2,1_2&#8243; make_equal=&#8220;on&#8220; _builder_version=&#8220;4.16&#8243; custom_padding=&#8220;1.75em||||false|false&#8220; locked=&#8220;off&#8220; global_colors_info=&#8220;{}&#8220;][et_pb_column type=&#8220;1_2&#8243; _builder_version=&#8220;4.16&#8243; custom_css_main_element=&#8220;display: flex;&#8220; global_colors_info=&#8220;{}&#8220;][et_pb_blurb title=&#8220;Gastnutzer&#8220; image=&#8220;https:\/\/owncloud.com\/wp-content\/uploads\/2020\/07\/feature-icon-guest-users.svg&#8220; alt=&#8220;ownCloud Gastnutzer&#8220; _builder_version=&#8220;4.16&#8243; _module_preset=&#8220;_initial&#8220; body_text_align=&#8220;center&#8220; body_link_font=&#8220;|700|||||||&#8220; animation_style=&#8220;slide&#8220; animation_direction=&#8220;bottom&#8220; custom_css_main_element=&#8220;display: flex;&#8220; global_colors_info=&#8220;{}&#8220;]Filesharing mit externen Parteien kann eine ziemliche Herausforderung sein. Die ownCloud Guests-Funktion l\u00f6st dieses Problem, indem sie das Anlegen von ownCloud Guest-Konten mit sehr eingeschr\u00e4nkten Zugriffsrechten erm\u00f6glicht. Geben Sie einfach eine E-Mail-Adresse in den Freigabedialog ein, um Ihre Dateien mit externen Benutzern zu teilen.[\/et_pb_blurb][\/et_pb_column][et_pb_column type=&#8220;1_2&#8243; _builder_version=&#8220;4.16&#8243; global_colors_info=&#8220;{}&#8220;][et_pb_blurb title=&#8220;Dokumentenklassifizierung&#8220; image=&#8220;https:\/\/owncloud.com\/wp-content\/uploads\/2020\/07\/feature-icon-document-classification-1.svg&#8220; alt=&#8220;ownCloud Dokumentenklassifizierung&#8220; _builder_version=&#8220;4.16&#8243; _module_preset=&#8220;_initial&#8220; body_text_align=&#8220;center&#8220; body_link_font=&#8220;|700|||||||&#8220; animation_style=&#8220;slide&#8220; animation_direction=&#8220;bottom&#8220; animation_delay=&#8220;300ms&#8220; global_colors_info=&#8220;{}&#8220;]F\u00fcr den Umgang mit sensiblen Informationen und zur Absicherung gegen m\u00f6gliche Datenschutzverletzungen bietet ownCloud die Erweiterung &#8222;Dokumentenklassifizierung&#8220;, die es erm\u00f6glicht, Dokumente automatisch zu kategorisieren und Richtlinien f\u00fcr die Freigabe zu definieren.<\/p>\n<p><a class=\"arrow-link\" title=\"Document Classification\" href=\"https:\/\/marketplace.owncloud.com\/apps\/files_classifier\">Erfahren Sie mehr<\/a>[\/et_pb_blurb][\/et_pb_column][\/et_pb_row][\/et_pb_section][et_pb_section fb_built=&#8220;1&#8243; _builder_version=&#8220;4.16&#8243; global_colors_info=&#8220;{}&#8220;][et_pb_row column_structure=&#8220;1_2,1_2&#8243; make_equal=&#8220;on&#8220; _builder_version=&#8220;4.16&#8243; custom_css_main_element=&#8220;align-items: center;&#8220; global_colors_info=&#8220;{}&#8220;][et_pb_column type=&#8220;1_2&#8243; _builder_version=&#8220;4.16&#8243; global_colors_info=&#8220;{}&#8220;][et_pb_image src=&#8220;https:\/\/owncloud.com\/wp-content\/uploads\/2020\/07\/CostSaving.png&#8220; alt=&#8220;Technik-Fertigung-Produktivit\u00e4t&#8220; title_text=&#8220;KostenSparend&#8220; _builder_version=&#8220;4.16&#8243; width=&#8220;75%&#8220; max_width=&#8220;75%&#8220; animation_style=&#8220;fade&#8220; global_colors_info=&#8220;{}&#8220;][\/et_pb_image][\/et_pb_column][et_pb_column type=&#8220;1_2&#8243; _builder_version=&#8220;4.16&#8243; global_colors_info=&#8220;{}&#8220;][et_pb_text _builder_version=&#8220;4.16&#8243; _module_preset=&#8220;default&#8220; custom_margin=&#8220;||10px||false|false&#8220; global_colors_info=&#8220;{}&#8220;]<\/p>\n<h2>Kosteneinsparungen bei gleichzeitiger Steigerung der Produktivit\u00e4t<\/h2>\n<p>[\/et_pb_text][et_pb_text _builder_version=&#8220;4.16&#8243; global_colors_info=&#8220;{}&#8220;]ownCloud ist eine hochmoderne L\u00f6sung f\u00fcr die digitale Zusammenarbeit, die Ihnen eine benutzerfreundliche und flexible L\u00f6sung bietet, die Sie in Ihre aktuelle Systemlandschaft integrieren k\u00f6nnen.<\/p>\n<ul>\n<li>Sichern Sie Ihre Daten in einer privaten Cloud mit Ihren IT-Sicherheitsrichtlinien. ownCloud&#8217;s Datei-Firewall und Verschl\u00fcsselung sorgt daf\u00fcr, dass die steigende Menge an gesch\u00e4ftskritischen Daten Ihrer Nutzer, ob intern oder extern, immer gesch\u00fctzt ist.<\/li>\n<li>Durch die automatische Zuordnung von Tags f\u00fcr hochgeladene Dateien auf der Basis von Metadaten in den Dokumenten oder durch die Zuweisung von Gruppenmitgliedschaften geh\u00f6ren Ihre Sorgen aufgrund der sich \u00e4ndernden Datenschutzgesetze der Vergangenheit an.<\/li>\n<li>Die Dokumente Ihrer Mitarbeiter auf allen Ger\u00e4ten, Desktop, Web und Mobile, immer synchron zu halten, ist eine Anforderung der heutigen Gesch\u00e4ftswelt. ownCloud&#8217;s Synchronisations-Client garantiert, dass Ihre Benutzer immer die neueste Datei auf jedem Ger\u00e4t haben.<\/li>\n<li>Gro\u00dfe Dateien stellen ein Problem dar? ownCloud erm\u00f6glicht die Handhabung sehr gro\u00dfer Dateien \u00fcber alle Plattformen hinweg durch Fragmentierung.<\/li>\n<\/ul>\n<p>[\/et_pb_text][\/et_pb_column][\/et_pb_row][\/et_pb_section][et_pb_section fb_built=&#8220;1&#8243; module_id=&#8220;Angebot&#8220; _builder_version=&#8220;4.16&#8243; background_color=&#8220;#041e42&#8243; background_image=&#8220;https:\/\/owncloud.com\/wp-content\/uploads\/2020\/06\/FormBackgroundDark.svg&#8220; parallax=&#8220;on&#8220; border_width_bottom=&#8220;1px&#8220; border_color_bottom=&#8220;rgba(78,133,200,0.25)&#8220; locked=&#8220;off&#8220; global_colors_info=&#8220;{}&#8220;][et_pb_row _builder_version=&#8220;4.16&#8243; locked=&#8220;off&#8220; global_colors_info=&#8220;{}&#8220;][et_pb_column type=&#8220;4_4&#8243; _builder_version=&#8220;4.16&#8243; global_colors_info=&#8220;{}&#8220;][et_pb_text _builder_version=&#8220;4.16&#8243; text_text_color=&#8220;#ffffff&#8220; header_text_color=&#8220;#ffffff&#8220; header_2_text_color=&#8220;#ffffff&#8220; header_2_font_size=&#8220;50px&#8220; text_orientation=&#8220;center&#8220; custom_margin=&#8220;||10px||false|false&#8220; locked=&#8220;off&#8220; global_colors_info=&#8220;{}&#8220;]<\/p>\n<h2>Angebot einholen<\/h2>\n<p>[\/et_pb_text][\/et_pb_column][\/et_pb_row][\/et_pb_section][et_pb_section fb_built=&#8220;1&#8243; _builder_version=&#8220;4.16&#8243; locked=&#8220;off&#8220; global_colors_info=&#8220;{}&#8220;][et_pb_row column_structure=&#8220;3_5,2_5&#8243; _builder_version=&#8220;4.16&#8243; global_colors_info=&#8220;{}&#8220;][et_pb_column type=&#8220;3_5&#8243; _builder_version=&#8220;4.16&#8243; global_colors_info=&#8220;{}&#8220;][et_pb_code _builder_version=&#8220;4.24.2&#8243; hover_enabled=&#8220;0&#8243; global_colors_info=&#8220;{}&#8220; sticky_enabled=&#8220;0&#8243;]<script charset=\"utf-8\" type=\"text\/javascript\" src=\"\/\/js.hsforms.net\/forms\/embed\/v2.js\"><\/script><!-- [et_pb_line_break_holder] --><script><!-- [et_pb_line_break_holder] -->  hbspt.forms.create({<!-- [et_pb_line_break_holder] -->    region: \"na1\",<!-- [et_pb_line_break_holder] -->    portalId: \"4067630\",<!-- [et_pb_line_break_holder] -->    formId: \"1acf0680-32bf-4c1c-9f6c-13c70c206017\"<!-- [et_pb_line_break_holder] -->  });<!-- [et_pb_line_break_holder] --><\/script>[\/et_pb_code][\/et_pb_column][et_pb_column type=&#8220;2_5&#8243; _builder_version=&#8220;4.16&#8243; global_colors_info=&#8220;{}&#8220;][et_pb_text _builder_version=&#8220;4.23.4&#8243; text_text_color=&#8220;#041E42&#8243; text_font_size=&#8220;20px&#8220; header_text_color=&#8220;#ffffff&#8220; header_2_text_color=&#8220;#ffffff&#8220; header_2_font_size=&#8220;30px&#8220; global_colors_info=&#8220;{}&#8220;]<\/p>\n<p>Wir freuen uns, von Ihnen zu h\u00f6ren!<\/p>\n<p>[\/et_pb_text][et_pb_text module_class=&#8220;checklist&#8220; _builder_version=&#8220;4.23.4&#8243; text_text_color=&#8220;#041E42&#8243; text_font_size=&#8220;20px&#8220; custom_margin=&#8220;0px||0px||false|false&#8220; custom_padding=&#8220;0px||0px||false|false&#8220; animation_style=&#8220;fade&#8220; animation_direction=&#8220;left&#8220; locked=&#8220;off&#8220; global_colors_info=&#8220;{}&#8220;]<\/p>\n<ul>\n<li>Unverbindliche Demo<\/li>\n<li>Presales-Kontakt zur Kl\u00e4rung technischer Fragen<\/li>\n<li>F\u00fcr Vor-Ort-L\u00f6sungen oder verwaltete Dienste<\/li>\n<li>30 Tage kostenlos und ohne Risiko testen<\/li>\n<\/ul>\n<p>[\/et_pb_text][\/et_pb_column][\/et_pb_row][\/et_pb_section]<\/p>\n","protected":false},"excerpt":{"rendered":"<p>Wir halten die Daten von Maschinenbau- und Fertigungsunternehmen konform. ownCloud modernisiert Ihre Arbeitsabl\u00e4ufe, erm\u00f6glicht Datenkonformit\u00e4t und bereitet Sie auf eine Zukunft in der Cloud vor.<\/p>\n","protected":false},"author":4,"featured_media":47089,"parent":62093,"menu_order":0,"comment_status":"closed","ping_status":"closed","template":"","meta":{"_acf_changed":false,"_et_pb_use_builder":"on","_et_pb_old_content":"","_et_gb_content_width":"","inline_featured_image":false,"footnotes":""},"categories":[],"class_list":["post-62277","page","type-page","status-publish","has-post-thumbnail","hentry"],"acf":[],"_links":{"self":[{"href":"https:\/\/owncloud.com\/de\/wp-json\/wp\/v2\/pages\/62277","targetHints":{"allow":["GET"]}}],"collection":[{"href":"https:\/\/owncloud.com\/de\/wp-json\/wp\/v2\/pages"}],"about":[{"href":"https:\/\/owncloud.com\/de\/wp-json\/wp\/v2\/types\/page"}],"author":[{"embeddable":true,"href":"https:\/\/owncloud.com\/de\/wp-json\/wp\/v2\/users\/4"}],"replies":[{"embeddable":true,"href":"https:\/\/owncloud.com\/de\/wp-json\/wp\/v2\/comments?post=62277"}],"version-history":[{"count":6,"href":"https:\/\/owncloud.com\/de\/wp-json\/wp\/v2\/pages\/62277\/revisions"}],"predecessor-version":[{"id":78636,"href":"https:\/\/owncloud.com\/de\/wp-json\/wp\/v2\/pages\/62277\/revisions\/78636"}],"up":[{"embeddable":true,"href":"https:\/\/owncloud.com\/de\/wp-json\/wp\/v2\/pages\/62093"}],"wp:featuredmedia":[{"embeddable":true,"href":"https:\/\/owncloud.com\/de\/wp-json\/wp\/v2\/media\/47089"}],"wp:attachment":[{"href":"https:\/\/owncloud.com\/de\/wp-json\/wp\/v2\/media?parent=62277"}],"wp:term":[{"taxonomy":"category","embeddable":true,"href":"https:\/\/owncloud.com\/de\/wp-json\/wp\/v2\/categories?post=62277"}],"curies":[{"name":"wp","href":"https:\/\/api.w.org\/{rel}","templated":true}]}}