{"id":62283,"date":"2021-06-18T09:18:00","date_gmt":"2021-06-18T09:18:00","guid":{"rendered":"https:\/\/owncloud.com\/?page_id=62283"},"modified":"2024-02-23T07:50:32","modified_gmt":"2024-02-23T07:50:32","slug":"digitalisierung-des-oeffentlichen-sektors","status":"publish","type":"page","link":"https:\/\/owncloud.com\/de\/owncloud-loesungen-fuer-branchen\/digitalisierung-des-oeffentlichen-sektors\/","title":{"rendered":"Digitalisierung des \u00f6ffentlichen Sektors"},"content":{"rendered":"<p>[et_pb_section fb_built=&#8220;1&#8243; _builder_version=&#8220;4.16&#8243; background_color=&#8220;#041e42&#8243; background_image=&#8220;https:\/\/owncloud.com\/wp-content\/uploads\/2020\/07\/BlogHeader.svg&#8220; background_position=&#8220;bottom_left&#8220; custom_padding=&#8220;||100px||false|false&#8220; bottom_divider_style=&#8220;slant&#8220; bottom_divider_color=&#8220;#ffffff&#8220; bottom_divider_flip=&#8220;horizontal&#8220; locked=&#8220;off&#8220; global_colors_info=&#8220;{}&#8220;][et_pb_row column_structure=&#8220;1_2,1_2&#8243; use_custom_gutter=&#8220;on&#8220; make_equal=&#8220;on&#8220; _builder_version=&#8220;4.16&#8243; custom_padding=&#8220;0px||||false|false&#8220; custom_css_main_element=&#8220;align-items: center;&#8220; global_colors_info=&#8220;{}&#8220;][et_pb_column type=&#8220;1_2&#8243; _builder_version=&#8220;4.16&#8243; global_colors_info=&#8220;{}&#8220;][et_pb_text _builder_version=&#8220;4.16&#8243; _module_preset=&#8220;b2e791bc-9b0e-4834-a227-7827e627bc4a&#8220; header_font_size=&#8220;60px&#8220; text_orientation=&#8220;left&#8220; custom_margin=&#8220;||10px||false|false&#8220; global_colors_info=&#8220;{}&#8220;]<\/p>\n<h1>Sicherer Cloud-Speicher digitalisiert den \u00f6ffentlichen Sektor<\/h1>\n<p>[\/et_pb_text][et_pb_text _builder_version=&#8220;4.16&#8243; header_4_text_color=&#8220;#4e85c8&#8243; global_colors_info=&#8220;{}&#8220;]<\/p>\n<h4>Regierungen und ihre Beh\u00f6rden verwalten die sensibelsten Daten der B\u00fcrger. Die Steuerzahler erwarten zunehmend Effizienzsteigerungen durch Innovation. ownCloud reduziert die Kosten und rationalisiert die legitime Zusammenarbeit, w\u00e4hrend es gleichzeitig Missbrauch verhindert und abschreckt.<\/h4>\n<p>[\/et_pb_text][et_pb_button button_url=&#8220;#quote&#8220; button_text=&#8220;Wir machen Ihnen ein Angebot&#8220; _builder_version=&#8220;4.18.0&#8243; _module_preset=&#8220;c9fc405d-8282-4494-a7e4-770662c6042a&#8220; global_colors_info=&#8220;{}&#8220;][\/et_pb_button][\/et_pb_column][et_pb_column type=&#8220;1_2&#8243; _builder_version=&#8220;4.16&#8243; global_colors_info=&#8220;{}&#8220;][et_pb_image src=&#8220;https:\/\/owncloud.com\/wp-content\/uploads\/2020\/08\/Digitizing_the_public_sector.png&#8220; alt=&#8220;Digitalisierung des \u00f6ffentlichen Sektors&#8220; title_text=&#8220;Digitalisierung_des_oeffentlichen_Sektors&#8220; _builder_version=&#8220;4.16&#8243; _module_preset=&#8220;default&#8220; max_width=&#8220;500px&#8220; module_alignment=&#8220;center&#8220; custom_margin=&#8220;30px||40px||false|false&#8220; global_colors_info=&#8220;{}&#8220;][\/et_pb_image][\/et_pb_column][\/et_pb_row][\/et_pb_section][et_pb_section fb_built=&#8220;1&#8243; admin_label=&#8220;section&#8220; _builder_version=&#8220;4.16&#8243; background_color=&#8220;#FFFFFF&#8220; min_height=&#8220;347.6px&#8220; custom_margin_tablet=&#8220;&#8220; custom_margin_phone=&#8220;&#8220; custom_margin_last_edited=&#8220;on|phone&#8220; custom_padding=&#8220;100px||100px||false|false&#8220; saved_tabs=&#8220;all&#8220; global_colors_info=&#8220;{}&#8220;][et_pb_row make_equal=&#8220;on&#8220; _builder_version=&#8220;4.16&#8243; custom_padding=&#8220;0px||||false|false&#8220; locked=&#8220;off&#8220; collapsed=&#8220;on&#8220; global_colors_info=&#8220;{}&#8220;][et_pb_column type=&#8220;4_4&#8243; module_class=&#8220;customer-logos&#8220; _builder_version=&#8220;4.16&#8243; global_colors_info=&#8220;{}&#8220;][et_pb_image src=&#8220;https:\/\/owncloud.com\/wp-content\/uploads\/2020\/09\/logo-cern.svg&#8220; alt=&#8220;ownCloud-Kunde CERN&#8220; title_text=&#8220;logo-cern&#8220; _builder_version=&#8220;4.16&#8243; global_colors_info=&#8220;{}&#8220;][\/et_pb_image][et_pb_image src=&#8220;https:\/\/owncloud.com\/wp-content\/uploads\/2020\/06\/ethz_logo_black-1.svg&#8220; alt=&#8220;ownCloud-Kunde ETH Z\u00fcrich&#8220; title_text=&#8220;ownCloud-Kunde ETH Z\u00fcrich&#8220; align=&#8220;center&#8220; _builder_version=&#8220;4.16&#8243; global_colors_info=&#8220;{}&#8220;][\/et_pb_image][et_pb_image src=&#8220;https:\/\/owncloud.com\/wp-content\/uploads\/2020\/08\/EuropeanInverstmentBank.svg&#8220; alt=&#8220;ownCloud-Kunde Daimler&#8220; title_text=&#8220;ownCloud-Kunde Europ\u00e4ische Investment-Bank&#8220; align=&#8220;center&#8220; _builder_version=&#8220;4.16&#8243; global_colors_info=&#8220;{}&#8220;][\/et_pb_image][et_pb_image src=&#8220;https:\/\/owncloud.com\/wp-content\/uploads\/2020\/06\/european_commision.svg&#8220; alt=&#8220;ownCloud-Kunde Europ\u00e4ische Kommission&#8220; title_text=&#8220;ownCloud-Kunde Europ\u00e4ische Kommission&#8220; align=&#8220;center&#8220; _builder_version=&#8220;4.16&#8243; global_colors_info=&#8220;{}&#8220;][\/et_pb_image][et_pb_image src=&#8220;https:\/\/owncloud.com\/wp-content\/uploads\/2020\/08\/ZF.svg&#8220; alt=&#8220;ownCloud-Kunde DB Mobility Networks Logistics&#8220; title_text=&#8220;ZF&#8220; _builder_version=&#8220;4.16&#8243; global_colors_info=&#8220;{}&#8220;][\/et_pb_image][et_pb_image src=&#8220;https:\/\/owncloud.com\/wp-content\/uploads\/2020\/08\/SwissLife.svg&#8220; alt=&#8220;ownCloud-Kunde Fujitsu&#8220; title_text=&#8220;SwissLife&#8220; align=&#8220;center&#8220; _builder_version=&#8220;4.16&#8243; global_colors_info=&#8220;{}&#8220;][\/et_pb_image][\/et_pb_column][\/et_pb_row][\/et_pb_section][et_pb_section fb_built=&#8220;1&#8243; _builder_version=&#8220;4.16&#8243; background_color=&#8220;#041e42&#8243; background_image=&#8220;https:\/\/owncloud.com\/wp-content\/uploads\/2020\/06\/FormBackgroundDark.svg&#8220; parallax=&#8220;on&#8220; border_width_bottom=&#8220;1px&#8220; border_color_bottom=&#8220;rgba(78,133,200,0.25)&#8220; global_colors_info=&#8220;{}&#8220;][et_pb_row _builder_version=&#8220;4.16&#8243; global_colors_info=&#8220;{}&#8220;][et_pb_column type=&#8220;4_4&#8243; _builder_version=&#8220;4.16&#8243; global_colors_info=&#8220;{}&#8220;][et_pb_text _builder_version=&#8220;4.16&#8243; header_3_font=&#8220;||||||||&#8220; header_3_text_align=&#8220;center&#8220; header_3_line_height=&#8220;1.4em&#8220; max_width=&#8220;800px&#8220; module_alignment=&#8220;center&#8220; global_colors_info=&#8220;{}&#8220;]<\/p>\n<h3><span style=\"color: #ffffff;\">Erm\u00f6glicht digitale Souver\u00e4nit\u00e4t durch eine sichere und quelloffene Dateizugangsplattform. Bef\u00e4higt Beamte, effizient zu arbeiten. Richtliniengesteuert und vollst\u00e4ndig pr\u00fcfbar, um pers\u00f6nliche Daten zu sch\u00fctzen.<\/span><\/h3>\n<p>[\/et_pb_text][\/et_pb_column][\/et_pb_row][\/et_pb_section][et_pb_section fb_built=&#8220;1&#8243; _builder_version=&#8220;4.16&#8243; background_color=&#8220;rgba(78,133,200,0.05)&#8220; border_width_bottom=&#8220;1px&#8220; border_color_bottom=&#8220;#ecebee&#8220; global_colors_info=&#8220;{}&#8220;][et_pb_row column_structure=&#8220;3_5,2_5&#8243; make_equal=&#8220;on&#8220; _builder_version=&#8220;4.16&#8243; custom_padding=&#8220;31px|||||&#8220; custom_css_main_element=&#8220;align-items: center;&#8220; global_colors_info=&#8220;{}&#8220;][et_pb_column type=&#8220;3_5&#8243; _builder_version=&#8220;4.16&#8243; global_colors_info=&#8220;{}&#8220;][et_pb_text _builder_version=&#8220;4.16&#8243; global_colors_info=&#8220;{}&#8220;]<\/p>\n<div class=\"small-12 columns\">\n<div class=\"small-12 medium-6 columns\">\n<h3>Die Digitalisierung des \u00f6ffentlichen Sektors steigert die Effizienz und B\u00fcrgerorientierung<\/h3>\n<p>Die meisten b\u00fcrgernahen Prozesse sind reif f\u00fcr eine Modernisierung &#8211; von den Steuerbeh\u00f6rden \u00fcber die Kfz-Verwaltung und die Strafverfolgung bis hin zu sozialen Diensten und der Kommunalverwaltung. Da die meisten historisch gesehen papierlastig sind, sind die potenziellen Vorteile des elektronischen Dokumentenaustauschs f\u00fcr mehr Effizienz und b\u00fcrgerorientierte Verwaltung enorm. Aber auch die Risiken: Datenschutz und Datensicherheit sind nicht verhandelbare Bedingungen, die erf\u00fcllt werden m\u00fcssen.<\/p>\n<p>Die Digitalisierung des \u00f6ffentlichen Sektors mit Public-Cloud-L\u00f6sungen entzieht Daten sowohl der Kontrolle der Verwaltung als auch der jeweiligen IT-Abteilungen. Propriet\u00e4re Quellcode-Software macht es schwer, Schwachstellen und Hintert\u00fcren zu erkennen. Beides sind erhebliche Bedrohungen f\u00fcr die Datensicherheit und den Datenschutz.<\/p>\n<p><span style=\"font-size: 17px;\">\u00a0<\/span><\/p>\n<\/div>\n<\/div>\n<div class=\"small-12 medium-6 columns\"><\/div>\n<p>[\/et_pb_text][\/et_pb_column][et_pb_column type=&#8220;2_5&#8243; _builder_version=&#8220;4.16&#8243; global_colors_info=&#8220;{}&#8220;][et_pb_image src=&#8220;https:\/\/owncloud.com\/wp-content\/uploads\/2020\/06\/RightPlace-2.png&#8220; alt=&#8220;On-premises oder in der Cloud, gute L\u00f6sungen f\u00fcr den \u00f6ffentlichen Sektor&#8220; title_text=&#8220;RightPlace-2&#8243; _builder_version=&#8220;4.16&#8243; global_colors_info=&#8220;{}&#8220;][\/et_pb_image][\/et_pb_column][\/et_pb_row][\/et_pb_section][et_pb_section fb_built=&#8220;1&#8243; _builder_version=&#8220;4.16&#8243; global_colors_info=&#8220;{}&#8220;][et_pb_row _builder_version=&#8220;4.16&#8243; global_colors_info=&#8220;{}&#8220;][et_pb_column type=&#8220;4_4&#8243; _builder_version=&#8220;4.16&#8243; global_colors_info=&#8220;{}&#8220;][et_pb_text _builder_version=&#8220;4.16&#8243; text_orientation=&#8220;center&#8220; max_width=&#8220;800px&#8220; module_alignment=&#8220;center&#8220; global_colors_info=&#8220;{}&#8220;]<\/p>\n<h2>Enterprise File-Sharing, unterst\u00fctzt durch modernste Open-Source-Technologie<\/h2>\n<p>[\/et_pb_text][\/et_pb_column][\/et_pb_row][et_pb_row column_structure=&#8220;1_2,1_2&#8243; _builder_version=&#8220;4.16&#8243; global_colors_info=&#8220;{}&#8220;][et_pb_column type=&#8220;1_2&#8243; _builder_version=&#8220;4.16&#8243; global_colors_info=&#8220;{}&#8220;][et_pb_text _builder_version=&#8220;4.17.0&#8243; custom_padding=&#8220;0px|||||&#8220; global_colors_info=&#8220;{}&#8220;]<\/p>\n<div class=\"small-12 medium-6 columns\">\n<p>ownCloud ist eine beliebte Dateizugriffsplattform f\u00fcr Beh\u00f6rden und Ministerien. Sie bietet die Sicherheitsstufen, die nur durch On-Premises- oder Private-Cloud-Implementierungen und nachpr\u00fcfbarem Open-Source-Code erreicht werden k\u00f6nnen. Dar\u00fcber hinaus bietet sie die Geschwindigkeit und Benutzerfreundlichkeit von <a href=\"\/de\/produkt\/\">File-Sharing<\/a> in Consumer-Qualit\u00e4t, so dass Organisationen vermeiden, dass Mitarbeiter eine Schatten-IT nutzen, die sich der Kontrolle der Verwaltung und der IT-Abteilung entzieht.<\/p>\n<p>ownCloud bietet einen einzigen Zugriffspunkt auf Dateien, so dass diese sicher gespeichert und f\u00fcr legitime Zwecke effizient zug\u00e4nglich sind, w\u00e4hrend der Zugriff nachpr\u00fcfbar protokolliert wird, um Datenschutzbestimmungen zu erf\u00fcllen.<\/p>\n<p>ownCloud verschl\u00fcsselt Daten im ruhenden Zustand, bei der \u00dcbertragung und optional sogar End-to-End. Vertrauliche Dokumente k\u00f6nnen \u00fcber <a href=\"https:\/\/owncloud.com\/features\/secure-view\/\">Secure View<\/a>, einen schreibgesch\u00fctzten Secure Data Room, ausgew\u00e4hlten Benutzern zug\u00e4nglich gemacht werden.<\/p>\n<\/div>\n<div class=\"small-12 medium-6 columns\">\n<p>&nbsp;<\/p>\n<\/div>\n<p>[\/et_pb_text][\/et_pb_column][et_pb_column type=&#8220;1_2&#8243; _builder_version=&#8220;4.16&#8243; global_colors_info=&#8220;{}&#8220;][et_pb_text _builder_version=&#8220;4.16&#8243; global_colors_info=&#8220;{}&#8220;]ownCloud integriert sich nahtlos in jeden Teil der IT-Struktur &#8211; von Benutzerverzeichnissen \u00fcber Sicherheitssysteme und Office-Suiten bis hin zu \u00dcberwachungs- und Backup-Diensten &#8211; und stellt so sicher, dass sensible Daten jederzeit unter Kontrolle bleiben. ownCloud kann sogar bestehende, \u00e4ltere Datensilos integrieren, so dass sie bequem \u00fcber einen einzigen Zugangspunkt nutzbar sind.<\/p>\n<p>ownCloud kann Gastbenutzer beherbergen, was praktisch ist, um einen Ombudsmann, eine Regulierungsbeh\u00f6rde, einen offiziellen \u00dcberwachungsbeauftragten, ein parlamentarisches Aufsichtsgremium oder ein anderes gew\u00e4hltes oder ernanntes Gremium seine Arbeit machen zu lassen.<\/p>\n<p>Seine hochmoderne Leistung macht ownCloud zur bevorzugten Dateizugriffsplattform f\u00fcr hochkar\u00e4tige Forschungseinrichtungen wie CERN und die Max-Planck-Gesellschaft. F\u00fcr Agenturen mit Open-Source-Beschaffungsrichtlinien ist ownCloud unter einer AGPLv3-Lizenz verf\u00fcgbar und wird von der gr\u00f6\u00dften Community aller Open-Source File-Sync- und Share-Software der Welt unterst\u00fctzt.[\/et_pb_text][\/et_pb_column][\/et_pb_row][\/et_pb_section][et_pb_section fb_built=&#8220;1&#8243; _builder_version=&#8220;4.16&#8243; background_color=&#8220;rgba(78,133,200,0.05)&#8220; use_background_color_gradient=&#8220;on&#8220; background_color_gradient_type=&#8220;circular&#8220; background_color_gradient_direction_radial=&#8220;bottom right&#8220; background_color_gradient_stops=&#8220;rgba(78,133,200,0.1) 25%|rgba(78,133,200,0.05) 25%&#8220; background_color_gradient_start=&#8220;rgba(78,133,200,0.1)&#8220; background_color_gradient_start_position=&#8220;25%&#8220; background_color_gradient_end=&#8220;rgba(78,133,200,0.05)&#8220; background_color_gradient_end_position=&#8220;0%&#8220; custom_margin=&#8220;||||false|false&#8220; custom_padding=&#8220;||||false|false&#8220; border_width_top=&#8220;1px&#8220; border_color_top=&#8220;#ecebee&#8220; global_colors_info=&#8220;{}&#8220;][et_pb_row _builder_version=&#8220;4.16&#8243; global_colors_info=&#8220;{}&#8220;][et_pb_column type=&#8220;4_4&#8243; _builder_version=&#8220;4.16&#8243; global_colors_info=&#8220;{}&#8220;][et_pb_text _builder_version=&#8220;4.16&#8243; header_3_text_color=&#8220;#041e42&#8243; max_width=&#8220;800px&#8220; module_alignment=&#8220;center&#8220; global_colors_info=&#8220;{}&#8220;]<\/p>\n<h3 style=\"text-align: center;\">Erfahren Sie, wie ownCloud dem \u00f6ffentlichen Sektor bei der Umsetzung hilft:<\/h3>\n<p>[\/et_pb_text][\/et_pb_column][\/et_pb_row][et_pb_row _builder_version=&#8220;4.16&#8243; max_width=&#8220;800px&#8220; global_colors_info=&#8220;{}&#8220;][et_pb_column type=&#8220;4_4&#8243; _builder_version=&#8220;4.16&#8243; global_colors_info=&#8220;{}&#8220;][et_pb_accordion _builder_version=&#8220;4.16&#8243; global_colors_info=&#8220;{}&#8220;][et_pb_accordion_item title=&#8220;Verwalten von Datenzugriff und Dateilebenszyklen&#8220; open=&#8220;on&#8220; _builder_version=&#8220;4.16&#8243; _dynamic_attributes=&#8220;link_option_url&#8220; link_option_url=&#8220;@ET-DC@eyJkeW5hbWljIjp0cnVlLCJjb250ZW50IjoicG9zdF9saW5rX3VybF9wYWdlIiwic2V0dGluZ3MiOnsicG9zdF9pZCI6IjI2MzUifX0=@&#8220; global_colors_info=&#8220;{}&#8220;]Schr\u00e4nken Sie Dateien automatisch basierend auf Inhalt und Tags ein. Archivieren und l\u00f6schen Sie Dateien, die ihr F\u00e4lligkeitsdatum \u00fcberschritten haben. Protokollieren Sie Aktionen von Benutzern und Administratoren f\u00fcr Compliance und Sicherheit.[\/et_pb_accordion_item][et_pb_accordion_item title=&#8220;Erleichterung der internen und agentur\u00fcbergreifenden Zusammenarbeit&#8220; _builder_version=&#8220;4.16&#8243; _dynamic_attributes=&#8220;link_option_url&#8220; link_option_url=&#8220;@ET-DC@eyJkeW5hbWljIjp0cnVlLCJjb250ZW50IjoicG9zdF9saW5rX3VybF9wYWdlIiwic2V0dGluZ3MiOnsicG9zdF9pZCI6IjI4MTgifX0=@&#8220; global_colors_info=&#8220;{}&#8220; open=&#8220;off&#8220;]Lassen Sie Mitarbeiter Dateien und Ordner mit Kollegen oder sogar Nutzern anderer ownCloud-Instanzen und kompatibler Clouds teilen. Das macht die Zusammenarbeit in und zwischen Organisationen einfacher. Durch Klassifizierung einschr\u00e4nkbar, durch Protokollierung \u00fcberpr\u00fcfbar.[\/et_pb_accordion_item][et_pb_accordion_item title=&#8220;Sichere mobile Produktivit\u00e4t&#8220; _builder_version=&#8220;4.16&#8243; _dynamic_attributes=&#8220;link_option_url&#8220; link_option_url=&#8220;@ET-DC@eyJkeW5hbWljIjp0cnVlLCJjb250ZW50IjoicG9zdF9saW5rX3VybF9wYWdlIiwic2V0dGluZ3MiOnsicG9zdF9pZCI6IjI1NzAifX0=@&#8220; global_colors_info=&#8220;{}&#8220; open=&#8220;off&#8220;]Beh\u00f6rdenmitarbeiter aller Art sind zunehmend mobil und m\u00fcssen von unterwegs oder von zu Hause aus auf Dokumente zugreifen. Die mobilen Anwendungen von ownCloud machen den sicheren mobilen Dateiaustausch zum Kinderspiel. Benutzer k\u00f6nnen mit Tablets und Smartphones Dateien durchsuchen, herunterladen, bearbeiten und hochladen, mit fortschrittlichen Sicherheitssperren und verschl\u00fcsselter Daten\u00fcbertragung.[\/et_pb_accordion_item][\/et_pb_accordion][\/et_pb_column][\/et_pb_row][\/et_pb_section][et_pb_section fb_built=&#8220;1&#8243; module_id=&#8220;quote&#8220; _builder_version=&#8220;4.18.0&#8243; background_color=&#8220;#041e42&#8243; background_image=&#8220;https:\/\/owncloud.com\/wp-content\/uploads\/2020\/06\/FormBackgroundDark.svg&#8220; parallax=&#8220;on&#8220; border_width_bottom=&#8220;1px&#8220; border_color_bottom=&#8220;rgba(78,133,200,0.25)&#8220; locked=&#8220;off&#8220; global_colors_info=&#8220;{}&#8220;][et_pb_row _builder_version=&#8220;4.16&#8243; locked=&#8220;off&#8220; global_colors_info=&#8220;{}&#8220;][et_pb_column type=&#8220;4_4&#8243; _builder_version=&#8220;4.16&#8243; global_colors_info=&#8220;{}&#8220;][et_pb_text _builder_version=&#8220;4.16&#8243; text_text_color=&#8220;#ffffff&#8220; header_text_color=&#8220;#ffffff&#8220; header_2_text_color=&#8220;#ffffff&#8220; header_2_font_size=&#8220;50px&#8220; text_orientation=&#8220;center&#8220; custom_margin=&#8220;||10px||false|false&#8220; locked=&#8220;off&#8220; global_colors_info=&#8220;{}&#8220;]<\/p>\n<h2>Wir machen Ihnen ein Angebot<\/h2>\n<p>[\/et_pb_text][\/et_pb_column][\/et_pb_row][\/et_pb_section][et_pb_section fb_built=&#8220;1&#8243; _builder_version=&#8220;4.16&#8243; locked=&#8220;off&#8220; global_colors_info=&#8220;{}&#8220;][et_pb_row column_structure=&#8220;3_5,2_5&#8243; _builder_version=&#8220;4.16&#8243; global_colors_info=&#8220;{}&#8220;][et_pb_column type=&#8220;3_5&#8243; _builder_version=&#8220;4.16&#8243; global_colors_info=&#8220;{}&#8220;][et_pb_code _builder_version=&#8220;4.24.2&#8243; hover_enabled=&#8220;0&#8243; global_colors_info=&#8220;{}&#8220; sticky_enabled=&#8220;0&#8243;]<script charset=\"utf-8\" type=\"text\/javascript\" src=\"\/\/js.hsforms.net\/forms\/embed\/v2.js\"><\/script><!-- [et_pb_line_break_holder] --><script><!-- [et_pb_line_break_holder] -->  hbspt.forms.create({<!-- [et_pb_line_break_holder] -->    region: \"na1\",<!-- [et_pb_line_break_holder] -->    portalId: \"4067630\",<!-- [et_pb_line_break_holder] -->    formId: \"1acf0680-32bf-4c1c-9f6c-13c70c206017\"<!-- [et_pb_line_break_holder] -->  });<!-- [et_pb_line_break_holder] --><\/script>[\/et_pb_code][\/et_pb_column][et_pb_column type=&#8220;2_5&#8243; _builder_version=&#8220;4.16&#8243; global_colors_info=&#8220;{}&#8220;][et_pb_text _builder_version=&#8220;4.23.4&#8243; text_text_color=&#8220;#041E42&#8243; text_font_size=&#8220;20px&#8220; header_text_color=&#8220;#ffffff&#8220; header_2_text_color=&#8220;#ffffff&#8220; header_2_font_size=&#8220;30px&#8220; global_colors_info=&#8220;{}&#8220;]<\/p>\n<p>Wir freuen uns, von Ihnen zu h\u00f6ren!<\/p>\n<p>[\/et_pb_text][et_pb_text module_class=&#8220;checklist&#8220; _builder_version=&#8220;4.23.4&#8243; text_text_color=&#8220;#041E42&#8243; text_font_size=&#8220;20px&#8220; custom_margin=&#8220;0px||0px||false|false&#8220; custom_padding=&#8220;0px||0px||false|false&#8220; animation_style=&#8220;fade&#8220; animation_direction=&#8220;left&#8220; locked=&#8220;off&#8220; global_colors_info=&#8220;{}&#8220;]<\/p>\n<ul>\n<li>Unverbindliche Demo<\/li>\n<li>Presales-Kontakt zur Kl\u00e4rung technischer Fragen<\/li>\n<li>F\u00fcr Vor-Ort-L\u00f6sungen oder verwaltete Dienste<\/li>\n<li>30 Tage kostenlos und ohne Risiko testen<\/li>\n<\/ul>\n<p>[\/et_pb_text][\/et_pb_column][\/et_pb_row][\/et_pb_section]<\/p>\n","protected":false},"excerpt":{"rendered":"<p>Die Digitalisierung des \u00f6ffentlichen Sektors ist eine Herausforderung, der sich Regierungen auf der ganzen Welt stellen m\u00fcssen. ownCloud hilft, sensible Daten und Steuergelder zu sch\u00fctzen.<\/p>\n","protected":false},"author":4,"featured_media":46841,"parent":62093,"menu_order":0,"comment_status":"closed","ping_status":"closed","template":"","meta":{"_acf_changed":false,"_et_pb_use_builder":"on","_et_pb_old_content":"","_et_gb_content_width":"","inline_featured_image":false,"footnotes":""},"categories":[],"class_list":["post-62283","page","type-page","status-publish","has-post-thumbnail","hentry"],"acf":[],"_links":{"self":[{"href":"https:\/\/owncloud.com\/de\/wp-json\/wp\/v2\/pages\/62283","targetHints":{"allow":["GET"]}}],"collection":[{"href":"https:\/\/owncloud.com\/de\/wp-json\/wp\/v2\/pages"}],"about":[{"href":"https:\/\/owncloud.com\/de\/wp-json\/wp\/v2\/types\/page"}],"author":[{"embeddable":true,"href":"https:\/\/owncloud.com\/de\/wp-json\/wp\/v2\/users\/4"}],"replies":[{"embeddable":true,"href":"https:\/\/owncloud.com\/de\/wp-json\/wp\/v2\/comments?post=62283"}],"version-history":[{"count":6,"href":"https:\/\/owncloud.com\/de\/wp-json\/wp\/v2\/pages\/62283\/revisions"}],"predecessor-version":[{"id":78632,"href":"https:\/\/owncloud.com\/de\/wp-json\/wp\/v2\/pages\/62283\/revisions\/78632"}],"up":[{"embeddable":true,"href":"https:\/\/owncloud.com\/de\/wp-json\/wp\/v2\/pages\/62093"}],"wp:featuredmedia":[{"embeddable":true,"href":"https:\/\/owncloud.com\/de\/wp-json\/wp\/v2\/media\/46841"}],"wp:attachment":[{"href":"https:\/\/owncloud.com\/de\/wp-json\/wp\/v2\/media?parent=62283"}],"wp:term":[{"taxonomy":"category","embeddable":true,"href":"https:\/\/owncloud.com\/de\/wp-json\/wp\/v2\/categories?post=62283"}],"curies":[{"name":"wp","href":"https:\/\/api.w.org\/{rel}","templated":true}]}}