{"id":63300,"date":"2021-08-20T14:21:23","date_gmt":"2021-08-20T14:21:23","guid":{"rendered":"https:\/\/owncloud.com\/?page_id=63300"},"modified":"2021-08-20T14:21:34","modified_gmt":"2021-08-20T14:21:34","slug":"collabora-online","status":"publish","type":"page","link":"https:\/\/owncloud.com\/de\/collabora-online\/","title":{"rendered":"Collabora Online"},"content":{"rendered":"<p>[et_pb_section fb_built=&#8220;1&#8243; next_background_color=&#8220;#ffffff&#8220; _builder_version=&#8220;4.4.5&#8243; background_color=&#8220;#041e42&#8243; background_image=&#8220;https:\/\/owncloud.com\/wp-content\/uploads\/2020\/06\/Test12-1.svg&#8220; custom_padding=&#8220;||100px||false|false&#8220; bottom_divider_style=&#8220;slant&#8220; bottom_divider_flip=&#8220;horizontal&#8220;][et_pb_row use_custom_gutter=&#8220;on&#8220; make_equal=&#8220;on&#8220; _builder_version=&#8220;4.4.5&#8243; custom_padding=&#8220;||||false|false&#8220;][et_pb_column type=&#8220;4_4&#8243; _builder_version=&#8220;4.4.5&#8243;][et_pb_text _builder_version=&#8220;4.5.6&#8243; header_text_align=&#8220;center&#8220; header_text_color=&#8220;#ffffff&#8220; header_font_size=&#8220;60px&#8220; text_orientation=&#8220;center&#8220; custom_margin=&#8220;||10px||false|false&#8220;]<\/p>\n<h1>Collabora Online<\/h1>\n<p>[\/et_pb_text][et_pb_text _builder_version=&#8220;4.5.6&#8243; header_text_color=&#8220;#4e85c8&#8243; header_3_text_color=&#8220;#4e85c8&#8243; header_4_text_color=&#8220;#4e85c8&#8243; text_orientation=&#8220;center&#8220; custom_margin=&#8220;||10px||false|false&#8220;]<\/p>\n<h4>Gemeinsame Dateibearbeitung in ownCloud<\/h4>\n<\/p>\n<p>[\/et_pb_text][et_pb_button button_url=&#8220;@ET-DC@eyJkeW5hbWljIjp0cnVlLCJjb250ZW50IjoicG9zdF9saW5rX3VybF9wYWdlIiwic2V0dGluZ3MiOnsicG9zdF9pZCI6IjE4In19@&#8220; button_text=&#8220;30 Tage kostenfrei testen!&#8220; button_alignment=&#8220;center&#8220; _builder_version=&#8220;4.5.6&#8243; _dynamic_attributes=&#8220;button_url&#8220; button_bg_color__hover_enabled=&#8220;on|hover&#8220; button_bg_color__hover=&#8220;#e56f35&#8243; button_border_color__hover=&#8220;#e56f35&#8243; button_border_color__hover_enabled=&#8220;on|hover&#8220; button_border_width__hover=&#8220;1px&#8220; button_border_width__hover_enabled=&#8220;on|desktop&#8220; button_bg_enable_color__hover=&#8220;on&#8220; custom_padding__hover_enabled=&#8220;off|desktop&#8220; custom_padding__hover=&#8220;||||false|false&#8220;][\/et_pb_button][\/et_pb_column][\/et_pb_row][\/et_pb_section][et_pb_section fb_built=&#8220;1&#8243; _builder_version=&#8220;4.5.6&#8243; _module_preset=&#8220;default&#8220;][et_pb_row _builder_version=&#8220;4.5.6&#8243; _module_preset=&#8220;default&#8220;][et_pb_column type=&#8220;4_4&#8243; _builder_version=&#8220;4.5.6&#8243; _module_preset=&#8220;default&#8220;][et_pb_text _builder_version=&#8220;4.5.6&#8243; _module_preset=&#8220;default&#8220; link_font=&#8220;|700|||||||&#8220; width=&#8220;60%&#8220; module_alignment=&#8220;center&#8220;]<\/p>\n<p>ownCloud und Collabora bieten ab sofort eine gemeinsame L\u00f6sung an, die <span>\u00a0<\/span><a href=\"https:\/\/www.collaboraoffice.com\/owncloud\/\" target=\"_blank\" rel=\"noopener\">Collabora Online<\/a> umfasst und die allererste direkt einsatzbereite Funktion f\u00fcr LibreOffice Online einer breiten \u00d6ffentlichkeit zug\u00e4nglich macht. ownCloud Enterprise haben nun Zugang zu einer gefragten Open Source Cloud Document Suite, die alle wichtigen Dateiformate f\u00fcr Dokumente, Tabellenkalkulationen und Pr\u00e4sentationen unterst\u00fctzt, auf diesem Weg die Produktivit\u00e4t steigert und gleichzeitig volle Kontrolle \u00fcber sensible Unternehmensdaten gew\u00e4hrleistet.<\/p>\n<p>Nutzer k\u00f6nnen mit Collabora Online f\u00fcr ownCloud Enterprise in der ownCloud-Webansicht auf ihre Office-Dokumente zugreifen, neue Inhalte verfassen, ihre Arbeit mit anderen teilen und gemeinsam mit anderen an demselben Dokument arbeiten, w\u00e4hrend alle \u00c4nderungen in Echtzeit sichtbar sind und die Bearbeitung jederzeit an andere abgegeben werden kann.\u00a0Benutzer m\u00fcssen sich nicht mehr mit Versionskonflikten herumplagen, die bei der unabh\u00e4ngigen Bearbeitung von Dokumenten auftreten k\u00f6nnen.<\/p>\n<p> Collabora Online bietet Unternehmen eine skalierbare, kommerziell unterst\u00fctzte Version mit langfristigem Support, signierten Sicherheitsupdates und einem SLA. Ziel ist so viele Menschen wie m\u00f6glich dazu zu bringen, mit Collabora Online innerhalb von ownCloud zu arbeiten, und den Benutzern die Kontrolle \u00fcber ihre eigenen Online-Dokumente zur\u00fcckzugeben.<\/p>\n<p>[\/et_pb_text][et_pb_image src=&#8220;https:\/\/owncloud.com\/wp-content\/uploads\/2021\/01\/Collabora-writer.png&#8220; alt=&#8220;Collabora Writer &#8220; title_text=&#8220;Collabora Writer&#8220; _builder_version=&#8220;4.7.7&#8243; _module_preset=&#8220;default&#8220; custom_margin=&#8220;||14px|||&#8220; box_shadow_style=&#8220;preset3&#8243;][\/et_pb_image][et_pb_text _builder_version=&#8220;4.7.7&#8243; _module_preset=&#8220;default&#8220; text_font_size=&#8220;14px&#8220;]<\/p>\n<p>Collabora Writer<\/p>\n<p>[\/et_pb_text][\/et_pb_column][\/et_pb_row][et_pb_row column_structure=&#8220;1_5,3_5,1_5&#8243; _builder_version=&#8220;4.5.1&#8243; custom_padding=&#8220;||0px||false|false&#8220; animation_style=&#8220;fade&#8220; locked=&#8220;off&#8220;][et_pb_column type=&#8220;1_5&#8243; _builder_version=&#8220;4.4.7&#8243;][\/et_pb_column][et_pb_column type=&#8220;3_5&#8243; _builder_version=&#8220;4.4.7&#8243;][et_pb_text module_class=&#8220;checklist&#8220; _builder_version=&#8220;4.5.6&#8243; text_text_color=&#8220;#4e85c8&#8243; text_font_size=&#8220;20px&#8220; custom_margin=&#8220;0px||0px||false|false&#8220; custom_padding=&#8220;0px||0px||false|false&#8220; animation_direction=&#8220;left&#8220;]<\/p>\n<ul>\n<li><span>Gemeinsame Dateibearbeitung<\/span><\/li>\n<\/ul>\n<p>[\/et_pb_text][et_pb_text module_class=&#8220;checklist&#8220; _builder_version=&#8220;4.5.6&#8243; text_text_color=&#8220;#4e85c8&#8243; text_font_size=&#8220;20px&#8220; custom_margin=&#8220;0px||0px||false|false&#8220; custom_padding=&#8220;0px||0px||false|false&#8220; animation_direction=&#8220;left&#8220;]<\/p>\n<ul>\n<li><span>Anzeigen und Bearbeiten von Dokumenten, Tabellenkalkulationen und Pr\u00e4sentationen<\/span><\/li>\n<\/ul>\n<p>[\/et_pb_text][et_pb_text module_class=&#8220;checklist&#8220; _builder_version=&#8220;4.5.6&#8243; text_text_color=&#8220;#4e85c8&#8243; text_font_size=&#8220;20px&#8220; custom_margin=&#8220;0px||0px||false|false&#8220; custom_padding=&#8220;0px||0px||false|false&#8220; animation_direction=&#8220;left&#8220;]<\/p>\n<ul>\n<li><span>Beibehaltung von Layout und Formatierung des Dokuments<\/span><\/li>\n<\/ul>\n<p>[\/et_pb_text][et_pb_text module_class=&#8220;checklist&#8220; _builder_version=&#8220;4.5.6&#8243; text_text_color=&#8220;#4e85c8&#8243; text_font_size=&#8220;20px&#8220; custom_margin=&#8220;0px||0px||false|false&#8220; custom_padding=&#8220;0px||0px||false|false&#8220; animation_direction=&#8220;left&#8220;]<\/p>\n<ul>\n<li><span>Einf\u00fcgen von Kommentaren, Beantwortung von Kommentaren<\/span><\/li>\n<\/ul>\n<p>[\/et_pb_text][et_pb_text module_class=&#8220;checklist&#8220; _builder_version=&#8220;4.5.6&#8243; text_text_color=&#8220;#4e85c8&#8243; text_font_size=&#8220;20px&#8220; custom_margin=&#8220;0px||0px||false|false&#8220; custom_padding=&#8220;0px||0px||false|false&#8220; animation_direction=&#8220;left&#8220;]<\/p>\n<ul>\n<li><span>Datei\u00fcberarbeitungsverlauf<\/span><\/li>\n<\/ul>\n<p>[\/et_pb_text][et_pb_text module_class=&#8220;checklist&#8220; _builder_version=&#8220;4.5.6&#8243; text_text_color=&#8220;#4e85c8&#8243; text_font_size=&#8220;20px&#8220; custom_margin=&#8220;0px||0px||false|false&#8220; custom_padding=&#8220;0px||0px||false|false&#8220; animation_direction=&#8220;left&#8220;]<\/p>\n<ul>\n<li><span>Darstellung in Vollbild<\/span><\/li>\n<\/ul>\n<p>[\/et_pb_text][et_pb_text module_class=&#8220;checklist&#8220; _builder_version=&#8220;4.5.6&#8243; text_text_color=&#8220;#4e85c8&#8243; text_font_size=&#8220;20px&#8220; custom_margin=&#8220;0px||0px||false|false&#8220; custom_padding=&#8220;0px||0px||false|false&#8220; animation_direction=&#8220;left&#8220;]<\/p>\n<ul>\n<li><span>DSGVO-konform<\/span><\/li>\n<\/ul>\n<p>[\/et_pb_text][et_pb_text module_class=&#8220;checklist&#8220; _builder_version=&#8220;4.5.6&#8243; text_text_color=&#8220;#4e85c8&#8243; text_font_size=&#8220;20px&#8220; custom_margin=&#8220;0px||0px||false|false&#8220; custom_padding=&#8220;0px||0px||false|false&#8220; animation_direction=&#8220;left&#8220;]<\/p>\n<ul>\n<li><span>Unterst\u00fctzung jedes modernen Internetbrowsers<\/span><\/li>\n<\/ul>\n<p>[\/et_pb_text][et_pb_text module_class=&#8220;checklist&#8220; _builder_version=&#8220;4.5.6&#8243; text_text_color=&#8220;#4e85c8&#8243; text_font_size=&#8220;20px&#8220; custom_margin=&#8220;0px||0px||false|false&#8220; custom_padding=&#8220;0px||0px||false|false&#8220; animation_direction=&#8220;left&#8220;]<\/p>\n<ul>\n<li><span>Automatisches Speichern<\/span><\/li>\n<\/ul>\n<p>[\/et_pb_text][et_pb_text module_class=&#8220;checklist&#8220; _builder_version=&#8220;4.5.6&#8243; text_text_color=&#8220;#4e85c8&#8243; text_font_size=&#8220;20px&#8220; link_font=&#8220;|700|||||||&#8220; custom_margin=&#8220;0px||0px||false|false&#8220; custom_padding=&#8220;0px||0px||false|false&#8220; animation_direction=&#8220;left&#8220;]<\/p>\n<ul>\n<li><span>Virtuelle Datenr\u00e4ume mit <a href=\"https:\/\/owncloud.com\/features\/secure-view\/\" title=\"ownCloud Secure View\">Secure View<\/a><\/span><\/li>\n<\/ul>\n<p>[\/et_pb_text][\/et_pb_column][et_pb_column type=&#8220;1_5&#8243; _builder_version=&#8220;4.4.7&#8243;][\/et_pb_column][\/et_pb_row][et_pb_row column_structure=&#8220;1_2,1_2&#8243; _builder_version=&#8220;4.5.6&#8243; _module_preset=&#8220;default&#8220; custom_margin=&#8220;|auto|0px|auto||&#8220; custom_padding=&#8220;||13px|||&#8220;][et_pb_column type=&#8220;1_2&#8243; _builder_version=&#8220;4.5.6&#8243; _module_preset=&#8220;default&#8220;][et_pb_image src=&#8220;https:\/\/owncloud.com\/wp-content\/uploads\/2021\/01\/Collabora-Calc.png&#8220; alt=&#8220;Collabora Online Editor in ownCloud&#8220; title_text=&#8220;Collabora Calc&#8220; _builder_version=&#8220;4.7.7&#8243; _module_preset=&#8220;default&#8220; custom_margin=&#8220;||17px|||&#8220; box_shadow_style=&#8220;preset3&#8243;][\/et_pb_image][et_pb_text _builder_version=&#8220;4.7.7&#8243; _module_preset=&#8220;default&#8220; text_font_size=&#8220;14px&#8220;]<\/p>\n<p>Collabora Calc\u00a0<\/p>\n<p>[\/et_pb_text][\/et_pb_column][et_pb_column type=&#8220;1_2&#8243; _builder_version=&#8220;4.5.6&#8243; _module_preset=&#8220;default&#8220;][et_pb_image src=&#8220;https:\/\/owncloud.com\/wp-content\/uploads\/2021\/01\/collabora-impress.png&#8220; alt=&#8220;ownCloud Secure View \u2013 Virtuelle Datenr\u00e4ume&#8220; title_text=&#8220;collabora Impress&#8220; _builder_version=&#8220;4.7.7&#8243; _module_preset=&#8220;default&#8220; custom_margin=&#8220;||18px|||&#8220; box_shadow_style=&#8220;preset3&#8243;][\/et_pb_image][et_pb_text _builder_version=&#8220;4.7.7&#8243; _module_preset=&#8220;default&#8220; text_font_size=&#8220;14px&#8220;]<\/p>\n<p>Collabora Impress<\/p>\n<p>[\/et_pb_text][\/et_pb_column][\/et_pb_row][et_pb_row _builder_version=&#8220;4.5.6&#8243; _module_preset=&#8220;default&#8220;][et_pb_column type=&#8220;4_4&#8243; _builder_version=&#8220;4.5.6&#8243; _module_preset=&#8220;default&#8220;][et_pb_text _builder_version=&#8220;4.5.6&#8243; _module_preset=&#8220;default&#8220; link_font=&#8220;|700|||||||&#8220; header_2_font=&#8220;Source Sans Pro|700|||||||&#8220; header_3_font_size=&#8220;17px&#8220; width=&#8220;60%&#8220; module_alignment=&#8220;center&#8220;]<\/p>\n<h2>Installation Collabora Online<\/h2>\n<h3>1. Verwenden Sie den Collabora Online Connector f\u00fcr ownCloud<\/h3>\n<ul>\n<li><strong><a href=\"https:\/\/www.collaboraoffice.com\/code\/#grab_the_latest_docker_image\" target=\"_blank\" rel=\"noopener noreferrer\">Installieren Sie Collabora (Docker)<u><\/u><\/a><\/strong><\/li>\n<li><a href=\"https:\/\/marketplace.owncloud.com\/apps\/richdocuments\" target=\"_blank\" rel=\"noopener noreferrer\"><strong>Installieren Sie die Collabora Integration App f\u00fcr ownCloud<\/strong><u><strong><\/strong><\/u><\/a> (manuelle Installation durch den Administrator)<\/li>\n<\/ul>\n<h3>2. \u00dcber das App-Center unseres Partners Univention<\/h3>\n<ul>\n<li><a href=\"https:\/\/www.univention.com\/products\/univention-app-center\/collabora-online-development-edition-with-owncloud\/\" target=\"_blank\" rel=\"noopener noreferrer\" title=\"Univention App-Center ownCloud x Collabora Online connector\">Univention App-Center<\/a> ownCloud x Collabora Online Connector<\/li>\n<li>Bitte beachten Sie, dass Sie f\u00fcr eine unterbrechungsfreie Nutzung g\u00fcltige Abonnements ben\u00f6tigen.<\/li>\n<\/ul>\n<p>[\/et_pb_text][\/et_pb_column][\/et_pb_row][\/et_pb_section][et_pb_section fb_built=&#8220;1&#8243; _builder_version=&#8220;4.5.6&#8243; background_color=&#8220;#041e42&#8243; background_image=&#8220;https:\/\/owncloud.com\/wp-content\/uploads\/2020\/07\/MobileAppHeader.svg&#8220; parallax=&#8220;on&#8220; saved_tabs=&#8220;all&#8220;][et_pb_row column_structure=&#8220;1_5,3_5,1_5&#8243; _builder_version=&#8220;4.4.5&#8243;][et_pb_column type=&#8220;1_5&#8243; _builder_version=&#8220;4.4.5&#8243;][\/et_pb_column][et_pb_column type=&#8220;3_5&#8243; _builder_version=&#8220;4.4.5&#8243;][et_pb_text _builder_version=&#8220;4.5.6&#8243; header_2_font=&#8220;|700|||||||&#8220; header_2_text_align=&#8220;center&#8220; header_2_font_size=&#8220;48px&#8220; background_layout=&#8220;dark&#8220;]<\/p>\n<h2>Sie haben Interesse an Collabora Online?<\/h2>\n<p>[\/et_pb_text][et_pb_text module_class=&#8220;checklist&#8220; _builder_version=&#8220;4.5.6&#8243; text_font=&#8220;||||||||&#8220; text_font_size=&#8220;20px&#8220; background_layout=&#8220;dark&#8220; max_width=&#8220;600px&#8220; module_alignment=&#8220;center&#8220; custom_css_main_element=&#8220;display: flex;||justify-content: center;&#8220;]<\/p>\n<p style=\"text-align: center;\">Sprechen Sie uns an, wenn Sie eine Demonstration anfordern oder Preise erfragen m\u00f6chten.\u00a0<\/p>\n<p>[\/et_pb_text][\/et_pb_column][et_pb_column type=&#8220;1_5&#8243; _builder_version=&#8220;4.4.5&#8243;][\/et_pb_column][\/et_pb_row][et_pb_row column_structure=&#8220;1_5,3_5,1_5&#8243; _builder_version=&#8220;4.4.5&#8243; custom_padding=&#8220;0px||||false|false&#8220;][et_pb_column type=&#8220;1_5&#8243; _builder_version=&#8220;4.4.5&#8243;][\/et_pb_column][et_pb_column type=&#8220;3_5&#8243; _builder_version=&#8220;4.4.5&#8243; custom_css_main_element=&#8220;display: flex;||justify-content: center;&#8220;][et_pb_button button_url=&#8220;@ET-DC@eyJkeW5hbWljIjp0cnVlLCJjb250ZW50IjoicG9zdF9saW5rX3VybF9wYWdlIiwic2V0dGluZ3MiOnsicG9zdF9pZCI6IjYxIn19@&#8220; button_text=&#8220;Vertrieb kontaktieren&#8220; _builder_version=&#8220;4.9.10&#8243; _dynamic_attributes=&#8220;button_url&#8220; button_bg_color_last_edited=&#8220;off|desktop&#8220; custom_css_main_element=&#8220;box-shadow: 0 4px 6px rgba(50,50,93,.11), 0 1px 3px rgba(0,0,0,.08);&#8220; button_bg_color__hover_enabled=&#8220;on|hover&#8220; button_bg_color__hover=&#8220;rgba(78,133,200,0.8)&#8220; button_border_color__hover=&#8220;rgba(78,133,200,0.8)&#8220; button_border_color__hover_enabled=&#8220;on|hover&#8220; button_border_width__hover=&#8220;1px&#8220; button_border_width__hover_enabled=&#8220;on|hover&#8220; custom_padding__hover_enabled=&#8220;off|hover&#8220; button_text_color__hover_enabled=&#8220;on|hover&#8220; button_text_color__hover=&#8220;#ffffff&#8220; button_bg_enable_color__hover=&#8220;on&#8220; custom_padding__hover=&#8220;||||false|false&#8220;][\/et_pb_button][\/et_pb_column][et_pb_column type=&#8220;1_5&#8243; _builder_version=&#8220;4.4.5&#8243;][\/et_pb_column][\/et_pb_row][\/et_pb_section][et_pb_section fb_built=&#8220;1&#8243; _builder_version=&#8220;4.5.6&#8243; background_color=&#8220;rgba(78,133,200,0.05)&#8220; locked=&#8220;off&#8220;][et_pb_row _builder_version=&#8220;4.4.5&#8243; custom_padding=&#8220;||10px||false|false&#8220;][et_pb_column type=&#8220;4_4&#8243; _builder_version=&#8220;4.4.5&#8243;][et_pb_text _builder_version=&#8220;4.5.6&#8243; header_3_text_align=&#8220;center&#8220; header_3_text_color=&#8220;#041e42&#8243; header_3_font_size=&#8220;36px&#8220;]<\/p>\n<h3>Erfahren Sie mehr \u00fcber Collabora Online<\/h3>\n<p>[\/et_pb_text][\/et_pb_column][\/et_pb_row][et_pb_row column_structure=&#8220;1_2,1_2&#8243; use_custom_gutter=&#8220;on&#8220; gutter_width=&#8220;2&#8243; make_equal=&#8220;on&#8220; _builder_version=&#8220;4.5.6&#8243; min_height=&#8220;240px&#8220;][et_pb_column type=&#8220;1_2&#8243; _builder_version=&#8220;4.5.6&#8243; background_color=&#8220;#ffffff&#8220; link_option_url=&#8220;https:\/\/www.collaboraoffice.com\/owncloud\/&#8220; link_option_url_new_window=&#8220;on&#8220; custom_css_main_element=&#8220;align-items: center;||display: flex;||justify-content: center;||flex-direction: column;||min-height: 150px\t&#8220; border_radii=&#8220;on|5px|5px|5px|5px&#8220; border_width_all=&#8220;1px&#8220; border_color_all=&#8220;#ecebee&#8220; box_shadow_style=&#8220;preset1&#8243; box_shadow_color=&#8220;rgba(78,133,200,0.1)&#8220; background__hover_enabled=&#8220;on|desktop&#8220; background_color__hover=&#8220;rgba(0,0,0,0)&#8220; background_enable_color__hover=&#8220;on&#8220; custom_css_main_element__hover_enabled=&#8220;off|hover&#8220; custom_css_main_element__hover=&#8220;lor: white !important;||}&#8220; transform_styles__hover_enabled=&#8220;on|hover&#8220; transform_scale__hover_enabled=&#8220;on|hover&#8220; transform_translate__hover_enabled=&#8220;on|desktop&#8220; transform_rotate__hover_enabled=&#8220;on|desktop&#8220; transform_skew__hover_enabled=&#8220;on|desktop&#8220; transform_origin__hover_enabled=&#8220;on|desktop&#8220; transform_scale__hover=&#8220;110%|110%&#8220;][et_pb_blurb use_icon=&#8220;on&#8220; font_icon=&#8220;%%72%%&#8220; use_icon_font_size=&#8220;on&#8220; icon_font_size=&#8220;24px&#8220; _builder_version=&#8220;4.4.5&#8243; custom_margin=&#8220;0px||3px||false|false&#8220; custom_css_blurb_image=&#8220;margin: 0;\t&#8222;][\/et_pb_blurb][et_pb_text _builder_version=&#8220;4.5.6&#8243; text_font=&#8220;|600|||||||&#8220; text_text_color=&#8220;#4e85c8&#8243;]<\/p>\n<p><a href=\"https:\/\/www.collaboraoffice.com\/owncloud\/\" target=\"_blank\" rel=\"noopener noreferrer\">Kostenlose Demoversion<\/a><\/p>\n<p>[\/et_pb_text][\/et_pb_column][et_pb_column type=&#8220;1_2&#8243; _builder_version=&#8220;4.5.6&#8243; background_color=&#8220;#ffffff&#8220; link_option_url=&#8220;https:\/\/marketplace.owncloud.com\/apps\/richdocuments&#8220; link_option_url_new_window=&#8220;on&#8220; custom_css_main_element=&#8220;align-items: center;||display: flex;||justify-content: center;||flex-direction: column;||min-height: 150px\t&#8220; border_radii=&#8220;on|5px|5px|5px|5px&#8220; border_width_all=&#8220;1px&#8220; border_color_all=&#8220;#ecebee&#8220; box_shadow_style=&#8220;preset1&#8243; box_shadow_color=&#8220;rgba(78,133,200,0.1)&#8220; background__hover_enabled=&#8220;on|desktop&#8220; background_color__hover=&#8220;rgba(0,0,0,0)&#8220; background_enable_color__hover=&#8220;on&#8220; custom_css_main_element__hover_enabled=&#8220;off|hover&#8220; custom_css_main_element__hover=&#8220;lor: white !important;||}&#8220; transform_styles__hover_enabled=&#8220;on|hover&#8220; transform_scale__hover_enabled=&#8220;on|hover&#8220; transform_translate__hover_enabled=&#8220;on|desktop&#8220; transform_rotate__hover_enabled=&#8220;on|desktop&#8220; transform_skew__hover_enabled=&#8220;on|desktop&#8220; transform_origin__hover_enabled=&#8220;on|desktop&#8220; transform_scale__hover=&#8220;110%|110%&#8220;][et_pb_blurb use_icon=&#8220;on&#8220; font_icon=&#8220;%%114%%&#8220; use_icon_font_size=&#8220;on&#8220; icon_font_size=&#8220;24px&#8220; _builder_version=&#8220;4.4.6&#8243; custom_margin=&#8220;0px||3px||false|false&#8220; custom_css_blurb_image=&#8220;margin: 0;\t&#8222;][\/et_pb_blurb][et_pb_text _builder_version=&#8220;4.5.6&#8243; text_font=&#8220;|600|||||||&#8220; text_text_color=&#8220;#4e85c8&#8243;]<\/p>\n<p><a href=\"https:\/\/marketplace.owncloud.com\/apps\/richdocuments\" target=\"_blank\" rel=\"noopener noreferrer\">Marketplace<\/a><\/p>\n<p>[\/et_pb_text][\/et_pb_column][\/et_pb_row][\/et_pb_section]<\/p>\n","protected":false},"excerpt":{"rendered":"<p>Collabora Online f\u00fcr ownCloud umfasst Funktionen f\u00fcr die gemeinsame Bearbeitung von Textdokumenten, Tabellenkalkulationen und Pr\u00e4sentationen innerhalb von ownCloud.<\/p>\n","protected":false},"author":15,"featured_media":78665,"parent":0,"menu_order":0,"comment_status":"closed","ping_status":"closed","template":"","meta":{"_acf_changed":false,"_et_pb_use_builder":"on","_et_pb_old_content":"","_et_gb_content_width":"","inline_featured_image":false,"footnotes":""},"categories":[],"class_list":["post-63300","page","type-page","status-publish","has-post-thumbnail","hentry"],"acf":[],"_links":{"self":[{"href":"https:\/\/owncloud.com\/de\/wp-json\/wp\/v2\/pages\/63300","targetHints":{"allow":["GET"]}}],"collection":[{"href":"https:\/\/owncloud.com\/de\/wp-json\/wp\/v2\/pages"}],"about":[{"href":"https:\/\/owncloud.com\/de\/wp-json\/wp\/v2\/types\/page"}],"author":[{"embeddable":true,"href":"https:\/\/owncloud.com\/de\/wp-json\/wp\/v2\/users\/15"}],"replies":[{"embeddable":true,"href":"https:\/\/owncloud.com\/de\/wp-json\/wp\/v2\/comments?post=63300"}],"version-history":[{"count":3,"href":"https:\/\/owncloud.com\/de\/wp-json\/wp\/v2\/pages\/63300\/revisions"}],"predecessor-version":[{"id":63441,"href":"https:\/\/owncloud.com\/de\/wp-json\/wp\/v2\/pages\/63300\/revisions\/63441"}],"wp:featuredmedia":[{"embeddable":true,"href":"https:\/\/owncloud.com\/de\/wp-json\/wp\/v2\/media\/78665"}],"wp:attachment":[{"href":"https:\/\/owncloud.com\/de\/wp-json\/wp\/v2\/media?parent=63300"}],"wp:term":[{"taxonomy":"category","embeddable":true,"href":"https:\/\/owncloud.com\/de\/wp-json\/wp\/v2\/categories?post=63300"}],"curies":[{"name":"wp","href":"https:\/\/api.w.org\/{rel}","templated":true}]}}