{"id":68160,"date":"2022-06-13T14:09:22","date_gmt":"2022-06-13T14:09:22","guid":{"rendered":"https:\/\/owncloud.com\/all-customers\/pagani-automobili\/"},"modified":"2024-01-18T15:03:23","modified_gmt":"2024-01-18T15:03:23","slug":"pagani-automobili","status":"publish","type":"page","link":"https:\/\/owncloud.com\/de\/kunden\/pagani-automobili\/","title":{"rendered":"Pagani Automobili"},"content":{"rendered":"<p>[et_pb_section fb_built=&#8220;1&#8243; next_background_color=&#8220;#ffffff&#8220; _builder_version=&#8220;4.16&#8243; background_color=&#8220;#041e42&#8243; background_image=&#8220;https:\/\/owncloud.com\/wp-content\/uploads\/2020\/06\/HeaderBackground.svg&#8220; custom_padding=&#8220;||0px||false|false&#8220; bottom_divider_style=&#8220;slant&#8220; bottom_divider_flip=&#8220;horizontal&#8220; global_colors_info=&#8220;{}&#8220;][et_pb_row use_custom_gutter=&#8220;on&#8220; make_equal=&#8220;on&#8220; _builder_version=&#8220;4.16&#8243; custom_padding=&#8220;||0px||false|false&#8220; global_colors_info=&#8220;{}&#8220;][et_pb_column type=&#8220;4_4&#8243; _builder_version=&#8220;4.16&#8243; global_colors_info=&#8220;{}&#8220;][et_pb_text _builder_version=&#8220;4.16&#8243; header_text_color=&#8220;#4e85c8&#8243; header_3_text_color=&#8220;#4e85c8&#8243; header_4_text_color=&#8220;#4e85c8&#8243; text_orientation=&#8220;center&#8220; max_width=&#8220;80%&#8220; module_alignment=&#8220;center&#8220; custom_margin=&#8220;||10px||false|false&#8220; locked=&#8220;off&#8220; global_colors_info=&#8220;{}&#8220;]<\/p>\n<h4>ownCloud Success Story<\/h4>\n<p>[\/et_pb_text][et_pb_text _builder_version=&#8220;4.16&#8243; header_text_color=&#8220;#ffffff&#8220; header_font_size=&#8220;60px&#8220; text_orientation=&#8220;center&#8220; custom_margin=&#8220;||10px||false|false&#8220; custom_padding=&#8220;||20px||false|false&#8220; global_colors_info=&#8220;{}&#8220;]<\/p>\n<h1 style=\"text-align: center;\">Pagani Automobili<\/h1>\n<p>[\/et_pb_text][et_pb_image src=&#8220;https:\/\/owncloud.com\/wp-content\/uploads\/2020\/11\/PAGANI_HUAYRA_ROADSTER_BC_1_warehouse_open-scaled.jpg&#8220; alt=&#8220;Pagani Automobili w\u00e4hlt ownCloud f\u00fcr sicheren Dateiaustausch&#8220; title_text=&#8220;Pagani Automobili w\u00e4hlt ownCloud f\u00fcr sicheren Dateiaustausch&#8220; _builder_version=&#8220;4.16&#8243; _module_preset=&#8220;default&#8220; max_width=&#8220;70%&#8220; module_alignment=&#8220;center&#8220; custom_margin=&#8220;30px|||||&#8220; border_radii=&#8220;on|5px|5px|5px|5px&#8220; box_shadow_style=&#8220;preset2&#8243; global_colors_info=&#8220;{}&#8220;][\/et_pb_image][\/et_pb_column][\/et_pb_row][\/et_pb_section][et_pb_section fb_built=&#8220;1&#8243; _builder_version=&#8220;4.16&#8243; _module_preset=&#8220;default&#8220; global_colors_info=&#8220;{}&#8220;][et_pb_row _builder_version=&#8220;4.16&#8243; _module_preset=&#8220;default&#8220; global_colors_info=&#8220;{}&#8220;][et_pb_column type=&#8220;4_4&#8243; _builder_version=&#8220;4.16&#8243; _module_preset=&#8220;default&#8220; global_colors_info=&#8220;{}&#8220;][et_pb_text _builder_version=&#8220;4.16&#8243; _module_preset=&#8220;default&#8220; header_2_font=&#8220;|700|||||||&#8220; max_width=&#8220;80%&#8220; module_alignment=&#8220;center&#8220; global_colors_info=&#8220;{}&#8220;]<\/p>\n<h2 style=\"text-align: center;\"><span>Pagani entscheidet sich f\u00fcr ownCloud, um die Entwicklung zu beschleunigen und M\u00f6chtegern-Angreifer in die Schranken zu weisen.<\/span><\/h2>\n<p style=\"text-align: center;\"><span>Pagani Automobili, ein italienischer Hersteller von Spezialfahrzeugen, w\u00e4hlt ownCloud f\u00fcr die sichere Synchronisierung und Freigabe von Unternehmensdateien. Erfahren Sie, wie das Team und seine externen Partner ownCloud f\u00fcr verbesserte Produktivit\u00e4t und abteilungs\u00fcbergreifende Zusammenarbeit nutzen.<\/span><\/p>\n<h3 style=\"text-align: center;\"><span><\/span><\/h3>\n<p>[\/et_pb_text][et_pb_text _builder_version=&#8220;4.16&#8243; _module_preset=&#8220;default&#8220; header_2_font=&#8220;|700|||||||&#8220; max_width=&#8220;80%&#8220; module_alignment=&#8220;center&#8220; global_colors_info=&#8220;{}&#8220;]<\/p>\n<h3 style=\"text-align: center;\"><span>Erhalten Sie die Erfolgsgeschichte direkt in Ihren Posteingang:<\/span><\/h3>\n<p>[\/et_pb_text][et_pb_button button_text=&#8220;Download&#8220; _builder_version=&#8220;4.23.4&#8243; _module_preset=&#8220;default&#8220; button_url=&#8220;https:\/\/oc.owncloud.com\/rs\/038-KRL-592\/images\/ownCloud-success_story_pagani-EN.pdf&#8220; url_new_window=&#8220;on&#8220; hover_enabled=&#8220;0&#8243; sticky_enabled=&#8220;0&#8243; button_alignment=&#8220;center&#8220;][\/et_pb_button][\/et_pb_column][\/et_pb_row][\/et_pb_section][et_pb_section fb_built=&#8220;1&#8243; _builder_version=&#8220;4.16&#8243; background_color=&#8220;#041e42&#8243; background_enable_image=&#8220;off&#8220; parallax=&#8220;on&#8220; saved_tabs=&#8220;all&#8220; global_colors_info=&#8220;{}&#8220;][et_pb_row _builder_version=&#8220;4.16&#8243; global_colors_info=&#8220;{}&#8220;][et_pb_column type=&#8220;4_4&#8243; _builder_version=&#8220;4.16&#8243; global_colors_info=&#8220;{}&#8220;][et_pb_text _builder_version=&#8220;4.16&#8243; header_2_font=&#8220;|700|||||||&#8220; header_2_text_align=&#8220;center&#8220; header_2_font_size=&#8220;48px&#8220; background_layout=&#8220;dark&#8220; global_colors_info=&#8220;{}&#8220;]<\/p>\n<h2 style=\"text-align: center;\">Sichere Dateifreigabe f\u00fcr Unternehmen jeder Gr\u00f6\u00dfe<\/h2>\n<p>[\/et_pb_text][et_pb_text module_class=&#8220;checklist&#8220; _builder_version=&#8220;4.16&#8243; text_font=&#8220;||||||||&#8220; text_font_size=&#8220;20px&#8220; background_layout=&#8220;dark&#8220; max_width=&#8220;600px&#8220; module_alignment=&#8220;center&#8220; custom_css_main_element=&#8220;display: flex;||justify-content: center;&#8220; global_colors_info=&#8220;{}&#8220;]<\/p>\n<p style=\"text-align: center;\">Erfahren Sie mehr \u00fcber die Branchen und Unternehmen, in denen ownCloud f\u00fcr mehr Sicherheit, Produktivit\u00e4t und Zusammenarbeit sorgt.<\/p>\n<p>[\/et_pb_text][\/et_pb_column][\/et_pb_row][et_pb_row column_structure=&#8220;1_5,3_5,1_5&#8243; _builder_version=&#8220;4.16&#8243; custom_padding=&#8220;0px||||false|false&#8220; global_colors_info=&#8220;{}&#8220;][et_pb_column type=&#8220;1_5&#8243; _builder_version=&#8220;4.16&#8243; global_colors_info=&#8220;{}&#8220;][\/et_pb_column][et_pb_column type=&#8220;3_5&#8243; _builder_version=&#8220;4.16&#8243; custom_css_main_element=&#8220;display: flex;||justify-content: center;&#8220; global_colors_info=&#8220;{}&#8220;][et_pb_button button_url=&#8220;@ET-DC@eyJkeW5hbWljIjp0cnVlLCJjb250ZW50IjoicG9zdF9saW5rX3VybF9wYWdlIiwic2V0dGluZ3MiOnsicG9zdF9pZCI6Ijc5In19@&#8220; button_text=&#8220;Kunden\u00fcbersicht&#8220; _builder_version=&#8220;4.16&#8243; _dynamic_attributes=&#8220;button_url&#8220; button_bg_color_last_edited=&#8220;off|desktop&#8220; custom_css_main_element=&#8220;box-shadow: 0 4px 6px rgba(50,50,93,.11), 0 1px 3px rgba(0,0,0,.08);&#8220; global_colors_info=&#8220;{}&#8220; button_border_color__hover=&#8220;&#8220; button_border_color__hover_enabled=&#8220;on|hover&#8220; button_border_width__hover=&#8220;&#8220; button_border_width__hover_enabled=&#8220;on|hover&#8220; custom_padding__hover_enabled=&#8220;off|hover&#8220;][\/et_pb_button][et_pb_button button_url=&#8220;@ET-DC@eyJkeW5hbWljIjp0cnVlLCJjb250ZW50IjoicG9zdF9saW5rX3VybF9wYWdlIiwic2V0dGluZ3MiOnsicG9zdF9pZCI6IjYxIn19@&#8220; button_text=&#8220;Kontaktieren Sie uns&#8220; _builder_version=&#8220;4.16&#8243; _dynamic_attributes=&#8220;button_url&#8220; button_bg_color=&#8220;rgba(0,0,0,0)&#8220; button_border_color=&#8220;#ffffff&#8220; global_colors_info=&#8220;{}&#8220; button_bg_color__hover=&#8220;#041e42&#8243; button_border_color__hover=&#8220;#ffffff&#8220; button_border_color__hover_enabled=&#8220;on|hover&#8220; button_border_width__hover=&#8220;&#8220; button_border_width__hover_enabled=&#8220;on|hover&#8220; custom_padding__hover_enabled=&#8220;off|hover&#8220;][\/et_pb_button][\/et_pb_column][et_pb_column type=&#8220;1_5&#8243; _builder_version=&#8220;4.16&#8243; global_colors_info=&#8220;{}&#8220;][\/et_pb_column][\/et_pb_row][\/et_pb_section][et_pb_section fb_built=&#8220;1&#8243; admin_label=&#8220;section&#8220; _builder_version=&#8220;4.16&#8243; background_color=&#8220;#FFFFFF&#8220; custom_margin_tablet=&#8220;&#8220; custom_margin_phone=&#8220;&#8220; custom_margin_last_edited=&#8220;on|phone&#8220; custom_padding=&#8220;100px||100px||false|false&#8220; saved_tabs=&#8220;all&#8220; collapsed=&#8220;off&#8220; global_colors_info=&#8220;{}&#8220;][et_pb_row _builder_version=&#8220;4.16&#8243; _module_preset=&#8220;default&#8220; collapsed=&#8220;off&#8220; global_colors_info=&#8220;{}&#8220;][et_pb_column type=&#8220;4_4&#8243; _builder_version=&#8220;4.16&#8243; _module_preset=&#8220;default&#8220; global_colors_info=&#8220;{}&#8220;][et_pb_text _builder_version=&#8220;4.16&#8243; _module_preset=&#8220;default&#8220; header_2_font=&#8220;|600|||||||&#8220; header_2_text_color=&#8220;#94969E&#8220; header_2_font_size=&#8220;28px&#8220; header_3_text_color=&#8220;#94969e&#8220; global_colors_info=&#8220;{}&#8220;]<\/p>\n<h2 style=\"text-align: center;\">200 Millonen Nutzer weltweit vertrauen ownCloud<\/h2>\n<p>[\/et_pb_text][\/et_pb_column][\/et_pb_row][et_pb_row make_equal=&#8220;on&#8220; _builder_version=&#8220;4.16&#8243; custom_padding=&#8220;0px||||false|false&#8220; locked=&#8220;off&#8220; collapsed=&#8220;on&#8220; global_colors_info=&#8220;{}&#8220;][et_pb_column type=&#8220;4_4&#8243; module_class=&#8220;customer-logos&#8220; _builder_version=&#8220;4.16&#8243; global_colors_info=&#8220;{}&#8220;][et_pb_image src=&#8220;https:\/\/owncloud.com\/wp-content\/uploads\/2020\/09\/logo-cern.svg&#8220; alt=&#8220;ownCloud-Kunde CERN&#8220; title_text=&#8220;logo-cern&#8220; _builder_version=&#8220;4.16&#8243; global_colors_info=&#8220;{}&#8220;][\/et_pb_image][et_pb_image src=&#8220;https:\/\/owncloud.com\/wp-content\/uploads\/2020\/06\/ethz_logo_black-1.svg&#8220; alt=&#8220;ownCloud-Kunde ETH Z\u00fcrich&#8220; title_text=&#8220;ownCloud-Kunde ETH Z\u00fcrich&#8220; align=&#8220;center&#8220; _builder_version=&#8220;4.16&#8243; global_colors_info=&#8220;{}&#8220;][\/et_pb_image][et_pb_image src=&#8220;https:\/\/owncloud.com\/wp-content\/uploads\/2020\/08\/EuropeanInverstmentBank.svg&#8220; alt=&#8220;ownCloud-Kunde Daimler&#8220; title_text=&#8220;ownCloud-Kunde Europ\u00e4ische Investment-Bank&#8220; align=&#8220;center&#8220; _builder_version=&#8220;4.16&#8243; global_colors_info=&#8220;{}&#8220;][\/et_pb_image][et_pb_image src=&#8220;https:\/\/owncloud.com\/wp-content\/uploads\/2020\/06\/european_commision.svg&#8220; alt=&#8220;ownCloud-Kunde Europ\u00e4ische Kommission&#8220; title_text=&#8220;ownCloud-Kunde Europ\u00e4ische Kommission&#8220; align=&#8220;center&#8220; _builder_version=&#8220;4.16&#8243; global_colors_info=&#8220;{}&#8220;][\/et_pb_image][et_pb_image src=&#8220;https:\/\/owncloud.com\/wp-content\/uploads\/2020\/08\/ZF.svg&#8220; alt=&#8220;ownCloud-Kunde DB Mobility Networks Logistics&#8220; title_text=&#8220;ownCloud-Kunde ZF Friedrichshafen&#8220; _builder_version=&#8220;4.16&#8243; global_colors_info=&#8220;{}&#8220;][\/et_pb_image][et_pb_image src=&#8220;https:\/\/owncloud.com\/wp-content\/uploads\/2020\/08\/SwissLife.svg&#8220; alt=&#8220;ownCloud-Kunde Fujitsu&#8220; title_text=&#8220;SwissLife&#8220; align=&#8220;center&#8220; _builder_version=&#8220;4.16&#8243; global_colors_info=&#8220;{}&#8220;][\/et_pb_image][\/et_pb_column][\/et_pb_row][\/et_pb_section]<\/p>\n","protected":false},"excerpt":{"rendered":"<p>Pagani entscheidet sich f\u00fcr ownCloud, um die Entwicklung zu beschleunigen und M\u00f6chtegern-Angreifer abzuwehren. Erhalten Sie die vollst\u00e4ndige Erfolgsgeschichte direkt in Ihren Posteingang.<\/p>\n","protected":false},"author":15,"featured_media":78665,"parent":169,"menu_order":0,"comment_status":"closed","ping_status":"closed","template":"","meta":{"_acf_changed":false,"_et_pb_use_builder":"on","_et_pb_old_content":"","_et_gb_content_width":"","inline_featured_image":false,"footnotes":""},"categories":[40],"class_list":["post-68160","page","type-page","status-publish","has-post-thumbnail","hentry","category-landing-page"],"acf":[],"_links":{"self":[{"href":"https:\/\/owncloud.com\/de\/wp-json\/wp\/v2\/pages\/68160","targetHints":{"allow":["GET"]}}],"collection":[{"href":"https:\/\/owncloud.com\/de\/wp-json\/wp\/v2\/pages"}],"about":[{"href":"https:\/\/owncloud.com\/de\/wp-json\/wp\/v2\/types\/page"}],"author":[{"embeddable":true,"href":"https:\/\/owncloud.com\/de\/wp-json\/wp\/v2\/users\/15"}],"replies":[{"embeddable":true,"href":"https:\/\/owncloud.com\/de\/wp-json\/wp\/v2\/comments?post=68160"}],"version-history":[{"count":3,"href":"https:\/\/owncloud.com\/de\/wp-json\/wp\/v2\/pages\/68160\/revisions"}],"predecessor-version":[{"id":78324,"href":"https:\/\/owncloud.com\/de\/wp-json\/wp\/v2\/pages\/68160\/revisions\/78324"}],"up":[{"embeddable":true,"href":"https:\/\/owncloud.com\/de\/wp-json\/wp\/v2\/pages\/169"}],"wp:featuredmedia":[{"embeddable":true,"href":"https:\/\/owncloud.com\/de\/wp-json\/wp\/v2\/media\/78665"}],"wp:attachment":[{"href":"https:\/\/owncloud.com\/de\/wp-json\/wp\/v2\/media?parent=68160"}],"wp:term":[{"taxonomy":"category","embeddable":true,"href":"https:\/\/owncloud.com\/de\/wp-json\/wp\/v2\/categories?post=68160"}],"curies":[{"name":"wp","href":"https:\/\/api.w.org\/{rel}","templated":true}]}}