{"id":68244,"date":"2022-06-15T09:55:41","date_gmt":"2022-06-15T09:55:41","guid":{"rendered":"https:\/\/owncloud.com\/owncloud-nachhaltigkeit\/"},"modified":"2022-06-15T09:55:43","modified_gmt":"2022-06-15T09:55:43","slug":"owncloud-nachhaltigkeit","status":"publish","type":"page","link":"https:\/\/owncloud.com\/de\/owncloud-nachhaltigkeit\/","title":{"rendered":"ownCloud Nachhaltigkeit"},"content":{"rendered":"<p>[et_pb_section fb_built=&#8220;1&#8243; next_background_color=&#8220;#ffffff&#8220; _builder_version=&#8220;4.16&#8243; background_color=&#8220;#041e42&#8243; background_image=&#8220;https:\/\/owncloud.com\/wp-content\/uploads\/2020\/06\/Test12-1.svg&#8220; custom_padding=&#8220;||100px||false|false&#8220; bottom_divider_style=&#8220;slant&#8220; bottom_divider_flip=&#8220;horizontal&#8220; global_colors_info=&#8220;{}&#8220;][et_pb_row use_custom_gutter=&#8220;on&#8220; make_equal=&#8220;on&#8220; _builder_version=&#8220;4.16&#8243; custom_padding=&#8220;||||false|false&#8220; global_colors_info=&#8220;{}&#8220;][et_pb_column type=&#8220;4_4&#8243; _builder_version=&#8220;4.16&#8243; global_colors_info=&#8220;{}&#8220;][et_pb_text _builder_version=&#8220;4.17.4&#8243; header_text_color=&#8220;#ffffff&#8220; header_font_size=&#8220;60px&#8220; text_orientation=&#8220;center&#8220; custom_margin=&#8220;||10px||false|false&#8220; global_colors_info=&#8220;{}&#8220;]<\/p>\n<h1 style=\"text-align: center;\">Nachhaltigkeit<\/h1>\n<p>[\/et_pb_text][et_pb_text _builder_version=&#8220;4.17.4&#8243; header_text_color=&#8220;#4e85c8&#8243; header_3_text_color=&#8220;#4e85c8&#8243; header_4_text_color=&#8220;#4e85c8&#8243; text_orientation=&#8220;center&#8220; custom_margin=&#8220;||10px||false|false&#8220; global_colors_info=&#8220;{}&#8220;]<\/p>\n<h4>Engagiert f\u00fcr eine nachhaltige Zukunft<\/h4>\n<p>[\/et_pb_text][\/et_pb_column][\/et_pb_row][\/et_pb_section][et_pb_section fb_built=&#8220;1&#8243; _builder_version=&#8220;4.17.4&#8243; min_height=&#8220;295px&#8220; custom_margin=&#8220;||||false|false&#8220; custom_padding=&#8220;64px||64px||false|false&#8220; global_colors_info=&#8220;{}&#8220;][et_pb_row column_structure=&#8220;1_5,3_5,1_5&#8243; _builder_version=&#8220;4.17.4&#8243; min_height=&#8220;160px&#8220; custom_padding=&#8220;64px||64px||false|false&#8220; global_colors_info=&#8220;{}&#8220;][et_pb_column type=&#8220;1_5&#8243; _builder_version=&#8220;4.16&#8243; global_colors_info=&#8220;{}&#8220;][\/et_pb_column][et_pb_column type=&#8220;3_5&#8243; _builder_version=&#8220;4.16&#8243; global_colors_info=&#8220;{}&#8220;][et_pb_text _builder_version=&#8220;4.17.4&#8243; text_text_color=&#8220;#041e42&#8243; global_colors_info=&#8220;{}&#8220;]<\/p>\n<p style=\"text-align: center;\"><strong>Wir setzen uns f\u00fcr eine sichere und nachhaltige Zukunft ein. Die Folgen des Klimawandels betreffen bereits viele Millionen Menschen auf der ganzen Welt. Lassen Sie uns gemeinsam daran arbeiten, unseren Kindern einen gesunden Planeten zu hinterlassen. Wenn Sie Herausforderungen m\u00f6gen: Lassen Sie uns die globale Erderw\u00e4rmung stoppen!<\/strong><\/p>\n<p>[\/et_pb_text][\/et_pb_column][et_pb_column type=&#8220;1_5&#8243; _builder_version=&#8220;4.16&#8243; global_colors_info=&#8220;{}&#8220;][\/et_pb_column][\/et_pb_row][\/et_pb_section][et_pb_section fb_built=&#8220;1&#8243; _builder_version=&#8220;4.17.4&#8243; background_color=&#8220;#041e42&#8243; custom_padding=&#8220;64px||||false|false&#8220; global_colors_info=&#8220;{}&#8220;][et_pb_row column_structure=&#8220;2_3,1_3&#8243; _builder_version=&#8220;4.17.4&#8243; module_alignment=&#8220;center&#8220; global_colors_info=&#8220;{}&#8220;][et_pb_column type=&#8220;2_3&#8243; _builder_version=&#8220;4.16&#8243; global_colors_info=&#8220;{}&#8220;][et_pb_text _builder_version=&#8220;4.17.4&#8243; text_text_color=&#8220;#ffffff&#8220; header_text_color=&#8220;#ffffff&#8220; header_2_text_color=&#8220;#ffffff&#8220; header_3_text_color=&#8220;#ffffff&#8220; custom_padding=&#8220;32px||||false|false&#8220; global_colors_info=&#8220;{}&#8220;]<\/p>\n<h2>Team ownCloud ist klimaneutral<\/h2>\n<p>Seit Februar 2022 engagiert sich ownCloud in einer Partnerschaft mit dem Non-Profit-Unternehmen Planted noch st\u00e4rker f\u00fcr Nachhaltigkeit und Umweltschutz. Gemeinsam mit den Experten von Planted kompensieren wir die durchschnittlichen privaten und beruflichen Emissionen unserer Mitarbeitenden und machen so das gesamte ownCloud-Team klimaneutral. ownCloud und Planted leisten einen wichtigen Beitrag zur Wiederaufforstung von klimastabilen Mischw\u00e4ldern in Deutschland und unterst\u00fctzen dar\u00fcber hinaus wichtige und zertifizierte Klimaschutzprojekte auf der ganzen Welt.<\/p>\n<p>[\/et_pb_text][et_pb_button button_url=&#8220;https:\/\/app.planted.green\/owncloud&#8220; url_new_window=&#8220;on&#8220; button_text=&#8220;Mehr Infos&#8220; _builder_version=&#8220;4.17.4&#8243; _module_preset=&#8220;default&#8220; global_colors_info=&#8220;{}&#8220;][\/et_pb_button][\/et_pb_column][et_pb_column type=&#8220;1_3&#8243; _builder_version=&#8220;4.16&#8243; global_colors_info=&#8220;{}&#8220;][et_pb_image src=&#8220;https:\/\/owncloud.com\/wp-content\/uploads\/2022\/06\/planted-badge-300&#215;300.png&#8220; alt=&#8220;Planted und ownCloud Climate Action Team&#8220; _builder_version=&#8220;4.17.4&#8243; _module_preset=&#8220;default&#8220; width=&#8220;75%&#8220; global_colors_info=&#8220;{}&#8220;][\/et_pb_image][\/et_pb_column][\/et_pb_row][\/et_pb_section][et_pb_section fb_built=&#8220;1&#8243; _builder_version=&#8220;4.16&#8243; background_color=&#8220;rgba(78,133,200,0.05)&#8220; border_width_top=&#8220;1px&#8220; border_color_top=&#8220;#ecebee&#8220; box_shadow_style=&#8220;preset6&#8243; box_shadow_color=&#8220;rgba(78,133,200,0.16)&#8220; global_colors_info=&#8220;{}&#8220; box_shadow_color__hover_enabled=&#8220;on|desktop&#8220; box_shadow_color__hover=&#8220;rgba(78,133,200,0.16)&#8220;][et_pb_row column_structure=&#8220;1_2,1_2&#8243; _builder_version=&#8220;4.16&#8243; global_colors_info=&#8220;{}&#8220;][et_pb_column type=&#8220;1_2&#8243; _builder_version=&#8220;4.16&#8243; global_colors_info=&#8220;{}&#8220;][et_pb_text _builder_version=&#8220;4.16&#8243; global_colors_info=&#8220;{}&#8220;]<\/p>\n<h2>Karriere<\/h2>\n<p>Engagieren Sie sich mit uns f\u00fcr digitale Souver\u00e4nit\u00e4t und werden Sie Teil eines der 25 gr\u00f6\u00dften Open-Source-Projekte weltweit.<\/p>\n<p>[\/et_pb_text][et_pb_button button_url=&#8220;https:\/\/owncloud.com\/career\/&#8220; button_text=&#8220;Offene Stellen&#8220; _builder_version=&#8220;4.16&#8243; button_text_color=&#8220;#041e42&#8243; button_bg_color=&#8220;rgba(0,0,0,0)&#8220; button_border_color=&#8220;#041e42&#8243; global_colors_info=&#8220;{}&#8220; custom_padding__hover_enabled=&#8220;off|hover&#8220; button_border_color__hover=&#8220;#041e42&#8243; button_bg_color__hover=&#8220;#041e42&#8243;][\/et_pb_button][\/et_pb_column][et_pb_column type=&#8220;1_2&#8243; _builder_version=&#8220;4.16&#8243; global_colors_info=&#8220;{}&#8220;][et_pb_text _builder_version=&#8220;4.16&#8243; global_colors_info=&#8220;{}&#8220;]<\/p>\n<h2>Presse<\/h2>\n<p>Wir beantworten gerne Anfragen von Medien und Presse. Dar\u00fcber hinaus stellen wir kuratierte Pressemitteilungen und Medieninhalte zur Verf\u00fcgung.<\/p>\n<p>[\/et_pb_text][et_pb_button button_url=&#8220;https:\/\/owncloud.com\/de\/presse\/&#8220; button_text=&#8220;Zum Newsroom&#8220; _builder_version=&#8220;4.16&#8243; button_text_color=&#8220;#041e42&#8243; button_bg_color=&#8220;rgba(0,0,0,0)&#8220; button_border_color=&#8220;#041e42&#8243; global_colors_info=&#8220;{}&#8220; custom_padding__hover_enabled=&#8220;off|hover&#8220; button_border_color__hover=&#8220;#041e42&#8243; button_bg_color__hover=&#8220;#041e42&#8243;][\/et_pb_button][\/et_pb_column][\/et_pb_row][\/et_pb_section]<\/p>\n","protected":false},"excerpt":{"rendered":"<p>Seit Februar 2022 engagiert sich ownCloud in einer Partnerschaft mit dem gemeinn\u00fctzigen Unternehmen Planted noch st\u00e4rker f\u00fcr Nachhaltigkeit und Umweltschutz.<\/p>\n","protected":false},"author":35,"featured_media":78665,"parent":0,"menu_order":0,"comment_status":"closed","ping_status":"closed","template":"","meta":{"_acf_changed":false,"_et_pb_use_builder":"on","_et_pb_old_content":"","_et_gb_content_width":"","inline_featured_image":false,"footnotes":""},"categories":[],"class_list":["post-68244","page","type-page","status-publish","has-post-thumbnail","hentry"],"acf":[],"_links":{"self":[{"href":"https:\/\/owncloud.com\/de\/wp-json\/wp\/v2\/pages\/68244","targetHints":{"allow":["GET"]}}],"collection":[{"href":"https:\/\/owncloud.com\/de\/wp-json\/wp\/v2\/pages"}],"about":[{"href":"https:\/\/owncloud.com\/de\/wp-json\/wp\/v2\/types\/page"}],"author":[{"embeddable":true,"href":"https:\/\/owncloud.com\/de\/wp-json\/wp\/v2\/users\/35"}],"replies":[{"embeddable":true,"href":"https:\/\/owncloud.com\/de\/wp-json\/wp\/v2\/comments?post=68244"}],"version-history":[{"count":2,"href":"https:\/\/owncloud.com\/de\/wp-json\/wp\/v2\/pages\/68244\/revisions"}],"predecessor-version":[{"id":68246,"href":"https:\/\/owncloud.com\/de\/wp-json\/wp\/v2\/pages\/68244\/revisions\/68246"}],"wp:featuredmedia":[{"embeddable":true,"href":"https:\/\/owncloud.com\/de\/wp-json\/wp\/v2\/media\/78665"}],"wp:attachment":[{"href":"https:\/\/owncloud.com\/de\/wp-json\/wp\/v2\/media?parent=68244"}],"wp:term":[{"taxonomy":"category","embeddable":true,"href":"https:\/\/owncloud.com\/de\/wp-json\/wp\/v2\/categories?post=68244"}],"curies":[{"name":"wp","href":"https:\/\/api.w.org\/{rel}","templated":true}]}}