{"id":68328,"date":"2022-06-15T14:37:40","date_gmt":"2022-06-15T14:37:40","guid":{"rendered":"https:\/\/owncloud.com\/eigenschaften\/storage-api\/"},"modified":"2022-06-15T14:37:42","modified_gmt":"2022-06-15T14:37:42","slug":"storage-api","status":"publish","type":"page","link":"https:\/\/owncloud.com\/de\/eigenschaften\/storage-api\/","title":{"rendered":"Storage-API"},"content":{"rendered":"<p>[et_pb_section fb_built=&#8220;1&#8243; _builder_version=&#8220;4.5.1&#8243; _module_preset=&#8220;65948b15-daf5-49fa-8725-1a0859efc2c5&#8243;][et_pb_row _builder_version=&#8220;4.4.6&#8243; custom_margin=&#8220;||0px||false|false&#8220; custom_padding=&#8220;||0px||false|false&#8220;][et_pb_column type=&#8220;4_4&#8243; _builder_version=&#8220;4.4.5&#8243;][et_pb_image src=&#8220;https:\/\/owncloud.com\/wp-content\/uploads\/2020\/07\/feature-icon-external-storage-2.svg&#8220; alt=&#8220;ownCloud Storage-API&#8220; title_text=&#8220;feature-icon-external-storage&#8220; align=&#8220;center&#8220; _builder_version=&#8220;4.5.6&#8243; min_height=&#8220;140px&#8220; min_height_tablet=&#8220;110px&#8220; min_height_phone=&#8220;110px&#8220; min_height_last_edited=&#8220;on|desktop&#8220; hover_enabled=&#8220;0&#8243; max_width=&#8220;100px&#8220;][\/et_pb_image][et_pb_text _builder_version=&#8220;4.5.1&#8243; _module_preset=&#8220;b2e791bc-9b0e-4834-a227-7827e627bc4a&#8220;]<\/p>\n<h5>Feature<\/h5>\n<h1>Storage API<\/h1>\n<p>Erstellen Sie skalierbare benutzerdefinierte Integrationen f\u00fcr externe Speicher-Backends. Auch f\u00fcr Tapes.<\/p>\n<p>[\/et_pb_text][\/et_pb_column][\/et_pb_row][et_pb_row column_structure=&#8220;1_4,1_4,1_4,1_4&#8243; use_custom_gutter=&#8220;on&#8220; gutter_width=&#8220;2&#8243; _builder_version=&#8220;4.5.6&#8243; z_index=&#8220;10&#8243; custom_margin=&#8220;80px|auto|-250px|auto|false|false&#8220; custom_margin_tablet=&#8220;30px||||false|false&#8220; custom_margin_phone=&#8220;&#8220; custom_margin_last_edited=&#8220;on|desktop&#8220; custom_padding=&#8220;0px||||false|false&#8220; scroll_vertical_motion=&#8220;0|30|30|100|0.25|0|-0.25&#8243; border_style_all=&#8220;none&#8220; locked=&#8220;off&#8220;][et_pb_column type=&#8220;1_4&#8243; _builder_version=&#8220;4.5.6&#8243; _dynamic_attributes=&#8220;link_option_url&#8220; background_color=&#8220;#ffffff&#8220; transform_scale_tablet=&#8220;&#8220; transform_scale_phone=&#8220;&#8220; transform_scale_last_edited=&#8220;on|desktop&#8220; transform_translate_tablet=&#8220;&#8220; transform_translate_phone=&#8220;&#8220; transform_translate_last_edited=&#8220;on|tablet&#8220; transform_rotate_tablet=&#8220;&#8220; transform_rotate_phone=&#8220;&#8220; transform_rotate_last_edited=&#8220;on|tablet&#8220; transform_skew_tablet=&#8220;&#8220; transform_skew_phone=&#8220;&#8220; transform_skew_last_edited=&#8220;on|tablet&#8220; transform_origin_tablet=&#8220;&#8220; transform_origin_phone=&#8220;&#8220; transform_origin_last_edited=&#8220;on|tablet&#8220; transform_styles_last_edited=&#8220;on|desktop&#8220; custom_padding=&#8220;20px|20px|25px|20px|false|true&#8220; animation_style=&#8220;slide&#8220; animation_direction=&#8220;bottom&#8220; animation_delay=&#8220;200ms&#8220; link_option_url=&#8220;@ET-DC@eyJkeW5hbWljIjp0cnVlLCJjb250ZW50IjoicG9zdF9saW5rX3VybF9wYWdlIiwic2V0dGluZ3MiOnsicG9zdF9pZCI6IjE4In19@&#8220; transform_styles_tablet=&#8220;&#8220; transform_styles_phone=&#8220;&#8220; custom_css_main_element=&#8220;height: min-content;||display: flex;||align-items: center;||flex-direction: column;||min-height: 225px;||justify-content: space-between;&#8220; border_radii=&#8220;on|7px|7px|7px|7px&#8220; border_width_all=&#8220;1px&#8220; border_style_all=&#8220;none&#8220; box_shadow_style=&#8220;preset1&#8243; box_shadow_color=&#8220;rgba(4,30,66,0.1)&#8220; transform_styles__hover_enabled=&#8220;on|hover&#8220; transform_scale__hover_enabled=&#8220;on|hover&#8220; transform_translate__hover_enabled=&#8220;on|desktop&#8220; transform_rotate__hover_enabled=&#8220;on|desktop&#8220; transform_skew__hover_enabled=&#8220;on|desktop&#8220; transform_origin__hover_enabled=&#8220;on|desktop&#8220; transform_scale__hover=&#8220;105%|105%&#8220;][et_pb_blurb title=&#8220;Community Edition&#8220; use_icon=&#8220;on&#8220; font_icon=&#8220;%%45%%&#8220; use_icon_font_size=&#8220;on&#8220; icon_font_size=&#8220;40px&#8220; _builder_version=&#8220;4.4.6&#8243; header_level=&#8220;h5&#8243; header_font=&#8220;|700|||||||&#8220; header_font_size=&#8220;22px&#8220; text_orientation=&#8220;center&#8220; min_height_tablet=&#8220;&#8220; min_height_phone=&#8220;&#8220; min_height_last_edited=&#8220;on|desktop&#8220; custom_margin=&#8220;||15px||false|false&#8220; custom_padding=&#8220;||||false|false&#8220; custom_css_blurb_image=&#8220;margin-bottom: 0;||padding: 10px;\t&#8220; custom_css_blurb_title=&#8220;word-break: normal;||word-wrap: normal;||&#8220; border_style_all=&#8220;none&#8220;][\/et_pb_blurb][et_pb_button button_url=&#8220;@ET-DC@eyJkeW5hbWljIjp0cnVlLCJjb250ZW50IjoicG9zdF9saW5rX3VybF9wYWdlIiwic2V0dGluZ3MiOnsicG9zdF9pZCI6IjE4In19@&#8220; button_text=&#8220;Ihr Einstieg&#8220; _builder_version=&#8220;4.5.6&#8243; _dynamic_attributes=&#8220;button_url&#8220; button_bg_color=&#8220;#4e85c8&#8243; button_border_width=&#8220;0px&#8220; button_border_color=&#8220;rgba(0,0,0,0)&#8220; button_font=&#8220;|600|||||||&#8220; button_use_icon=&#8220;off&#8220; button_bg_color_last_edited=&#8220;off|desktop&#8220; custom_css_main_element=&#8220;box-shadow: 0 4px 6px rgba(50,50,93,.11), 0 1px 3px rgba(0,0,0,.08);&#8220; custom_padding__hover_enabled=&#8220;off|hover&#8220; button_bg_color__hover_enabled=&#8220;on|hover&#8220; button_border_color__hover=&#8220;rgba(0,0,0,0)&#8220; button_text_color__hover_enabled=&#8220;on|hover&#8220; button_border_width__hover_enabled=&#8220;on|hover&#8220; button_text_color__hover=&#8220;#ffffff&#8220; button_bg_color__hover=&#8220;rgba(78,133,200,0.8)&#8220; button_border_width__hover=&#8220;0px&#8220; button_border_color__hover_enabled=&#8220;on|hover&#8220;][\/et_pb_button][\/et_pb_column][et_pb_column type=&#8220;1_4&#8243; _builder_version=&#8220;4.5.6&#8243; _dynamic_attributes=&#8220;link_option_url&#8220; background_color=&#8220;#ffffff&#8220; transform_scale_tablet=&#8220;&#8220; transform_scale_phone=&#8220;&#8220; transform_scale_last_edited=&#8220;on|desktop&#8220; transform_translate_tablet=&#8220;&#8220; transform_translate_phone=&#8220;&#8220; transform_translate_last_edited=&#8220;on|tablet&#8220; transform_rotate_tablet=&#8220;&#8220; transform_rotate_phone=&#8220;&#8220; transform_rotate_last_edited=&#8220;on|tablet&#8220; transform_skew_tablet=&#8220;&#8220; transform_skew_phone=&#8220;&#8220; transform_skew_last_edited=&#8220;on|tablet&#8220; transform_origin_tablet=&#8220;&#8220; transform_origin_phone=&#8220;&#8220; transform_origin_last_edited=&#8220;on|tablet&#8220; transform_styles_last_edited=&#8220;on|desktop&#8220; custom_padding=&#8220;20px|20px|25px|20px|false|true&#8220; animation_style=&#8220;slide&#8220; animation_direction=&#8220;bottom&#8220; animation_delay=&#8220;200ms&#8220; link_option_url=&#8220;@ET-DC@eyJkeW5hbWljIjp0cnVlLCJjb250ZW50IjoicG9zdF9saW5rX3VybF9wYWdlIiwic2V0dGluZ3MiOnsicG9zdF9pZCI6IjMyNDYifX0=@&#8220; transform_styles_tablet=&#8220;&#8220; transform_styles_phone=&#8220;&#8220; custom_css_main_element=&#8220;height: min-content;||display: flex;||align-items: center;||flex-direction: column;||min-height: 225px;||justify-content: space-between;&#8220; border_radii=&#8220;on|7px|7px|7px|7px&#8220; border_width_all=&#8220;1px&#8220; border_style_all=&#8220;none&#8220; box_shadow_style=&#8220;preset1&#8243; box_shadow_color=&#8220;rgba(4,30,66,0.1)&#8220; transform_styles__hover_enabled=&#8220;on|hover&#8220; transform_scale__hover_enabled=&#8220;on|hover&#8220; transform_translate__hover_enabled=&#8220;on|desktop&#8220; transform_rotate__hover_enabled=&#8220;on|desktop&#8220; transform_skew__hover_enabled=&#8220;on|desktop&#8220; transform_origin__hover_enabled=&#8220;on|desktop&#8220; transform_scale__hover=&#8220;105%|105%&#8220;][et_pb_blurb title=&#8220;Standard Edition&#8220; use_icon=&#8220;on&#8220; font_icon=&#8220;%%45%%&#8220; use_icon_font_size=&#8220;on&#8220; icon_font_size=&#8220;40px&#8220; _builder_version=&#8220;4.4.6&#8243; header_level=&#8220;h5&#8243; header_font=&#8220;|700|||||||&#8220; header_font_size=&#8220;22px&#8220; text_orientation=&#8220;center&#8220; min_height_tablet=&#8220;&#8220; min_height_phone=&#8220;&#8220; min_height_last_edited=&#8220;on|desktop&#8220; custom_margin=&#8220;||15px||false|false&#8220; custom_padding=&#8220;||||false|false&#8220; custom_css_blurb_image=&#8220;margin-bottom: 0;||padding: 10px;\t&#8220; custom_css_blurb_title=&#8220;word-break: normal;||word-wrap: normal;||&#8220; border_style_all=&#8220;none&#8220;][\/et_pb_blurb][et_pb_button button_url=&#8220;@ET-DC@eyJkeW5hbWljIjp0cnVlLCJjb250ZW50IjoicG9zdF9saW5rX3VybF9wYWdlIiwic2V0dGluZ3MiOnsicG9zdF9pZCI6IjMyNDYifX0=@&#8220; button_text=&#8220;Angebot einholen&#8220; _builder_version=&#8220;4.4.8&#8243; _dynamic_attributes=&#8220;button_url&#8220; button_bg_color=&#8220;#4e85c8&#8243; button_border_width=&#8220;0px&#8220; button_border_color=&#8220;rgba(0,0,0,0)&#8220; button_font=&#8220;|600|||||||&#8220; button_use_icon=&#8220;off&#8220; button_bg_color_last_edited=&#8220;off|desktop&#8220; custom_css_main_element=&#8220;box-shadow: 0 4px 6px rgba(50,50,93,.11), 0 1px 3px rgba(0,0,0,.08);&#8220; custom_padding__hover_enabled=&#8220;off|hover&#8220; button_bg_color__hover_enabled=&#8220;on|hover&#8220; button_border_color__hover=&#8220;rgba(0,0,0,0)&#8220; button_text_color__hover_enabled=&#8220;on|hover&#8220; button_border_width__hover_enabled=&#8220;on|hover&#8220; button_text_color__hover=&#8220;#ffffff&#8220; button_bg_color__hover=&#8220;rgba(78,133,200,0.8)&#8220; button_border_width__hover=&#8220;0px&#8220; button_border_color__hover_enabled=&#8220;on|hover&#8220;][\/et_pb_button][\/et_pb_column][et_pb_column type=&#8220;1_4&#8243; _builder_version=&#8220;4.5.6&#8243; _dynamic_attributes=&#8220;link_option_url&#8220; background_color=&#8220;#ffffff&#8220; transform_scale_tablet=&#8220;&#8220; transform_scale_phone=&#8220;&#8220; transform_scale_last_edited=&#8220;on|desktop&#8220; transform_translate_tablet=&#8220;&#8220; transform_translate_phone=&#8220;&#8220; transform_translate_last_edited=&#8220;on|tablet&#8220; transform_rotate_tablet=&#8220;&#8220; transform_rotate_phone=&#8220;&#8220; transform_rotate_last_edited=&#8220;on|tablet&#8220; transform_skew_tablet=&#8220;&#8220; transform_skew_phone=&#8220;&#8220; transform_skew_last_edited=&#8220;on|tablet&#8220; transform_origin_tablet=&#8220;&#8220; transform_origin_phone=&#8220;&#8220; transform_origin_last_edited=&#8220;on|tablet&#8220; transform_styles_last_edited=&#8220;on|desktop&#8220; custom_padding=&#8220;20px|20px|25px|20px|false|true&#8220; animation_style=&#8220;slide&#8220; animation_direction=&#8220;bottom&#8220; animation_delay=&#8220;200ms&#8220; link_option_url=&#8220;@ET-DC@eyJkeW5hbWljIjp0cnVlLCJjb250ZW50IjoicG9zdF9saW5rX3VybF9wYWdlIiwic2V0dGluZ3MiOnsicG9zdF9pZCI6IjMyNDYifX0=@&#8220; transform_styles_tablet=&#8220;&#8220; transform_styles_phone=&#8220;&#8220; custom_css_main_element=&#8220;height: min-content;||display: flex;||align-items: center;||flex-direction: column;||min-height: 225px;||justify-content: space-between;&#8220; border_radii=&#8220;on|7px|7px|7px|7px&#8220; border_width_all=&#8220;1px&#8220; border_style_all=&#8220;none&#8220; box_shadow_style=&#8220;preset1&#8243; box_shadow_color=&#8220;rgba(4,30,66,0.1)&#8220; transform_styles__hover_enabled=&#8220;on|hover&#8220; transform_scale__hover_enabled=&#8220;on|hover&#8220; transform_translate__hover_enabled=&#8220;on|desktop&#8220; transform_rotate__hover_enabled=&#8220;on|desktop&#8220; transform_skew__hover_enabled=&#8220;on|desktop&#8220; transform_origin__hover_enabled=&#8220;on|desktop&#8220; transform_scale__hover=&#8220;105%|105%&#8220;][et_pb_blurb title=&#8220;Enterprise Edition&#8220; use_icon=&#8220;on&#8220; font_icon=&#8220;%%45%%&#8220; use_icon_font_size=&#8220;on&#8220; icon_font_size=&#8220;40px&#8220; _builder_version=&#8220;4.4.5&#8243; header_level=&#8220;h5&#8243; header_font=&#8220;|700|||||||&#8220; header_font_size=&#8220;22px&#8220; text_orientation=&#8220;center&#8220; min_height_tablet=&#8220;&#8220; min_height_phone=&#8220;&#8220; min_height_last_edited=&#8220;on|desktop&#8220; custom_margin=&#8220;||15px||false|false&#8220; custom_padding=&#8220;||||false|false&#8220; custom_css_blurb_image=&#8220;margin-bottom: 0;||padding: 10px;\t&#8220; custom_css_blurb_title=&#8220;word-break: normal;||word-wrap: normal;||&#8220; border_style_all=&#8220;none&#8220;][\/et_pb_blurb][et_pb_button button_url=&#8220;@ET-DC@eyJkeW5hbWljIjp0cnVlLCJjb250ZW50IjoicG9zdF9saW5rX3VybF9wYWdlIiwic2V0dGluZ3MiOnsicG9zdF9pZCI6IjMyNDYifX0=@&#8220; button_text=&#8220;Angebot einholen&#8220; _builder_version=&#8220;4.4.8&#8243; _dynamic_attributes=&#8220;button_url&#8220; button_bg_color=&#8220;#4e85c8&#8243; button_border_width=&#8220;0px&#8220; button_border_color=&#8220;rgba(0,0,0,0)&#8220; button_font=&#8220;|600|||||||&#8220; button_use_icon=&#8220;off&#8220; button_bg_color_last_edited=&#8220;off|desktop&#8220; custom_css_main_element=&#8220;box-shadow: 0 4px 6px rgba(50,50,93,.11), 0 1px 3px rgba(0,0,0,.08);&#8220; custom_padding__hover_enabled=&#8220;off|hover&#8220; button_bg_color__hover_enabled=&#8220;on|hover&#8220; button_border_color__hover=&#8220;rgba(0,0,0,0)&#8220; button_text_color__hover_enabled=&#8220;on|hover&#8220; button_border_width__hover_enabled=&#8220;on|hover&#8220; button_text_color__hover=&#8220;#ffffff&#8220; button_bg_color__hover=&#8220;rgba(78,133,200,0.8)&#8220; button_border_width__hover=&#8220;0px&#8220; button_border_color__hover_enabled=&#8220;on|hover&#8220;][\/et_pb_button][\/et_pb_column][et_pb_column type=&#8220;1_4&#8243; _builder_version=&#8220;4.4.8&#8243; background_color=&#8220;#e6e8ec&#8220; transform_scale=&#8220;95%|95%&#8220; custom_padding=&#8220;20px|20px|20px|20px|true|true&#8220; animation_style=&#8220;slide&#8220; animation_direction=&#8220;bottom&#8220; animation_delay=&#8220;100ms&#8220; custom_css_main_element=&#8220;display: flex;||align-items: center;||justify-content: center;&#8220; border_radii=&#8220;on|5px|5px|5px|5px&#8220; border_width_all=&#8220;1px&#8220; border_style_all=&#8220;none&#8220; box_shadow_style=&#8220;preset1&#8243; box_shadow_color=&#8220;rgba(4,30,66,0.1)&#8220;][et_pb_blurb title=&#8220; ownCloud.online  (SaaS)&#8220; use_icon=&#8220;on&#8220; font_icon=&#8220;%%44%%&#8220; icon_color=&#8220;#55606c&#8220; use_icon_font_size=&#8220;on&#8220; icon_font_size=&#8220;42px&#8220; _builder_version=&#8220;4.4.8&#8243; header_level=&#8220;h5&#8243; header_text_color=&#8220;#55606c&#8220; header_font_size=&#8220;22px&#8220; text_orientation=&#8220;center&#8220; min_height=&#8220;125px&#8220; min_height_tablet=&#8220;&#8220; min_height_phone=&#8220;&#8220; min_height_last_edited=&#8220;on|desktop&#8220; custom_padding=&#8220;|10px||10px|false|true&#8220; custom_css_main_element=&#8220;display: flex;||align-items: center;&#8220; custom_css_blurb_image=&#8220;margin-bottom: 0;&#8220; custom_css_blurb_title=&#8220;word-break: normal;||word-wrap: normal;&#8220; border_style_all=&#8220;none&#8220;][\/et_pb_blurb][\/et_pb_column][\/et_pb_row][\/et_pb_section][et_pb_section fb_built=&#8220;1&#8243; custom_padding_last_edited=&#8220;on|tablet&#8220; _builder_version=&#8220;4.4.6&#8243; custom_padding=&#8220;100px||||false|false&#8220; custom_padding_tablet=&#8220;150px||||false|false&#8220; custom_padding_phone=&#8220;&#8220;][et_pb_row column_structure=&#8220;1_4,1_2,1_4&#8243; _builder_version=&#8220;4.4.5&#8243;][et_pb_column type=&#8220;1_4&#8243; _builder_version=&#8220;4.4.5&#8243;][\/et_pb_column][et_pb_column type=&#8220;1_2&#8243; _builder_version=&#8220;4.4.5&#8243;][et_pb_text _builder_version=&#8220;4.5.3&#8243; text_orientation=&#8220;center&#8220;]<\/p>\n<p style=\"text-align: left;\">Die ownCloud Custom Storage Backend API erm\u00f6glicht die Integration von praktisch jedem Storage. Dadurch wird der Zugang zu grenzwertig alten Speichermedien wieder praktisch. Und sie erm\u00f6glicht es Unternehmen, je nach Abrufh\u00e4ufigkeit, Kosten und anderen Anforderungen die kosteng\u00fcnstigste Art der Datenspeicherung zu w\u00e4hlen.<\/p>\n<p>[\/et_pb_text][et_pb_image src=&#8220;https:\/\/owncloud.com\/wp-content\/uploads\/2020\/08\/5f0c395a54de6.jpg&#8220; alt=&#8220;Darstellung der Storage-API&#8220; title_text=&#8220;5f0c395a54de6&#8243; _builder_version=&#8220;4.5.3&#8243; _module_preset=&#8220;default&#8220;][\/et_pb_image][\/et_pb_column][et_pb_column type=&#8220;1_4&#8243; _builder_version=&#8220;4.4.5&#8243;][\/et_pb_column][\/et_pb_row][\/et_pb_section][et_pb_section fb_built=&#8220;1&#8243; _builder_version=&#8220;4.5.1&#8243; background_color=&#8220;#041e42&#8243; background_image=&#8220;https:\/\/owncloud.com\/wp-content\/uploads\/2020\/06\/FormBackgroundDark.svg&#8220; parallax=&#8220;on&#8220; saved_tabs=&#8220;all&#8220;][et_pb_row column_structure=&#8220;1_5,3_5,1_5&#8243; _builder_version=&#8220;4.4.5&#8243;][et_pb_column type=&#8220;1_5&#8243; _builder_version=&#8220;4.4.5&#8243;][\/et_pb_column][et_pb_column type=&#8220;3_5&#8243; _builder_version=&#8220;4.4.5&#8243;][et_pb_text _builder_version=&#8220;4.5.3&#8243; header_2_font=&#8220;|700|||||||&#8220; header_2_text_align=&#8220;center&#8220; header_2_font_size=&#8220;54px&#8220; background_layout=&#8220;dark&#8220;]<\/p>\n<h2>M\u00f6chten Sie starten?<\/h2>\n<p>[\/et_pb_text][\/et_pb_column][et_pb_column type=&#8220;1_5&#8243; _builder_version=&#8220;4.4.5&#8243;][\/et_pb_column][\/et_pb_row][et_pb_row column_structure=&#8220;1_5,3_5,1_5&#8243; _builder_version=&#8220;4.4.5&#8243; custom_padding=&#8220;0px||||false|false&#8220;][et_pb_column type=&#8220;1_5&#8243; _builder_version=&#8220;4.4.5&#8243;][\/et_pb_column][et_pb_column type=&#8220;3_5&#8243; _builder_version=&#8220;4.4.5&#8243; custom_css_main_element=&#8220;display: flex;||justify-content: center;&#8220;][et_pb_button button_url=&#8220;https:\/\/owncloud.com\/schedule-demo\/&#8220; button_text=&#8220;Vereinbaren Sie eine Demo&#8220; _builder_version=&#8220;4.4.9&#8243; button_bg_color=&#8220;#4e85c8&#8243; button_border_width=&#8220;1px&#8220; button_border_color=&#8220;rgba(0,0,0,0)&#8220; button_font=&#8220;|600|||||||&#8220; button_bg_color_last_edited=&#8220;off|desktop&#8220; custom_css_main_element=&#8220;box-shadow: 0 4px 6px rgba(50,50,93,.11), 0 1px 3px rgba(0,0,0,.08);&#8220; custom_padding__hover_enabled=&#8220;off|hover&#8220; button_bg_color__hover_enabled=&#8220;on|hover&#8220; button_border_color__hover=&#8220;rgba(78,133,200,0.8)&#8220; button_text_color__hover_enabled=&#8220;on|hover&#8220; button_border_width__hover_enabled=&#8220;on|hover&#8220; button_text_color__hover=&#8220;#ffffff&#8220; button_bg_color__hover=&#8220;rgba(78,133,200,0.8)&#8220; button_border_width__hover=&#8220;1px&#8220; button_border_color__hover_enabled=&#8220;on|hover&#8220;][\/et_pb_button][\/et_pb_column][et_pb_column type=&#8220;1_5&#8243; _builder_version=&#8220;4.4.5&#8243;][\/et_pb_column][\/et_pb_row][\/et_pb_section][et_pb_section fb_built=&#8220;1&#8243; _builder_version=&#8220;4.4.5&#8243;][et_pb_row _builder_version=&#8220;4.4.5&#8243; custom_padding=&#8220;||10px||false|false&#8220;][et_pb_column type=&#8220;4_4&#8243; _builder_version=&#8220;4.4.5&#8243;][et_pb_text _builder_version=&#8220;4.5.3&#8243; header_3_text_align=&#8220;center&#8220; header_3_text_color=&#8220;#041e42&#8243; header_3_font_size=&#8220;36px&#8220;]<\/p>\n<h3>Mehr \u00fcber die Storage-API erfahren<\/h3>\n<p>[\/et_pb_text][\/et_pb_column][\/et_pb_row][et_pb_row use_custom_gutter=&#8220;on&#8220; gutter_width=&#8220;2&#8243; make_equal=&#8220;on&#8220; _builder_version=&#8220;4.5.6&#8243; min_height=&#8220;240px&#8220; hover_enabled=&#8220;0&#8243;][et_pb_column type=&#8220;4_4&#8243; _builder_version=&#8220;4.5.6&#8243; background_color=&#8220;#ffffff&#8220; link_option_url=&#8220;https:\/\/doc.owncloud.com\/server\/developer_manual\/core\/apis\/ocs-capabilities.html&#8220; link_option_url_new_window=&#8220;on&#8220; hover_enabled=&#8220;0&#8243; custom_css_main_element=&#8220;align-items: center;||display: flex;||justify-content: center;||flex-direction: column;||min-height: 150px\t&#8220; border_radii=&#8220;on|5px|5px|5px|5px&#8220; border_width_all=&#8220;1px&#8220; border_color_all=&#8220;#ecebee&#8220; box_shadow_style=&#8220;preset1&#8243; box_shadow_color=&#8220;rgba(78,133,200,0.1)&#8220; background__hover_enabled=&#8220;on|desktop&#8220; background_color__hover=&#8220;rgba(0,0,0,0)&#8220; background_enable_color__hover=&#8220;on&#8220; custom_css_main_element__hover_enabled=&#8220;off|hover&#8220; custom_css_main_element__hover=&#8220;lor: white !important;||}&#8220; transform_styles__hover_enabled=&#8220;on|hover&#8220; transform_scale__hover_enabled=&#8220;on|hover&#8220; transform_translate__hover_enabled=&#8220;on|desktop&#8220; transform_rotate__hover_enabled=&#8220;on|desktop&#8220; transform_skew__hover_enabled=&#8220;on|desktop&#8220; transform_origin__hover_enabled=&#8220;on|desktop&#8220; transform_scale__hover=&#8220;110%|110%&#8220;][et_pb_blurb url=&#8220;https:\/\/doc.owncloud.com\/server\/developer_manual\/app\/advanced\/storage-backend.html&#8220; url_new_window=&#8220;on&#8220; use_icon=&#8220;on&#8220; font_icon=&#8220;%%72%%&#8220; use_icon_font_size=&#8220;on&#8220; icon_font_size=&#8220;24px&#8220; _builder_version=&#8220;4.5.3&#8243; custom_margin=&#8220;0px||3px||false|false&#8220; link_option_url=&#8220;https:\/\/doc.owncloud.com\/server\/developer_manual\/app\/advanced\/storage-backend.html&#8220; link_option_url_new_window=&#8220;on&#8220; custom_css_blurb_image=&#8220;margin: 0;\t&#8222;][\/et_pb_blurb][et_pb_text _builder_version=&#8220;4.5.3&#8243; text_font=&#8220;|600|||||||&#8220; text_text_color=&#8220;#4e85c8&#8243; link_option_url=&#8220;https:\/\/doc.owncloud.com\/server\/developer_manual\/app\/advanced\/storage-backend.html&#8220; link_option_url_new_window=&#8220;on&#8220;]<\/p>\n<p>Developer Manual<\/p>\n<p>[\/et_pb_text][\/et_pb_column][\/et_pb_row][\/et_pb_section]<\/p>\n","protected":false},"excerpt":{"rendered":"<p>Feature Storage API Erstellen Sie skalierbare benutzerdefinierte Integrationen f\u00fcr externe Speicher-Backends. Auch f\u00fcr Tapes.Die ownCloud Custom Storage Backend API erm\u00f6glicht die Integration von praktisch jedem Storage. Dadurch wird der Zugang zu grenzwertig alten Speichermedien wieder praktisch. Und sie erm\u00f6glicht es Unternehmen, je nach Abrufh\u00e4ufigkeit, Kosten und anderen Anforderungen die kosteng\u00fcnstigste Art der Datenspeicherung zu w\u00e4hlen.M\u00f6chten [&hellip;]<\/p>\n","protected":false},"author":7,"featured_media":78665,"parent":56046,"menu_order":0,"comment_status":"closed","ping_status":"closed","template":"","meta":{"_acf_changed":false,"_et_pb_use_builder":"on","_et_pb_old_content":"","_et_gb_content_width":"","inline_featured_image":false,"footnotes":""},"categories":[],"class_list":["post-68328","page","type-page","status-publish","has-post-thumbnail","hentry"],"acf":[],"_links":{"self":[{"href":"https:\/\/owncloud.com\/de\/wp-json\/wp\/v2\/pages\/68328","targetHints":{"allow":["GET"]}}],"collection":[{"href":"https:\/\/owncloud.com\/de\/wp-json\/wp\/v2\/pages"}],"about":[{"href":"https:\/\/owncloud.com\/de\/wp-json\/wp\/v2\/types\/page"}],"author":[{"embeddable":true,"href":"https:\/\/owncloud.com\/de\/wp-json\/wp\/v2\/users\/7"}],"replies":[{"embeddable":true,"href":"https:\/\/owncloud.com\/de\/wp-json\/wp\/v2\/comments?post=68328"}],"version-history":[{"count":2,"href":"https:\/\/owncloud.com\/de\/wp-json\/wp\/v2\/pages\/68328\/revisions"}],"predecessor-version":[{"id":68332,"href":"https:\/\/owncloud.com\/de\/wp-json\/wp\/v2\/pages\/68328\/revisions\/68332"}],"up":[{"embeddable":true,"href":"https:\/\/owncloud.com\/de\/wp-json\/wp\/v2\/pages\/56046"}],"wp:featuredmedia":[{"embeddable":true,"href":"https:\/\/owncloud.com\/de\/wp-json\/wp\/v2\/media\/78665"}],"wp:attachment":[{"href":"https:\/\/owncloud.com\/de\/wp-json\/wp\/v2\/media?parent=68328"}],"wp:term":[{"taxonomy":"category","embeddable":true,"href":"https:\/\/owncloud.com\/de\/wp-json\/wp\/v2\/categories?post=68328"}],"curies":[{"name":"wp","href":"https:\/\/api.w.org\/{rel}","templated":true}]}}