{"id":78733,"date":"2024-05-16T08:42:50","date_gmt":"2024-05-16T08:42:50","guid":{"rendered":"https:\/\/owncloud.com\/events\/rewatch-owncloud-conference-2021-videos-slides-copy\/"},"modified":"2024-05-18T09:52:20","modified_gmt":"2024-05-18T09:52:20","slug":"learntec-2024","status":"publish","type":"page","link":"https:\/\/owncloud.com\/de\/events\/learntec-2024\/","title":{"rendered":"Learntec 2024"},"content":{"rendered":"<p>[et_pb_section fb_built=&#8220;1&#8243; next_background_color=&#8220;#ffffff&#8220; _builder_version=&#8220;4.16&#8243; background_color=&#8220;#041e42&#8243; background_image=&#8220;https:\/\/owncloud.com\/wp-content\/uploads\/2020\/06\/Test12-1.svg&#8220; custom_padding=&#8220;||100px||false|false&#8220; bottom_divider_style=&#8220;slant&#8220; bottom_divider_flip=&#8220;horizontal&#8220; global_colors_info=&#8220;{}&#8220;][et_pb_row use_custom_gutter=&#8220;on&#8220; make_equal=&#8220;on&#8220; _builder_version=&#8220;4.16&#8243; custom_padding=&#8220;||||false|false&#8220; global_colors_info=&#8220;{}&#8220;][et_pb_column type=&#8220;4_4&#8243; _builder_version=&#8220;4.16&#8243; global_colors_info=&#8220;{}&#8220;][et_pb_text _builder_version=&#8220;4.25.1&#8243; header_text_align=&#8220;center&#8220; header_text_color=&#8220;#ffffff&#8220; header_font_size=&#8220;60px&#8220; text_orientation=&#8220;center&#8220; module_alignment=&#8220;center&#8220; custom_margin=&#8220;||10px||false|false&#8220; global_colors_info=&#8220;{}&#8220;]<\/p>\n<h1>LEARNTEC 2024<\/h1>\n<p>[\/et_pb_text][et_pb_text _builder_version=&#8220;4.25.1&#8243; header_text_color=&#8220;#4e85c8&#8243; header_3_text_color=&#8220;#4e85c8&#8243; header_4_text_color=&#8220;#4e85c8&#8243; text_orientation=&#8220;center&#8220; custom_margin=&#8220;||10px||false|false&#8220; global_colors_info=&#8220;{}&#8220;]<\/p>\n<h4><strong>04.-06. Juni in Karlsruhe<\/strong><\/h4>\n<p>[\/et_pb_text][et_pb_text _builder_version=&#8220;4.25.1&#8243; _module_preset=&#8220;default&#8220; text_text_color=&#8220;#FFFFFF&#8220; max_width=&#8220;600px&#8220; module_alignment=&#8220;center&#8220; global_colors_info=&#8220;{}&#8220;]<\/p>\n<p style=\"text-align: center;\">Wir freuen uns darauf, Sie auf der LEARNTEC auf dem Messestand unseres Partners Converge \u2028in der dm-arena S28 begr\u00fc\u00dfen zu d\u00fcrfen.<\/p>\n<p>[\/et_pb_text][\/et_pb_column][\/et_pb_row][\/et_pb_section][et_pb_section fb_built=&#8220;1&#8243; _builder_version=&#8220;4.16&#8243; _module_preset=&#8220;default&#8220; global_colors_info=&#8220;{}&#8220;][et_pb_row _builder_version=&#8220;4.25.1&#8243; _module_preset=&#8220;default&#8220; hover_enabled=&#8220;0&#8243; global_colors_info=&#8220;{}&#8220; custom_margin=&#8220;||||false|false&#8220; custom_padding=&#8220;||0px||false|false&#8220; sticky_enabled=&#8220;0&#8243;][et_pb_column type=&#8220;4_4&#8243; _builder_version=&#8220;4.16&#8243; _module_preset=&#8220;default&#8220; global_colors_info=&#8220;{}&#8220;][et_pb_text _builder_version=&#8220;4.25.1&#8243; _module_preset=&#8220;default&#8220; max_width=&#8220;700px&#8220; module_alignment=&#8220;center&#8220; hover_enabled=&#8220;0&#8243; global_colors_info=&#8220;{}&#8220; sticky_enabled=&#8220;0&#8243;]<\/p>\n<h2>Digitale Bildungswelten entdecken \u2013 SchulCloud<\/h2>\n<p><span style=\"color: #4e85c8;\"><strong>Besuchen Sie uns<\/strong><\/span><\/p>\n<p>Vom 4. bis 6. Juni findet die LEARNTEC \u2013 die digitale Bildungsmesse \u2013 in Karlsruhe statt. ownCloud ist zu Gast bei unserem Partner Converge auf dessen Messestand <strong>S28<\/strong> in der <strong>dm-arena<\/strong> vor Ort. Dort berichten wir von der positiven Erfahung einer stabilen souver\u00e4nen und datenschutzkonformen Schulcloud, welche auf der Basis von ownCloud Infinite Scale gemeinsam durch unseren Partner Converge verf\u00fcgbar ist.<\/p>\n<p>Unsere L\u00f6sungen bieten zielgruppengerechte Nutzererfahrung f\u00fcr Lehrende, Lernende sowie f\u00fcr die MitarbeiterInnen der Schulverwaltung und k\u00f6nnen mit datenschutzkonformen Produkten, z.B. im Bereich Video und Chat von unserem Partner OpenTalk erweitert werden.<br \/>Wir freuen uns Sie am Stand begr\u00fc\u00dfen zu d\u00fcrfen!.<\/p>\n<p>Melden Sie uns doch gerne vorab Ihren Besuch an,<br \/>unter <a href=\"mailto:sales@owncloud.com\">sales@owncloud.com<\/a> .<\/p>\n<p>[\/et_pb_text][et_pb_heading title=&#8220;Partner:&#8220; _builder_version=&#8220;4.25.1&#8243; _module_preset=&#8220;default&#8220; hover_enabled=&#8220;0&#8243; sticky_enabled=&#8220;0&#8243; title_level=&#8220;h4&#8243; title_font=&#8220;|600|||||||&#8220; max_width=&#8220;700px&#8220; module_alignment=&#8220;center&#8220; title_text_color=&#8220;#55606C&#8220; custom_margin=&#8220;0px||0px||true|false&#8220; custom_padding=&#8220;0px||0px||true|false&#8220;][\/et_pb_heading][\/et_pb_column][\/et_pb_row][et_pb_row _builder_version=&#8220;4.25.1&#8243; _module_preset=&#8220;default&#8220; hover_enabled=&#8220;0&#8243; global_colors_info=&#8220;{}&#8220; max_width=&#8220;700px&#8220; module_alignment=&#8220;center&#8220; sticky_enabled=&#8220;0&#8243; make_equal=&#8220;on&#8220; custom_padding=&#8220;15px||||false|false&#8220;][et_pb_column type=&#8220;4_4&#8243; _builder_version=&#8220;4.25.1&#8243; _module_preset=&#8220;default&#8220; hover_enabled=&#8220;0&#8243; global_colors_info=&#8220;{}&#8220; custom_css_main_element=&#8220;display: flex;||gap: 20px;||margin: 0;||padding: 0;&#8220; sticky_enabled=&#8220;0&#8243; custom_css_main_element_last_edited=&#8220;on|phone&#8220; custom_css_main_element_phone=&#8220;display: flex;||gap: 10px;||margin: 0;||padding: 0;&#8220; custom_css_main_element_tablet=&#8220;display: flex;||gap: 20px;||margin: 0;||padding: 0;&#8220;][et_pb_image src=&#8220;https:\/\/owncloud.com\/wp-content\/uploads\/2024\/05\/converge_logo.jpg&#8220; _builder_version=&#8220;4.25.1&#8243; _module_preset=&#8220;default&#8220; title_text=&#8220;converge_logo&#8220; max_width=&#8220;250px&#8220; hover_enabled=&#8220;0&#8243; sticky_enabled=&#8220;0&#8243; border_width_all=&#8220;1px&#8220; border_color_all=&#8220;rgba(148,150,158,0.5)&#8220; custom_margin=&#8220;0px|0px|0px|0px|true|true&#8220;][\/et_pb_image][et_pb_image src=&#8220;https:\/\/owncloud.com\/wp-content\/uploads\/2024\/05\/OpenTalk_LOGO_GELB_RGB.jpg&#8220; _builder_version=&#8220;4.25.1&#8243; _module_preset=&#8220;default&#8220; title_text=&#8220;OpenTalk_LOGO_GELB_RGB&#8220; max_width=&#8220;250px&#8220; hover_enabled=&#8220;0&#8243; sticky_enabled=&#8220;0&#8243; custom_margin=&#8220;0px|0px|0px|0px|true|true&#8220;][\/et_pb_image][\/et_pb_column][\/et_pb_row][\/et_pb_section]<\/p>\n","protected":false},"excerpt":{"rendered":"<p>Re-watch the talks and insights from the ownCloud Conference 2021!<\/p>\n","protected":false},"author":1,"featured_media":62980,"parent":75147,"menu_order":0,"comment_status":"closed","ping_status":"closed","template":"","meta":{"_acf_changed":false,"_et_pb_use_builder":"on","_et_pb_old_content":"","_et_gb_content_width":"","inline_featured_image":false,"footnotes":""},"categories":[],"class_list":["post-78733","page","type-page","status-publish","has-post-thumbnail","hentry"],"acf":[],"_links":{"self":[{"href":"https:\/\/owncloud.com\/de\/wp-json\/wp\/v2\/pages\/78733","targetHints":{"allow":["GET"]}}],"collection":[{"href":"https:\/\/owncloud.com\/de\/wp-json\/wp\/v2\/pages"}],"about":[{"href":"https:\/\/owncloud.com\/de\/wp-json\/wp\/v2\/types\/page"}],"author":[{"embeddable":true,"href":"https:\/\/owncloud.com\/de\/wp-json\/wp\/v2\/users\/1"}],"replies":[{"embeddable":true,"href":"https:\/\/owncloud.com\/de\/wp-json\/wp\/v2\/comments?post=78733"}],"version-history":[{"count":5,"href":"https:\/\/owncloud.com\/de\/wp-json\/wp\/v2\/pages\/78733\/revisions"}],"predecessor-version":[{"id":78746,"href":"https:\/\/owncloud.com\/de\/wp-json\/wp\/v2\/pages\/78733\/revisions\/78746"}],"up":[{"embeddable":true,"href":"https:\/\/owncloud.com\/de\/wp-json\/wp\/v2\/pages\/75147"}],"wp:featuredmedia":[{"embeddable":true,"href":"https:\/\/owncloud.com\/de\/wp-json\/wp\/v2\/media\/62980"}],"wp:attachment":[{"href":"https:\/\/owncloud.com\/de\/wp-json\/wp\/v2\/media?parent=78733"}],"wp:term":[{"taxonomy":"category","embeddable":true,"href":"https:\/\/owncloud.com\/de\/wp-json\/wp\/v2\/categories?post=78733"}],"curies":[{"name":"wp","href":"https:\/\/api.w.org\/{rel}","templated":true}]}}